{"id":8235,"date":"2017-09-19T14:09:12","date_gmt":"2017-09-19T14:09:12","guid":{"rendered":"https:\/\/egon.com\/?page_id=8235"},"modified":"2021-02-18T15:43:30","modified_gmt":"2021-02-18T15:43:30","slug":"online","status":"publish","type":"page","link":"https:\/\/www.egon.com\/de\/einsatzmoeglichkeiten\/online","title":{"rendered":"Pr\u00fcfen Sie Ihre Adresse jetzt online"},"content":{"rendered":"[vc_row row_h_align=&#8220;grid&#8211;center&#8220; wrapper=&#8220;true&#8220; holder_class=&#8220;u-section-hero-methodology u-overlapped-hero-padding&#8220; holder_set_margin=&#8220;true&#8220; holder_margin=&#8220;u-margin-bottom-large&#8220;][vc_column row_width=&#8220;_desktop-9&#8243;]<div class=\"c-heading\"><h1 class=\" u-h1 u-text-bolder u-margin-bottom u-text-center\">Pr\u00fcfen Sie Ihre Adresse jetzt online<\/h1><\/div>[vc_column_text txt_align=&#8220;u-text-center&#8220; set_margin=&#8220;true&#8220; margin=&#8220;u-margin-bottom-large&#8220;]Mit Egon Online zu arbeiten, das bedeutet, dass Sie \u00fcber Internet Zugriff auf eine einfache Eingabemaske f\u00fcr Daten haben, mit der Sie bei Bedarf eine einzelne Adresse pr\u00fcfen k\u00f6nnen, immer dann, wenn die Notwendigkeit dazu besteht.[\/vc_column_text][\/vc_column][\/vc_row][vc_row wrapper=&#8220;true&#8220;][vc_column width=&#8220;1\/3&#8243;]<div class=\"c-image\"><a href=\"https:\/\/www.egon.com\/wp-content\/uploads\/2017\/07\/address-validation-online.jpg\"><img loading=\"lazy\" decoding=\"async\" width=\"768\" height=\"960\" src=\"https:\/\/www.egon.com\/wp-content\/uploads\/2017\/09\/prufen-sie-ihre-adresse-jetzt-online-768x960.jpg\" class=\" u-margin-bottom aligncenter\" alt=\"Pr\u00fcfen Sie Ihre Adresse jetzt online\" srcset=\"https:\/\/www.egon.com\/wp-content\/uploads\/2017\/09\/prufen-sie-ihre-adresse-jetzt-online-768x960.jpg 768w, https:\/\/www.egon.com\/wp-content\/uploads\/2017\/09\/prufen-sie-ihre-adresse-jetzt-online-240x300.jpg 240w, https:\/\/www.egon.com\/wp-content\/uploads\/2017\/09\/prufen-sie-ihre-adresse-jetzt-online-819x1024.jpg 819w, https:\/\/www.egon.com\/wp-content\/uploads\/2017\/09\/prufen-sie-ihre-adresse-jetzt-online-336x420.jpg 336w, https:\/\/www.egon.com\/wp-content\/uploads\/2017\/09\/prufen-sie-ihre-adresse-jetzt-online.jpg 960w\" sizes=\"auto, (max-width: 768px) 100vw, 768px\" \/><\/a><\/div>[\/vc_column][vc_column width=&#8220;2\/3&#8243;][vc_column_text]Mit Egon Online k\u00f6nnen Sie die Daten von internationalen Adressen jederzeit und von jedem Arbeitsplatz aus korrigieren. Dazu ben\u00f6tigen Sie nur eine Internetverbindung.<\/p>\n<p>Folgende Features k\u00f6nnen genutzt werden:[\/vc_column_text]<div class=\" c-list c-list--color-one\"><ul>\n<li><i class=\"c-list__icon fal fa-check-circle\"><\/i><b>Kontrolle und Pr\u00fcfung der Adresse<\/b><\/li>\n<li><i class=\"c-list__icon fal fa-check-circle\"><\/i><b>automatische Vervollst\u00e4ndigung der leeren Felder<\/b><\/li>\n<li><i class=\"c-list__icon fal fa-check-circle\"><\/i><b>Einf\u00fcgen der Koordinaten<\/b><\/li>\n<li><i class=\"c-list__icon fal fa-check-circle\"><\/i><b>Anzeige auf der Landkarte<\/b><\/li>\n<\/ul>\n<\/div>[vc_column_text]Die Online-Dienste arbeiten mit interaktiven Kontrollen, die die Voraussetzungen daf\u00fcr schaffen, dass das System den Kunden in Echtzeit bei seinen Anfragen unterst\u00fctzt.<\/p>\n<p>Bereits bei Eingabe nur vom Ort erhalten Sie als Ergebnis die Angabe von PLZ, Stadt und Provinz, dank Unterst\u00fctzung durch die Option der automatischen Vervollst\u00e4ndigung (<a href=\"https:\/\/www.egon.com\/de\/einsatzmoeglichkeiten\/automatische-vervollstaendigung.html\">Autocomplete<\/a>).Bei Eingabe der vollst\u00e4ndigen Daten einer Adresse erhalten Sie als Ergebnis die genauen geografischen Koordinaten bis hin zur Hausnummer und haben au\u00dferdem die M\u00f6glichkeit, das Ergebnis auf einer Landkarte anzuzeigen (<a title=\"Geolokalisierung\" href=\"https:\/\/www.egon.com\/de\/loesungen\/geokodierung.html\">Geolokalisierung<\/a>).[\/vc_column_text][\/vc_column][\/vc_row][vc_row][vc_column]<div class=\"templatera_shortcode\"><div class=\"o-holder u-background-ca-one u-padding-vertical-large\"><div class=\" o-wrapper\"><div class=\"grid-1\"><div class=\"col _lap-and-up-12\" ><div class=\"c-heading\"><h3 class=\" u-text-color-invert u-text-center\">ENTDECKEN SIE, WIE UNSERE DATENVERWALTUNGSSOFTWARE IHNEN HELFEN KANN, DAMIT SICH IHR UNTERNEHMEN WEITERENTWICKELN KANN!<\/h3><\/div><div class=\"c-button-holder c-button-holder--center\"><a class=\"c-button u-text-bold c-button--center c-button--white  c-button--ghost\" href=\"https:\/\/www.egon.com\/company\/contact-us\">KONTAKTIEREN SIE UNS<\/a><\/div><\/div>\n<\/div><\/div><\/div>\r\n<\/div>[\/vc_column][\/vc_row]\n","protected":false},"excerpt":{"rendered":"ENTDECKEN SIE, WIE UNSERE DATENVERWALTUNGSSOFTWARE IHNEN HELFEN KANN, DAMIT SICH IHR UNTERNEHMEN WEITERENTWICKELN KANN!KONTAKTIEREN SIE UNS","protected":false},"author":1,"featured_media":0,"parent":8190,"menu_order":0,"comment_status":"closed","ping_status":"closed","template":"templates\/template-fullwidth.php","meta":{"footnotes":""},"class_list":["post-8235","page","type-page","status-publish","hentry"],"yoast_head":"<!-- This site is optimized with the Yoast SEO plugin v26.8 - https:\/\/yoast.com\/product\/yoast-seo-wordpress\/ -->\n<title>Pr\u00fcfen Sie Ihre Adresse jetzt online - EGON.COM<\/title>\n<meta name=\"description\" content=\"Egon Online: Mit einer einfachen Eingabemaske auf der Website k\u00f6nnen Sie jetzt Ihre Adresse eingeben und pr\u00fcfen.\" \/>\n<meta name=\"robots\" content=\"index, follow, max-snippet:-1, max-image-preview:large, max-video-preview:-1\" \/>\n<link rel=\"canonical\" href=\"https:\/\/www.egon.com\/de\/einsatzmoeglichkeiten\/online\" \/>\n<meta property=\"og:locale\" content=\"de_DE\" \/>\n<meta property=\"og:type\" content=\"article\" \/>\n<meta property=\"og:title\" content=\"Pr\u00fcfen Sie Ihre Adresse jetzt online - EGON.COM\" \/>\n<meta property=\"og:description\" content=\"Egon Online: Mit einer einfachen Eingabemaske auf der Website k\u00f6nnen Sie jetzt Ihre Adresse eingeben und pr\u00fcfen.\" \/>\n<meta property=\"og:url\" content=\"https:\/\/www.egon.com\/de\/einsatzmoeglichkeiten\/online\" \/>\n<meta property=\"og:site_name\" content=\"Egon\" \/>\n<meta property=\"article:modified_time\" content=\"2021-02-18T15:43:30+00:00\" \/>\n<meta name=\"twitter:card\" content=\"summary_large_image\" \/>\n<meta name=\"twitter:label1\" content=\"Gesch\u00e4tzte Lesezeit\" \/>\n\t<meta name=\"twitter:data1\" content=\"1\u00a0Minute\" \/>\n<script type=\"application\/ld+json\" class=\"yoast-schema-graph\">{\"@context\":\"https:\/\/schema.org\",\"@graph\":[{\"@type\":\"WebPage\",\"@id\":\"https:\/\/www.egon.com\/de\/einsatzmoeglichkeiten\/online\",\"url\":\"https:\/\/www.egon.com\/de\/einsatzmoeglichkeiten\/online\",\"name\":\"Pr\u00fcfen Sie Ihre Adresse jetzt online - EGON.COM\",\"isPartOf\":{\"@id\":\"https:\/\/www.egon.com\/zh\/#website\"},\"datePublished\":\"2017-09-19T14:09:12+00:00\",\"dateModified\":\"2021-02-18T15:43:30+00:00\",\"description\":\"Egon Online: Mit einer einfachen Eingabemaske auf der Website k\u00f6nnen Sie jetzt Ihre Adresse eingeben und pr\u00fcfen.\",\"breadcrumb\":{\"@id\":\"https:\/\/www.egon.com\/de\/einsatzmoeglichkeiten\/online#breadcrumb\"},\"inLanguage\":\"de\",\"potentialAction\":[{\"@type\":\"ReadAction\",\"target\":[\"https:\/\/www.egon.com\/de\/einsatzmoeglichkeiten\/online\"]}]},{\"@type\":\"BreadcrumbList\",\"@id\":\"https:\/\/www.egon.com\/de\/einsatzmoeglichkeiten\/online#breadcrumb\",\"itemListElement\":[{\"@type\":\"ListItem\",\"position\":1,\"name\":\"Home\",\"item\":\"https:\/\/www.egon.com\/de\"},{\"@type\":\"ListItem\",\"position\":2,\"name\":\"EINSATZM\u00d6GLICHKEITEN\",\"item\":\"https:\/\/www.egon.com\/de\/einsatzmoeglichkeiten\"},{\"@type\":\"ListItem\",\"position\":3,\"name\":\"Pr\u00fcfen Sie Ihre Adresse jetzt online\"}]},{\"@type\":\"WebSite\",\"@id\":\"https:\/\/www.egon.com\/zh\/#website\",\"url\":\"https:\/\/www.egon.com\/zh\/\",\"name\":\"Egon\",\"description\":\"Normalizzazione indirizzi - Address validation - Egon.com\",\"potentialAction\":[{\"@type\":\"SearchAction\",\"target\":{\"@type\":\"EntryPoint\",\"urlTemplate\":\"https:\/\/www.egon.com\/zh\/?s={search_term_string}\"},\"query-input\":{\"@type\":\"PropertyValueSpecification\",\"valueRequired\":true,\"valueName\":\"search_term_string\"}}],\"inLanguage\":\"de\"}]}<\/script>\n<!-- \/ Yoast SEO plugin. -->","yoast_head_json":{"title":"Pr\u00fcfen Sie Ihre Adresse jetzt online - EGON.COM","description":"Egon Online: Mit einer einfachen Eingabemaske auf der Website k\u00f6nnen Sie jetzt Ihre Adresse eingeben und pr\u00fcfen.","robots":{"index":"index","follow":"follow","max-snippet":"max-snippet:-1","max-image-preview":"max-image-preview:large","max-video-preview":"max-video-preview:-1"},"canonical":"https:\/\/www.egon.com\/de\/einsatzmoeglichkeiten\/online","og_locale":"de_DE","og_type":"article","og_title":"Pr\u00fcfen Sie Ihre Adresse jetzt online - EGON.COM","og_description":"Egon Online: Mit einer einfachen Eingabemaske auf der Website k\u00f6nnen Sie jetzt Ihre Adresse eingeben und pr\u00fcfen.","og_url":"https:\/\/www.egon.com\/de\/einsatzmoeglichkeiten\/online","og_site_name":"Egon","article_modified_time":"2021-02-18T15:43:30+00:00","twitter_card":"summary_large_image","twitter_misc":{"Gesch\u00e4tzte Lesezeit":"1\u00a0Minute"},"schema":{"@context":"https:\/\/schema.org","@graph":[{"@type":"WebPage","@id":"https:\/\/www.egon.com\/de\/einsatzmoeglichkeiten\/online","url":"https:\/\/www.egon.com\/de\/einsatzmoeglichkeiten\/online","name":"Pr\u00fcfen Sie Ihre Adresse jetzt online - EGON.COM","isPartOf":{"@id":"https:\/\/www.egon.com\/zh\/#website"},"datePublished":"2017-09-19T14:09:12+00:00","dateModified":"2021-02-18T15:43:30+00:00","description":"Egon Online: Mit einer einfachen Eingabemaske auf der Website k\u00f6nnen Sie jetzt Ihre Adresse eingeben und pr\u00fcfen.","breadcrumb":{"@id":"https:\/\/www.egon.com\/de\/einsatzmoeglichkeiten\/online#breadcrumb"},"inLanguage":"de","potentialAction":[{"@type":"ReadAction","target":["https:\/\/www.egon.com\/de\/einsatzmoeglichkeiten\/online"]}]},{"@type":"BreadcrumbList","@id":"https:\/\/www.egon.com\/de\/einsatzmoeglichkeiten\/online#breadcrumb","itemListElement":[{"@type":"ListItem","position":1,"name":"Home","item":"https:\/\/www.egon.com\/de"},{"@type":"ListItem","position":2,"name":"EINSATZM\u00d6GLICHKEITEN","item":"https:\/\/www.egon.com\/de\/einsatzmoeglichkeiten"},{"@type":"ListItem","position":3,"name":"Pr\u00fcfen Sie Ihre Adresse jetzt online"}]},{"@type":"WebSite","@id":"https:\/\/www.egon.com\/zh\/#website","url":"https:\/\/www.egon.com\/zh\/","name":"Egon","description":"Normalizzazione indirizzi - Address validation - Egon.com","potentialAction":[{"@type":"SearchAction","target":{"@type":"EntryPoint","urlTemplate":"https:\/\/www.egon.com\/zh\/?s={search_term_string}"},"query-input":{"@type":"PropertyValueSpecification","valueRequired":true,"valueName":"search_term_string"}}],"inLanguage":"de"}]}},"_links":{"self":[{"href":"https:\/\/www.egon.com\/de\/wp-json\/wp\/v2\/pages\/8235","targetHints":{"allow":["GET"]}}],"collection":[{"href":"https:\/\/www.egon.com\/de\/wp-json\/wp\/v2\/pages"}],"about":[{"href":"https:\/\/www.egon.com\/de\/wp-json\/wp\/v2\/types\/page"}],"author":[{"embeddable":true,"href":"https:\/\/www.egon.com\/de\/wp-json\/wp\/v2\/users\/1"}],"replies":[{"embeddable":true,"href":"https:\/\/www.egon.com\/de\/wp-json\/wp\/v2\/comments?post=8235"}],"version-history":[{"count":2,"href":"https:\/\/www.egon.com\/de\/wp-json\/wp\/v2\/pages\/8235\/revisions"}],"predecessor-version":[{"id":18002,"href":"https:\/\/www.egon.com\/de\/wp-json\/wp\/v2\/pages\/8235\/revisions\/18002"}],"up":[{"embeddable":true,"href":"https:\/\/www.egon.com\/de\/wp-json\/wp\/v2\/pages\/8190"}],"wp:attachment":[{"href":"https:\/\/www.egon.com\/de\/wp-json\/wp\/v2\/media?parent=8235"}],"curies":[{"name":"wp","href":"https:\/\/api.w.org\/{rel}","templated":true}]}}