{"id":8218,"date":"2017-09-19T13:58:59","date_gmt":"2017-09-19T13:58:59","guid":{"rendered":"https:\/\/egon.com\/?page_id=8218"},"modified":"2021-02-15T13:53:25","modified_gmt":"2021-02-15T13:53:25","slug":"integration","status":"publish","type":"page","link":"https:\/\/www.egon.com\/de\/einsatzmoeglichkeiten\/integration","title":{"rendered":"INTEGRATION"},"content":{"rendered":"[vc_row row_h_align=&#8220;grid&#8211;center&#8220; wrapper=&#8220;true&#8220; holder_class=&#8220;u-section-hero-methodology u-overlapped-hero-padding&#8220; holder_set_margin=&#8220;true&#8220; holder_margin=&#8220;u-margin-bottom-large&#8220;][vc_column row_width=&#8220;_desktop-9&#8243;]<div class=\"c-heading\"><h1 class=\" u-h1 u-text-bolder u-margin-bottom u-text-center\">INTEGRATION<\/h1><\/div>[vc_column_text txt_align=&#8220;u-text-center&#8220; set_margin=&#8220;true&#8220; margin=&#8220;u-margin-bottom-large&#8220;]Egon ist eine Software, die nicht nur mit massiver Stapelverarbeitung komplette Datenarchive bearbeiten kann, sondern auch in der Lage ist, sich bei Standardbetriebssystemen\u00a0in die Applikationen anderer Softwareh\u00e4user zu integrieren und mit diesen zusammenzuarbeiten.[\/vc_column_text][\/vc_column][\/vc_row][vc_row wrapper=&#8220;true&#8220;][vc_column][vc_column_text]Unabh\u00e4ngig davon, welche Software firmenintern f\u00fcr die Datenverarbeitung verwendet wird, k\u00f6nnen Sie durch die Erweiterung Ihrer Software bei Bedarf die Unterst\u00fctzung durch die Datenabgleichsfunktion\u00a0Engine Egon\u00a0in Anspruch zu nehmen und die Datenbereinigung oder die anderen Features zu nutzen, und zwar \u00fcber das\u00a0firmeninterne Intranet\u00a0oder \u00fcber das\u00a0Internet, je nach Installation, die Sie gew\u00e4hlt haben (On-Premise\u00a0oder\u00a0In the Cloud).<\/p>\n<p>Egon kann in jede beliebige Softwarel\u00f6sung integriert werden, einschlie\u00dflich der verbreiteten Standard Software-Infrastrukturen, in die Egon als\u00a0Plugin eingef\u00fcgt wird.[\/vc_column_text]<div class=\" c-divider c-divider--dashed\"\/><\/div>[\/vc_column][\/vc_row][vc_row wrapper=&#8220;true&#8220;][vc_column width=&#8220;1\/2&#8243;]<div class=\"c-heading\"><h3 class=\" u-text-bolder u-padding-vertical-small\">Integration in firmeninterne Applikationen (Online \u2013 Stapelverarbeitung)<\/h3><\/div>[vc_column_text]\u00dcber den Web-Dienst wird Egon in die firmeninterne Software integriert, die die Software in\u00a0Echtzeit\u00a0(Egon funktioniert online \u00fcber das Intranet der Firma oder \u00fcber das Internet direkt bei Gebrauch der Applikation zur Unterst\u00fctzung der Dateneingabe) nutzt,\u00a0oder inautomatischer\u00a0Stapelverarbeitunginnerhalb der Abl\u00e4ufe.Die Integration ist komplett unabh\u00e4ngig vom Bezugssystem (Windows, Linux, Unix, IBMi, Mainframe usw.) und kann f\u00fcr beliebige Software durchgef\u00fchrt werden:[\/vc_column_text]<div class=\" c-list c-list--color-one\"><ul>\n<li><i class=\"c-list__icon fal fa-check-circle\"><\/i>CRM<\/li>\n<li><i class=\"c-list__icon fal fa-check-circle\"><\/i>ERP<\/li>\n<li><i class=\"c-list__icon fal fa-check-circle\"><\/i>Software zur Dateneingabe<\/li>\n<li><i class=\"c-list__icon fal fa-check-circle\"><\/i>web<\/li>\n<li><i class=\"c-list__icon fal fa-check-circle\"><\/i>e-business<\/li>\n<\/ul>\n<\/div>[\/vc_column][vc_column width=&#8220;1\/2&#8243;]<div class=\"c-heading\"><h3 class=\" u-text-bolder u-padding-vertical-small\">Integration in Standardumgebungen (Enterprise application)<\/h3><\/div><div class=\" c-list c-list--color-one\"><p>In diesem Fall wird Egon in Form eines Plugins in das vorhandene Softwareumfeld eingef\u00fcgt, wie:<\/p>\n<ul>\n<li><i class=\"c-list__icon fal fa-check-circle\"><\/i>IBM<\/li>\n<li><i class=\"c-list__icon fal fa-check-circle\"><\/i>Oracle<\/li>\n<li><i class=\"c-list__icon fal fa-check-circle\"><\/i>Google<\/li>\n<li><i class=\"c-list__icon fal fa-check-circle\"><\/i>Microsoft<\/li>\n<li><i class=\"c-list__icon fal fa-check-circle\"><\/i>SAP<\/li>\n<li><i class=\"c-list__icon fal fa-check-circle\"><\/i>Windows<\/li>\n<\/ul>\n<\/div>[\/vc_column][\/vc_row][vc_row][vc_column]<div class=\"templatera_shortcode\"><div class=\"o-holder u-background-ca-one u-padding-vertical-large\"><div class=\" o-wrapper\"><div class=\"grid-1\"><div class=\"col _lap-and-up-12\" ><div class=\"c-heading\"><h3 class=\" u-text-color-invert u-text-center\">ENTDECKEN SIE, WIE UNSERE DATENVERWALTUNGSSOFTWARE IHNEN HELFEN KANN, DAMIT SICH IHR UNTERNEHMEN WEITERENTWICKELN KANN!<\/h3><\/div><div class=\"c-button-holder c-button-holder--center\"><a class=\"c-button u-text-bold c-button--center c-button--white  c-button--ghost\" href=\"https:\/\/www.egon.com\/company\/contact-us\">KONTAKTIEREN SIE UNS<\/a><\/div><\/div>\n<\/div><\/div><\/div>\r\n<\/div>[\/vc_column][\/vc_row]\n","protected":false},"excerpt":{"rendered":"ENTDECKEN SIE, WIE UNSERE DATENVERWALTUNGSSOFTWARE IHNEN HELFEN KANN, DAMIT SICH IHR UNTERNEHMEN WEITERENTWICKELN KANN!KONTAKTIEREN SIE UNS","protected":false},"author":1,"featured_media":0,"parent":8190,"menu_order":0,"comment_status":"closed","ping_status":"closed","template":"templates\/template-fullwidth.php","meta":{"footnotes":""},"class_list":["post-8218","page","type-page","status-publish","hentry"],"yoast_head":"<!-- This site is optimized with the Yoast SEO plugin v26.8 - https:\/\/yoast.com\/product\/yoast-seo-wordpress\/ -->\n<title>Integrieren Sie jetzt sofort Datenbereinigung in Ihre Applikation - Egon.com<\/title>\n<meta name=\"description\" content=\"Egon ist eine Software, die in der Lage ist, sich als Plugin bei Standardbetriebssystemen in beliebige Applikationen anderer Softwareh\u00e4user zu integrieren und mit diesen zusammenzuarbeiten (Enterprise Application).\" \/>\n<meta name=\"robots\" content=\"index, follow, max-snippet:-1, max-image-preview:large, max-video-preview:-1\" \/>\n<link rel=\"canonical\" href=\"https:\/\/www.egon.com\/de\/einsatzmoeglichkeiten\/integration\" \/>\n<meta property=\"og:locale\" content=\"de_DE\" \/>\n<meta property=\"og:type\" content=\"article\" \/>\n<meta property=\"og:title\" content=\"Integrieren Sie jetzt sofort Datenbereinigung in Ihre Applikation - Egon.com\" \/>\n<meta property=\"og:description\" content=\"Egon ist eine Software, die in der Lage ist, sich als Plugin bei Standardbetriebssystemen in beliebige Applikationen anderer Softwareh\u00e4user zu integrieren und mit diesen zusammenzuarbeiten (Enterprise Application).\" \/>\n<meta property=\"og:url\" content=\"https:\/\/www.egon.com\/de\/einsatzmoeglichkeiten\/integration\" \/>\n<meta property=\"og:site_name\" content=\"Egon\" \/>\n<meta property=\"article:modified_time\" content=\"2021-02-15T13:53:25+00:00\" \/>\n<meta name=\"twitter:card\" content=\"summary_large_image\" \/>\n<meta name=\"twitter:label1\" content=\"Gesch\u00e4tzte Lesezeit\" \/>\n\t<meta name=\"twitter:data1\" content=\"2\u00a0Minuten\" \/>\n<script type=\"application\/ld+json\" class=\"yoast-schema-graph\">{\"@context\":\"https:\/\/schema.org\",\"@graph\":[{\"@type\":\"WebPage\",\"@id\":\"https:\/\/www.egon.com\/de\/einsatzmoeglichkeiten\/integration\",\"url\":\"https:\/\/www.egon.com\/de\/einsatzmoeglichkeiten\/integration\",\"name\":\"Integrieren Sie jetzt sofort Datenbereinigung in Ihre Applikation - Egon.com\",\"isPartOf\":{\"@id\":\"https:\/\/www.egon.com\/zh\/#website\"},\"datePublished\":\"2017-09-19T13:58:59+00:00\",\"dateModified\":\"2021-02-15T13:53:25+00:00\",\"description\":\"Egon ist eine Software, die in der Lage ist, sich als Plugin bei Standardbetriebssystemen in beliebige Applikationen anderer Softwareh\u00e4user zu integrieren und mit diesen zusammenzuarbeiten (Enterprise Application).\",\"breadcrumb\":{\"@id\":\"https:\/\/www.egon.com\/de\/einsatzmoeglichkeiten\/integration#breadcrumb\"},\"inLanguage\":\"de\",\"potentialAction\":[{\"@type\":\"ReadAction\",\"target\":[\"https:\/\/www.egon.com\/de\/einsatzmoeglichkeiten\/integration\"]}]},{\"@type\":\"BreadcrumbList\",\"@id\":\"https:\/\/www.egon.com\/de\/einsatzmoeglichkeiten\/integration#breadcrumb\",\"itemListElement\":[{\"@type\":\"ListItem\",\"position\":1,\"name\":\"Home\",\"item\":\"https:\/\/www.egon.com\/de\"},{\"@type\":\"ListItem\",\"position\":2,\"name\":\"EINSATZM\u00d6GLICHKEITEN\",\"item\":\"https:\/\/www.egon.com\/de\/einsatzmoeglichkeiten\"},{\"@type\":\"ListItem\",\"position\":3,\"name\":\"INTEGRATION\"}]},{\"@type\":\"WebSite\",\"@id\":\"https:\/\/www.egon.com\/zh\/#website\",\"url\":\"https:\/\/www.egon.com\/zh\/\",\"name\":\"Egon\",\"description\":\"Normalizzazione indirizzi - Address validation - Egon.com\",\"potentialAction\":[{\"@type\":\"SearchAction\",\"target\":{\"@type\":\"EntryPoint\",\"urlTemplate\":\"https:\/\/www.egon.com\/zh\/?s={search_term_string}\"},\"query-input\":{\"@type\":\"PropertyValueSpecification\",\"valueRequired\":true,\"valueName\":\"search_term_string\"}}],\"inLanguage\":\"de\"}]}<\/script>\n<!-- \/ Yoast SEO plugin. -->","yoast_head_json":{"title":"Integrieren Sie jetzt sofort Datenbereinigung in Ihre Applikation - Egon.com","description":"Egon ist eine Software, die in der Lage ist, sich als Plugin bei Standardbetriebssystemen in beliebige Applikationen anderer Softwareh\u00e4user zu integrieren und mit diesen zusammenzuarbeiten (Enterprise Application).","robots":{"index":"index","follow":"follow","max-snippet":"max-snippet:-1","max-image-preview":"max-image-preview:large","max-video-preview":"max-video-preview:-1"},"canonical":"https:\/\/www.egon.com\/de\/einsatzmoeglichkeiten\/integration","og_locale":"de_DE","og_type":"article","og_title":"Integrieren Sie jetzt sofort Datenbereinigung in Ihre Applikation - Egon.com","og_description":"Egon ist eine Software, die in der Lage ist, sich als Plugin bei Standardbetriebssystemen in beliebige Applikationen anderer Softwareh\u00e4user zu integrieren und mit diesen zusammenzuarbeiten (Enterprise Application).","og_url":"https:\/\/www.egon.com\/de\/einsatzmoeglichkeiten\/integration","og_site_name":"Egon","article_modified_time":"2021-02-15T13:53:25+00:00","twitter_card":"summary_large_image","twitter_misc":{"Gesch\u00e4tzte Lesezeit":"2\u00a0Minuten"},"schema":{"@context":"https:\/\/schema.org","@graph":[{"@type":"WebPage","@id":"https:\/\/www.egon.com\/de\/einsatzmoeglichkeiten\/integration","url":"https:\/\/www.egon.com\/de\/einsatzmoeglichkeiten\/integration","name":"Integrieren Sie jetzt sofort Datenbereinigung in Ihre Applikation - Egon.com","isPartOf":{"@id":"https:\/\/www.egon.com\/zh\/#website"},"datePublished":"2017-09-19T13:58:59+00:00","dateModified":"2021-02-15T13:53:25+00:00","description":"Egon ist eine Software, die in der Lage ist, sich als Plugin bei Standardbetriebssystemen in beliebige Applikationen anderer Softwareh\u00e4user zu integrieren und mit diesen zusammenzuarbeiten (Enterprise Application).","breadcrumb":{"@id":"https:\/\/www.egon.com\/de\/einsatzmoeglichkeiten\/integration#breadcrumb"},"inLanguage":"de","potentialAction":[{"@type":"ReadAction","target":["https:\/\/www.egon.com\/de\/einsatzmoeglichkeiten\/integration"]}]},{"@type":"BreadcrumbList","@id":"https:\/\/www.egon.com\/de\/einsatzmoeglichkeiten\/integration#breadcrumb","itemListElement":[{"@type":"ListItem","position":1,"name":"Home","item":"https:\/\/www.egon.com\/de"},{"@type":"ListItem","position":2,"name":"EINSATZM\u00d6GLICHKEITEN","item":"https:\/\/www.egon.com\/de\/einsatzmoeglichkeiten"},{"@type":"ListItem","position":3,"name":"INTEGRATION"}]},{"@type":"WebSite","@id":"https:\/\/www.egon.com\/zh\/#website","url":"https:\/\/www.egon.com\/zh\/","name":"Egon","description":"Normalizzazione indirizzi - Address validation - Egon.com","potentialAction":[{"@type":"SearchAction","target":{"@type":"EntryPoint","urlTemplate":"https:\/\/www.egon.com\/zh\/?s={search_term_string}"},"query-input":{"@type":"PropertyValueSpecification","valueRequired":true,"valueName":"search_term_string"}}],"inLanguage":"de"}]}},"_links":{"self":[{"href":"https:\/\/www.egon.com\/de\/wp-json\/wp\/v2\/pages\/8218","targetHints":{"allow":["GET"]}}],"collection":[{"href":"https:\/\/www.egon.com\/de\/wp-json\/wp\/v2\/pages"}],"about":[{"href":"https:\/\/www.egon.com\/de\/wp-json\/wp\/v2\/types\/page"}],"author":[{"embeddable":true,"href":"https:\/\/www.egon.com\/de\/wp-json\/wp\/v2\/users\/1"}],"replies":[{"embeddable":true,"href":"https:\/\/www.egon.com\/de\/wp-json\/wp\/v2\/comments?post=8218"}],"version-history":[{"count":1,"href":"https:\/\/www.egon.com\/de\/wp-json\/wp\/v2\/pages\/8218\/revisions"}],"predecessor-version":[{"id":17988,"href":"https:\/\/www.egon.com\/de\/wp-json\/wp\/v2\/pages\/8218\/revisions\/17988"}],"up":[{"embeddable":true,"href":"https:\/\/www.egon.com\/de\/wp-json\/wp\/v2\/pages\/8190"}],"wp:attachment":[{"href":"https:\/\/www.egon.com\/de\/wp-json\/wp\/v2\/media?parent=8218"}],"curies":[{"name":"wp","href":"https:\/\/api.w.org\/{rel}","templated":true}]}}