{"id":8206,"date":"2017-09-19T13:53:41","date_gmt":"2017-09-19T13:53:41","guid":{"rendered":"https:\/\/egon.com\/?page_id=8206"},"modified":"2022-09-14T07:34:07","modified_gmt":"2022-09-14T07:34:07","slug":"batch","status":"publish","type":"page","link":"https:\/\/www.egon.com\/de\/einsatzmoeglichkeiten\/batch","title":{"rendered":"Adresspr\u00fcfung batch"},"content":{"rendered":"[vc_row row_h_align=&#8220;grid&#8211;center&#8220; wrapper=&#8220;true&#8220; holder_class=&#8220;u-section-hero-methodology u-overlapped-hero-padding&#8220; holder_set_margin=&#8220;true&#8220; holder_margin=&#8220;u-margin-bottom-large&#8220;][vc_column row_width=&#8220;_desktop-9&#8243;]<div class=\"c-heading\"><h1 class=\" u-h1 u-text-bolder u-margin-bottom u-text-center\">Adresspr\u00fcfung batch und adressvalidierung<\/h1><\/div>[vc_column_text txt_align=&#8220;u-text-center&#8220; set_margin=&#8220;true&#8220; margin=&#8220;u-margin-bottom-large&#8220;]Besitzen Sie eine Datenbank, die Adressen, personenbezogene Daten, die Daten von Kunden und Lieferanten usw. enth\u00e4lt, und m\u00f6chten Sie alle Fehler und Ungenauigkeiten der Daten beseitigen?[\/vc_column_text][\/vc_column][\/vc_row][vc_row wrapper=&#8220;true&#8220;][vc_column][vc_column_text]Egon ist in der Lage,\u00a0komplette Archive\u00a0zu verwalten, die Hunderttausende von Datens\u00e4tzen enthalten, eine\u00a0Datenbereinigung\u00a0durchzuf\u00fchren und als Ergebnis eine\u00a0standardisierte Datenbank\u00a0zu liefern, die mit eventuell fehlenden Daten\u00a0vervollst\u00e4ndigt\u00a0und\u00a0dedupliziert\u00a0worden ist.<\/p>\n<p>Die Stapelverarbeitung kann durch eine Installation unserer Software-Suite vor Ort in Ihrem Datencenter direkt in die firmeninternen Applikationen integriert werden, oder aber ganz einfach von den firmeninternen Applikationen aus \u00fcber das Internet auf unseren Remote-Servern aufgerufen werden.<\/p>\n<p>F\u00fcr die Verwaltung der Datenverarbeitung und die Bereinigung einzelner Dateien (einzelner Datenbanken) k\u00f6nnen Sie auch ganz bequem unseren\u00a0File Transfer\u00a0Webservice nutzen, \u00fcber den Sie uns Ihre Datenbank schicken k\u00f6nnen, die Sie dann von uns nach der Datenpr\u00fcfung und Standardisierung zur\u00fcck erhalten.[\/vc_column_text]<div class=\" c-divider c-divider--dashed\"\/><\/div>[\/vc_column][\/vc_row][vc_row wrapper=&#8220;true&#8220;][vc_column]<div class=\"c-heading\"><h3 class=\" u-text-bolder u-padding-vertical-small\">DIREKTE STANDARDISIERUNG IHRER DATENBANK (MIT FILE TRANSFER)<\/h3><\/div>[\/vc_column][\/vc_row][vc_row wrapper=&#8220;true&#8220;][vc_column width=&#8220;1\/3&#8243;]<div class=\"c-image\"><img loading=\"lazy\" decoding=\"async\" width=\"400\" height=\"267\" src=\"https:\/\/www.egon.com\/wp-content\/uploads\/2019\/04\/adresspru\u0308fung-batch-adressvalidierung-batch-400x267.jpg\" class=\" aligncenter\" alt=\"\" srcset=\"https:\/\/www.egon.com\/wp-content\/uploads\/2019\/04\/adresspru\u0308fung-batch-adressvalidierung-batch-400x267.jpg 400w, https:\/\/www.egon.com\/wp-content\/uploads\/2019\/04\/adresspru\u0308fung-batch-adressvalidierung-batch-768x512.jpg 768w, https:\/\/www.egon.com\/wp-content\/uploads\/2019\/04\/adresspru\u0308fung-batch-adressvalidierung-batch-1024x683.jpg 1024w, https:\/\/www.egon.com\/wp-content\/uploads\/2019\/04\/adresspru\u0308fung-batch-adressvalidierung-batch.jpg 1620w\" sizes=\"auto, (max-width: 400px) 100vw, 400px\" \/><\/div>[\/vc_column][vc_column width=&#8220;2\/3&#8243;][vc_column_text]Wenn Sie direkt eine\u00a0Datenbereinigung Ihrer Datenbank\u00a0durchf\u00fchren oder die verschiedenen, von uns angebotenen Dienste nutzen m\u00f6chten (Gekodierung, Dublettenabgleich, Vervollst\u00e4ndigung fehlender Daten, Einf\u00fcgen von PLZ, usw.), k\u00f6nnen Sie dies\u00a0direkt \u00fcber das Internet\u00a0tun und uns sofort Ihre Datei mit den Daten schicken. Wir \u00fcbernehmen Ihr Archiv und schicken es Ihnen innerhalb k\u00fcrzester Zeit vollst\u00e4ndig analysiert (mit statistischem Bericht \u00fcber die aktuelle \u201cG\u00fcte\u201d der vorhandenen Daten) und eventuell bereinigt zur\u00fcck.<\/p>\n<p>Sie ben\u00f6tigen keine besonderen Fachkenntnisse, um uns Ihre Daten zu schicken. Senden Sie uns einfach eine strukturierte Datei und wir liefern Ihnen jederzeit die Informationen, die Sie ben\u00f6tigen.[\/vc_column_text][\/vc_column][\/vc_row][vc_row wrapper=&#8220;true&#8220; holder_set_padding=&#8220;true&#8220; holder_padding=&#8220;u-padding&#8220;][vc_column]<div class=\" c-divider c-divider--dashed\"\/><\/div>[\/vc_column][vc_column width=&#8220;1\/2&#8243;]<div class=\"c-heading\"><h3 class=\" u-h4 u-text-bolder\">Kontaktieren Sie uns jetzt, wenn Sie sofort unsere Unterst\u00fctzung m\u00f6chten!<\/h3><\/div>[vc_column_text]Ihre Datei wird direkt in den\u00a0Engine Egon\u00a0eingespeist, der die erforderliche Datenverarbeitung durchf\u00fchrt:[\/vc_column_text]<div class=\" c-list c-list--color-one\"><ul>\n<li><i class=\"c-list__icon fal fa-check-circle\"><\/i>statistische Analyse<\/li>\n<li><i class=\"c-list__icon fal fa-check-circle\"><\/i>Datenpr\u00fcfung<\/li>\n<li><i class=\"c-list__icon fal fa-check-circle\"><\/i>eventuell verlangte Gekodierung u\/o Dublettenabgleich<\/li>\n<li><i class=\"c-list__icon fal fa-check-circle\"><\/i>Fehlermanagement<\/li>\n<li><i class=\"c-list__icon fal fa-check-circle\"><\/i>R\u00fcckgabe der bereinigten Datei<\/li>\n<\/ul>\n<\/div>[vc_column_text]Was passiert hinter den Kulissen?<\/p>\n<ul>\n<li>Sie erzeugen eine Datei mit den Daten in korrektem Format.<\/li>\n<li>Sie schicken uns die Datei mit den Web-Protokollen http oder ftp.<\/li>\n<li>Wir erhalten Ihre Datei.<\/li>\n<li>Wir strukturieren die erhaltenen Daten auf angemessene Weise.<\/li>\n<li>Wir speisen Ihre Daten in den Engine Egon ein.<\/li>\n<li>Sie geben Ihnen eine bereinigte Datei zur\u00fcck.<\/li>\n<li>Sie erhalten von und die bereinigten Daten und \u00fcberpr\u00fcfen diese.<\/li>\n<\/ul>\n[\/vc_column_text][\/vc_column][vc_column width=&#8220;1\/2&#8243; inner_bg_fx=&#8220;u-background-color-four&#8220; set_padding_inner=&#8220;true&#8220; padding_inner=&#8220;u-padding&#8220;]<div class=\"c-heading\"><h3 class=\" u-text-bolder\">GRATIS ONLINE-DEMO<\/h3><\/div><div id=\"onboarding-app\" class=\"app-root\"><\/div><script>!function (e) { function t(t) { for (var n, i, l = t[0], a = t[1], f = t[2], c = 0, s = []; c < l.length; c++)i = l[c], Object.prototype.hasOwnProperty.call(o, i) && o[i] && s.push(o[i][0]), o[i] = 0; for (n in a) Object.prototype.hasOwnProperty.call(a, n) && (e[n] = a[n]); for (p && p(t); s.length;)s.shift()(); return u.push.apply(u, f || []), r() } function r() { for (var e, t = 0; t < u.length; t++) { for (var r = u[t], n = !0, l = 1; l < r.length; l++) { var a = r[l]; 0 !== o[a] && (n = !1) } n && (u.splice(t--, 1), e = i(i.s = r[0])) } return e } var n = {}, o = { 1: 0 }, u = []; function i(t) { if (n[t]) return n[t].exports; var r = n[t] = { i: t, l: !1, exports: {} }; return e[t].call(r.exports, r, r.exports, i), r.l = !0, r.exports } i.m = e, i.c = n, i.d = function (e, t, r) { i.o(e, t) || Object.defineProperty(e, t, { enumerable: !0, get: r }) }, i.r = function (e) { \"undefined\" != typeof Symbol && Symbol.toStringTag && Object.defineProperty(e, Symbol.toStringTag, { value: \"Module\" }), Object.defineProperty(e, \"__esModule\", { value: !0 }) }, i.t = function (e, t) { if (1 & t && (e = i(e)), 8 & t) return e; if (4 & t && \"object\" == typeof e && e && e.__esModule) return e; var r = Object.create(null); if (i.r(r), Object.defineProperty(r, \"default\", { enumerable: !0, value: e }), 2 & t && \"string\" != typeof e) for (var n in e) i.d(r, n, function (t) { return e[t] }.bind(null, n)); return r }, i.n = function (e) { var t = e && e.__esModule ? function () { return e.default } : function () { return e }; return i.d(t, \"a\", t), t }, i.o = function (e, t) { return Object.prototype.hasOwnProperty.call(e, t) }, i.p = \"\/\"; var l = this[\"webpackJsonpa4-utility\"] = this[\"webpackJsonpa4-utility\"] || [], a = l.push.bind(l); l.push = t, l = l.slice(); for (var f = 0; f < l.length; f++)t(l[f]); var p = a; r() }([])<\/script>[\/vc_column][\/vc_row][vc_row wrapper=&#8220;true&#8220;][vc_column]<div class=\" c-divider c-divider--dashed\"\/><\/div><div class=\"c-heading\"><h3 class=\" u-text-bolder\">DATENBEREINIGUNG MIT MASSIVER STAPELVERARBEITUNG VOR ORT ODER \u00dcBER DAS INTERNET<\/h3><\/div>[vc_column_text]Die\u00a0Stapelverarbeitung, die bei vorhandenen Datenbest\u00e4nden in der \u201cmassiven\u201d Form abl\u00e4uft, kann durch Installation vor Ort auf dem firmeninternen Server (\u00fcber das vorhandene Intranet) durchgef\u00fchrt werden, oder aber \u00fcber das Internet:<\/p>\n<ul>\n<li><a href=\"https:\/\/www.egon.com\/de\/egon-on-site-on-premises-de\">Egon vor Ort<\/a>:\u00a0Diese Option, die in der Regel als \u201cOn-Premise\u201d bezeichnet wird, macht eine vorbereitende Phase erforderlich, in der unsere Spezialisten die Software\u00a0in der Firma der Kunden\u00a0installieren. Dabei handelt es sich um die klassische Version, die eine direkte Implementierung der Software in das firmeninterne Computernetz vor Ort vorsieht.<\/li>\n<li><a href=\"https:\/\/www.egon.com\/de\/egon-web-in-the-cloud-de\">Egon web<\/a>: In der Web-Version (In the Cloud) hat Egon die gleichen Features wie bei der Installation vor Ort, aber die Infrastruktur der Software und die entsprechenden Web-Dienste f\u00fcr die Verkn\u00fcpfung befinden sich ausgelagert auf\u00a0Remote-Servern, sodass sie nicht mehr firmenintern \u00fcber das Intranet genutzt werden, sondern online \u00fcber das\u00a0Internet.<\/li>\n<\/ul>\n<p>In beiden F\u00e4llen ist die Bereinigung ganzer Datenbanken, die Millionen von Adressen oder anderen personenbezogenen Daten enthalten k\u00f6nnen, ein automatischer Vorgang, der innerhalb k\u00fcrzester Zeit f\u00fcr einen deutlichen\u00a0Qualit\u00e4tssprungder firmeninternen Vorg\u00e4nge garantiert und damit f\u00fcr eine Optimierung der\u00a0Effizienz.[\/vc_column_text][\/vc_column][\/vc_row][vc_row][vc_column]<div class=\"templatera_shortcode\"><div class=\"o-holder u-background-ca-one u-padding-vertical-large\"><div class=\" o-wrapper\"><div class=\"grid-1\"><div class=\"col _lap-and-up-12\" ><div class=\"c-heading\"><h3 class=\" u-text-color-invert u-text-center\">SENDEN SIE UNS IHRE DATENBANK IN NUR WENIGEN KLICKS ZU!<\/h3><\/div><div class=\"c-text-block u-text-color-invert u-text-center\"><p>Egon kann hunderte Dateneintr\u00e4ge in der Minute verarbeiten. Verschwenden Sie keine Zeit, holen Sie das Beste aus Ihren Daten heraus<\/p>\n <\/div><div class=\"c-button-holder c-button-holder--center\"><a class=\"c-button c-button--center c-button--white  c-button--ghost\" href=\"https:\/\/www.egon.com\/egon-demo\">Testen Sie Egon jetzt!<\/a><\/div><\/div>\n<\/div><\/div><\/div><\/div>[\/vc_column][\/vc_row]\n","protected":false},"excerpt":{"rendered":"SENDEN SIE UNS IHRE DATENBANK IN NUR WENIGEN KLICKS ZU!Egon kann hunderte Dateneintr\u00e4ge in der Minute verarbeiten. Verschwenden Sie keine Zeit, holen [...]","protected":false},"author":1,"featured_media":0,"parent":8190,"menu_order":0,"comment_status":"closed","ping_status":"closed","template":"templates\/template-fullwidth.php","meta":{"footnotes":""},"class_list":["post-8206","page","type-page","status-publish","hentry"],"yoast_head":"<!-- This site is optimized with the Yoast SEO plugin v26.8 - https:\/\/yoast.com\/product\/yoast-seo-wordpress\/ -->\n<title>Adresspr\u00fcfung batch und adressvalidierung batch - EGON.COM<\/title>\n<meta name=\"description\" content=\"Egon Batch: Adresspr\u00fcfung, adressvalidierung, Gekodierung und Dublettenabgleich gro\u00dfer Datenbanken. Gratis Online-Demo!\" \/>\n<meta name=\"robots\" content=\"index, follow, max-snippet:-1, max-image-preview:large, max-video-preview:-1\" \/>\n<link rel=\"canonical\" href=\"https:\/\/www.egon.com\/de\/einsatzmoeglichkeiten\/batch\" \/>\n<meta property=\"og:locale\" content=\"de_DE\" \/>\n<meta property=\"og:type\" content=\"article\" \/>\n<meta property=\"og:title\" content=\"Adresspr\u00fcfung batch und adressvalidierung batch - EGON.COM\" \/>\n<meta property=\"og:description\" content=\"Egon Batch: Adresspr\u00fcfung, adressvalidierung, Gekodierung und Dublettenabgleich gro\u00dfer Datenbanken. Gratis Online-Demo!\" \/>\n<meta property=\"og:url\" content=\"https:\/\/www.egon.com\/de\/einsatzmoeglichkeiten\/batch\" \/>\n<meta property=\"og:site_name\" content=\"Egon\" \/>\n<meta property=\"article:modified_time\" content=\"2022-09-14T07:34:07+00:00\" \/>\n<meta name=\"twitter:card\" content=\"summary_large_image\" \/>\n<meta name=\"twitter:label1\" content=\"Gesch\u00e4tzte Lesezeit\" \/>\n\t<meta name=\"twitter:data1\" content=\"3\u00a0Minuten\" \/>\n<script type=\"application\/ld+json\" class=\"yoast-schema-graph\">{\"@context\":\"https:\/\/schema.org\",\"@graph\":[{\"@type\":\"WebPage\",\"@id\":\"https:\/\/www.egon.com\/de\/einsatzmoeglichkeiten\/batch\",\"url\":\"https:\/\/www.egon.com\/de\/einsatzmoeglichkeiten\/batch\",\"name\":\"Adresspr\u00fcfung batch und adressvalidierung batch - EGON.COM\",\"isPartOf\":{\"@id\":\"https:\/\/www.egon.com\/zh\/#website\"},\"datePublished\":\"2017-09-19T13:53:41+00:00\",\"dateModified\":\"2022-09-14T07:34:07+00:00\",\"description\":\"Egon Batch: Adresspr\u00fcfung, adressvalidierung, Gekodierung und Dublettenabgleich gro\u00dfer Datenbanken. Gratis Online-Demo!\",\"breadcrumb\":{\"@id\":\"https:\/\/www.egon.com\/de\/einsatzmoeglichkeiten\/batch#breadcrumb\"},\"inLanguage\":\"de\",\"potentialAction\":[{\"@type\":\"ReadAction\",\"target\":[\"https:\/\/www.egon.com\/de\/einsatzmoeglichkeiten\/batch\"]}]},{\"@type\":\"BreadcrumbList\",\"@id\":\"https:\/\/www.egon.com\/de\/einsatzmoeglichkeiten\/batch#breadcrumb\",\"itemListElement\":[{\"@type\":\"ListItem\",\"position\":1,\"name\":\"Home\",\"item\":\"https:\/\/www.egon.com\/de\"},{\"@type\":\"ListItem\",\"position\":2,\"name\":\"EINSATZM\u00d6GLICHKEITEN\",\"item\":\"https:\/\/www.egon.com\/de\/einsatzmoeglichkeiten\"},{\"@type\":\"ListItem\",\"position\":3,\"name\":\"Adresspr\u00fcfung batch\"}]},{\"@type\":\"WebSite\",\"@id\":\"https:\/\/www.egon.com\/zh\/#website\",\"url\":\"https:\/\/www.egon.com\/zh\/\",\"name\":\"Egon\",\"description\":\"Normalizzazione indirizzi - Address validation - Egon.com\",\"potentialAction\":[{\"@type\":\"SearchAction\",\"target\":{\"@type\":\"EntryPoint\",\"urlTemplate\":\"https:\/\/www.egon.com\/zh\/?s={search_term_string}\"},\"query-input\":{\"@type\":\"PropertyValueSpecification\",\"valueRequired\":true,\"valueName\":\"search_term_string\"}}],\"inLanguage\":\"de\"}]}<\/script>\n<!-- \/ Yoast SEO plugin. -->","yoast_head_json":{"title":"Adresspr\u00fcfung batch und adressvalidierung batch - EGON.COM","description":"Egon Batch: Adresspr\u00fcfung, adressvalidierung, Gekodierung und Dublettenabgleich gro\u00dfer Datenbanken. Gratis Online-Demo!","robots":{"index":"index","follow":"follow","max-snippet":"max-snippet:-1","max-image-preview":"max-image-preview:large","max-video-preview":"max-video-preview:-1"},"canonical":"https:\/\/www.egon.com\/de\/einsatzmoeglichkeiten\/batch","og_locale":"de_DE","og_type":"article","og_title":"Adresspr\u00fcfung batch und adressvalidierung batch - EGON.COM","og_description":"Egon Batch: Adresspr\u00fcfung, adressvalidierung, Gekodierung und Dublettenabgleich gro\u00dfer Datenbanken. Gratis Online-Demo!","og_url":"https:\/\/www.egon.com\/de\/einsatzmoeglichkeiten\/batch","og_site_name":"Egon","article_modified_time":"2022-09-14T07:34:07+00:00","twitter_card":"summary_large_image","twitter_misc":{"Gesch\u00e4tzte Lesezeit":"3\u00a0Minuten"},"schema":{"@context":"https:\/\/schema.org","@graph":[{"@type":"WebPage","@id":"https:\/\/www.egon.com\/de\/einsatzmoeglichkeiten\/batch","url":"https:\/\/www.egon.com\/de\/einsatzmoeglichkeiten\/batch","name":"Adresspr\u00fcfung batch und adressvalidierung batch - EGON.COM","isPartOf":{"@id":"https:\/\/www.egon.com\/zh\/#website"},"datePublished":"2017-09-19T13:53:41+00:00","dateModified":"2022-09-14T07:34:07+00:00","description":"Egon Batch: Adresspr\u00fcfung, adressvalidierung, Gekodierung und Dublettenabgleich gro\u00dfer Datenbanken. Gratis Online-Demo!","breadcrumb":{"@id":"https:\/\/www.egon.com\/de\/einsatzmoeglichkeiten\/batch#breadcrumb"},"inLanguage":"de","potentialAction":[{"@type":"ReadAction","target":["https:\/\/www.egon.com\/de\/einsatzmoeglichkeiten\/batch"]}]},{"@type":"BreadcrumbList","@id":"https:\/\/www.egon.com\/de\/einsatzmoeglichkeiten\/batch#breadcrumb","itemListElement":[{"@type":"ListItem","position":1,"name":"Home","item":"https:\/\/www.egon.com\/de"},{"@type":"ListItem","position":2,"name":"EINSATZM\u00d6GLICHKEITEN","item":"https:\/\/www.egon.com\/de\/einsatzmoeglichkeiten"},{"@type":"ListItem","position":3,"name":"Adresspr\u00fcfung batch"}]},{"@type":"WebSite","@id":"https:\/\/www.egon.com\/zh\/#website","url":"https:\/\/www.egon.com\/zh\/","name":"Egon","description":"Normalizzazione indirizzi - Address validation - Egon.com","potentialAction":[{"@type":"SearchAction","target":{"@type":"EntryPoint","urlTemplate":"https:\/\/www.egon.com\/zh\/?s={search_term_string}"},"query-input":{"@type":"PropertyValueSpecification","valueRequired":true,"valueName":"search_term_string"}}],"inLanguage":"de"}]}},"_links":{"self":[{"href":"https:\/\/www.egon.com\/de\/wp-json\/wp\/v2\/pages\/8206","targetHints":{"allow":["GET"]}}],"collection":[{"href":"https:\/\/www.egon.com\/de\/wp-json\/wp\/v2\/pages"}],"about":[{"href":"https:\/\/www.egon.com\/de\/wp-json\/wp\/v2\/types\/page"}],"author":[{"embeddable":true,"href":"https:\/\/www.egon.com\/de\/wp-json\/wp\/v2\/users\/1"}],"replies":[{"embeddable":true,"href":"https:\/\/www.egon.com\/de\/wp-json\/wp\/v2\/comments?post=8206"}],"version-history":[{"count":3,"href":"https:\/\/www.egon.com\/de\/wp-json\/wp\/v2\/pages\/8206\/revisions"}],"predecessor-version":[{"id":19352,"href":"https:\/\/www.egon.com\/de\/wp-json\/wp\/v2\/pages\/8206\/revisions\/19352"}],"up":[{"embeddable":true,"href":"https:\/\/www.egon.com\/de\/wp-json\/wp\/v2\/pages\/8190"}],"wp:attachment":[{"href":"https:\/\/www.egon.com\/de\/wp-json\/wp\/v2\/media?parent=8206"}],"curies":[{"name":"wp","href":"https:\/\/api.w.org\/{rel}","templated":true}]}}