{"id":8176,"date":"2017-09-19T13:43:56","date_gmt":"2017-09-19T13:43:56","guid":{"rendered":"https:\/\/egon.com\/?page_id=8176"},"modified":"2017-10-23T09:29:34","modified_gmt":"2017-10-23T09:29:34","slug":"e-business","status":"publish","type":"page","link":"https:\/\/www.egon.com\/de\/anwendungsbereiche\/e-business","title":{"rendered":"NORMALISIERUNG VON ADRESSEN UND STAMMDATEN F\u00dcR E-COMMERCE WEBSEITEN"},"content":{"rendered":"<p>Jeder Online-Shop macht die\u00a0<span>Eingabe pers\u00f6nlicher Daten des K\u00e4ufers<\/span>\u00a0(Stammdaten, Bankdaten, Adresse, usw.) beim Checkout oder bei der Registrierung als Benutzer erforderlich. Egon ist eine Multi-Plattform-Applikation, die sich perfekt in jede\u00a0<span>E-Commerce Webseite<\/span>\u00a0integrieren l\u00e4sst und ihren Beitrag zur\u00a0<span>Validierung der eingegebenen Daten<\/span>\u00a0leistet.<\/p>\n<p><span><img loading=\"lazy\" decoding=\"async\" class=\"alignnone wp-image-615 size-wps_child_large\" title=\"Validazione dati e indirizzi per e-commerce in real-time\" src=\"https:\/\/www.egon.com\/wp-content\/uploads\/2017\/07\/address-validation-checkout-ecommerce-website-820x400.jpg\" alt=\"Validazione dati e indirizzi per e-commerce in real-time\" width=\"820\" height=\"400\" \/><\/span><\/p>\n<p>Alle\u00a0<span>Daten, die vom Benutzer bei der Registrierung oder dem Checkout eingegeben werden, werden verarbeitet, gepr\u00fcft und gegebenenfalls korrigiert<\/span>\u00a0(mit der M\u00f6glichkeit eines Supports in Echtzeit bereits bei der Eingabe durch den Benutzer).<\/p>\n<p>Der Benutzer kann sogar mit\u00a0<span>obligatorischen Autovervollst\u00e4ndigungsfunktionen (Listenservice)<\/span>\u00a0bereits durch die Eingabe gef\u00fchrt werden. Das garantiert dem Online-Shop Betreiber, dass alle Daten korrekt, validiert und eventuell abglichen sind. So werden Fehler beim Versenden oder Probleme bei der Kommunikation und der Bearbeitung der Auftr\u00e4ge vermieden.<\/p>\n<p>Der Kauf von Produkten und Services direkt \u00fcber das Internet ist mittlerweile \u00fcblich geworden und es gibt zahlreiche\u00a0<span>Software- und CMS-L\u00f6sungen<\/span>, auch Open Source, die speziell f\u00fcr das Erstellen von\u00a0<span>E-Commerce Webseiten<\/span>\u00a0entwickelt worden sind (wie zum Beispiel Woocommerce f\u00fcr WordPress, Virtuemart f\u00fcr Joomla, Magento usw.).<\/p>\n<p>Das Internet nimmt deshalb heute f\u00fcr die Gesch\u00e4ftswelt eine Schl\u00fcsselstellung f\u00fcr das Erfassen der Daten potentieller oder reeller Kunden ein, mit bedeutenden Folgen sowohl aus juristischer Sicht als auch\u00a0<span>f\u00fcr die Datenbanken der Firmen mit den Kundenstammdaten<\/span>. Das Erfassen der Daten aus Online-Formularen hat den Vorteil, dass der Vorgang direkt durchgef\u00fchrt wird und deshalb einfach f\u00fcr den Benutzer ist, es d\u00fcrfen aber die weit verbreiteten Probleme nicht vernachl\u00e4ssigt werden, die durch eine schnelle und nicht gepr\u00fcfte Eingabe der pers\u00f6nlichen Daten der Benutzer entstehen, die es oft eilig haben und der Dateneingabe in die Formulare bei der Registrierung oder dem Checkout meistens nicht die erforderliche Aufmerksamkeit schenken. Ein professioneller Online-Shop muss in der Lage sein, damit umzugehen und diese Probleme zu beheben, bevor sie gr\u00f6\u00dfere Probleme nach sich ziehen.<\/p>\n","protected":false},"excerpt":{"rendered":"<p>Jeder Online-Shop macht die\u00a0Eingabe pers\u00f6nlicher Daten des K\u00e4ufers\u00a0(Stammdaten, Bankdaten, Adresse, usw.) beim Checkout oder bei der Registrierung als Benutzer erforderlich. Egon ist [&hellip;]<\/p>\n","protected":false},"author":1,"featured_media":0,"parent":8105,"menu_order":0,"comment_status":"closed","ping_status":"closed","template":"","meta":{"footnotes":""},"class_list":["post-8176","page","type-page","status-publish","hentry"],"yoast_head":"<!-- This site is optimized with the Yoast SEO plugin v26.8 - https:\/\/yoast.com\/product\/yoast-seo-wordpress\/ -->\n<title>Normalisierung von Adressen und Stammdaten f\u00fcr E-Commerce - Egon.com<\/title>\n<meta name=\"description\" content=\"Egon: Datenqualit\u00e4tsdienste f\u00fcr die Pr\u00fcfung von Adressen, die beim Kauf im Online-Shop beim Checkout eingegeben werden. Testen Sie die Demo!\" \/>\n<meta name=\"robots\" content=\"index, follow, max-snippet:-1, max-image-preview:large, max-video-preview:-1\" \/>\n<link rel=\"canonical\" href=\"https:\/\/www.egon.com\/de\/anwendungsbereiche\/e-business\" \/>\n<meta property=\"og:locale\" content=\"de_DE\" \/>\n<meta property=\"og:type\" content=\"article\" \/>\n<meta property=\"og:title\" content=\"Normalisierung von Adressen und Stammdaten f\u00fcr E-Commerce - Egon.com\" \/>\n<meta property=\"og:description\" content=\"Egon: Datenqualit\u00e4tsdienste f\u00fcr die Pr\u00fcfung von Adressen, die beim Kauf im Online-Shop beim Checkout eingegeben werden. Testen Sie die Demo!\" \/>\n<meta property=\"og:url\" content=\"https:\/\/www.egon.com\/de\/anwendungsbereiche\/e-business\" \/>\n<meta property=\"og:site_name\" content=\"Egon\" \/>\n<meta property=\"article:modified_time\" content=\"2017-10-23T09:29:34+00:00\" \/>\n<meta property=\"og:image\" content=\"https:\/\/www.egon.com\/wp-content\/uploads\/2017\/07\/address-validation-checkout-ecommerce-website-820x400.jpg\" \/>\n<meta name=\"twitter:card\" content=\"summary_large_image\" \/>\n<meta name=\"twitter:label1\" content=\"Gesch\u00e4tzte Lesezeit\" \/>\n\t<meta name=\"twitter:data1\" content=\"2\u00a0Minuten\" \/>\n<script type=\"application\/ld+json\" class=\"yoast-schema-graph\">{\"@context\":\"https:\/\/schema.org\",\"@graph\":[{\"@type\":\"WebPage\",\"@id\":\"https:\/\/www.egon.com\/de\/anwendungsbereiche\/e-business\",\"url\":\"https:\/\/www.egon.com\/de\/anwendungsbereiche\/e-business\",\"name\":\"Normalisierung von Adressen und Stammdaten f\u00fcr E-Commerce - Egon.com\",\"isPartOf\":{\"@id\":\"https:\/\/www.egon.com\/zh\/#website\"},\"primaryImageOfPage\":{\"@id\":\"https:\/\/www.egon.com\/de\/anwendungsbereiche\/e-business#primaryimage\"},\"image\":{\"@id\":\"https:\/\/www.egon.com\/de\/anwendungsbereiche\/e-business#primaryimage\"},\"thumbnailUrl\":\"https:\/\/www.egon.com\/wp-content\/uploads\/2017\/07\/address-validation-checkout-ecommerce-website-820x400.jpg\",\"datePublished\":\"2017-09-19T13:43:56+00:00\",\"dateModified\":\"2017-10-23T09:29:34+00:00\",\"description\":\"Egon: Datenqualit\u00e4tsdienste f\u00fcr die Pr\u00fcfung von Adressen, die beim Kauf im Online-Shop beim Checkout eingegeben werden. Testen Sie die Demo!\",\"breadcrumb\":{\"@id\":\"https:\/\/www.egon.com\/de\/anwendungsbereiche\/e-business#breadcrumb\"},\"inLanguage\":\"de\",\"potentialAction\":[{\"@type\":\"ReadAction\",\"target\":[\"https:\/\/www.egon.com\/de\/anwendungsbereiche\/e-business\"]}]},{\"@type\":\"ImageObject\",\"inLanguage\":\"de\",\"@id\":\"https:\/\/www.egon.com\/de\/anwendungsbereiche\/e-business#primaryimage\",\"url\":\"https:\/\/www.egon.com\/wp-content\/uploads\/2017\/07\/address-validation-checkout-ecommerce-website-820x400.jpg\",\"contentUrl\":\"https:\/\/www.egon.com\/wp-content\/uploads\/2017\/07\/address-validation-checkout-ecommerce-website-820x400.jpg\"},{\"@type\":\"BreadcrumbList\",\"@id\":\"https:\/\/www.egon.com\/de\/anwendungsbereiche\/e-business#breadcrumb\",\"itemListElement\":[{\"@type\":\"ListItem\",\"position\":1,\"name\":\"Home\",\"item\":\"https:\/\/www.egon.com\/de\"},{\"@type\":\"ListItem\",\"position\":2,\"name\":\"Applications\",\"item\":\"https:\/\/www.egon.com\/de\/anwendungsbereiche\"},{\"@type\":\"ListItem\",\"position\":3,\"name\":\"NORMALISIERUNG VON ADRESSEN UND STAMMDATEN F\u00dcR E-COMMERCE WEBSEITEN\"}]},{\"@type\":\"WebSite\",\"@id\":\"https:\/\/www.egon.com\/zh\/#website\",\"url\":\"https:\/\/www.egon.com\/zh\/\",\"name\":\"Egon\",\"description\":\"Normalizzazione indirizzi - Address validation - Egon.com\",\"potentialAction\":[{\"@type\":\"SearchAction\",\"target\":{\"@type\":\"EntryPoint\",\"urlTemplate\":\"https:\/\/www.egon.com\/zh\/?s={search_term_string}\"},\"query-input\":{\"@type\":\"PropertyValueSpecification\",\"valueRequired\":true,\"valueName\":\"search_term_string\"}}],\"inLanguage\":\"de\"}]}<\/script>\n<!-- \/ Yoast SEO plugin. -->","yoast_head_json":{"title":"Normalisierung von Adressen und Stammdaten f\u00fcr E-Commerce - Egon.com","description":"Egon: Datenqualit\u00e4tsdienste f\u00fcr die Pr\u00fcfung von Adressen, die beim Kauf im Online-Shop beim Checkout eingegeben werden. Testen Sie die Demo!","robots":{"index":"index","follow":"follow","max-snippet":"max-snippet:-1","max-image-preview":"max-image-preview:large","max-video-preview":"max-video-preview:-1"},"canonical":"https:\/\/www.egon.com\/de\/anwendungsbereiche\/e-business","og_locale":"de_DE","og_type":"article","og_title":"Normalisierung von Adressen und Stammdaten f\u00fcr E-Commerce - Egon.com","og_description":"Egon: Datenqualit\u00e4tsdienste f\u00fcr die Pr\u00fcfung von Adressen, die beim Kauf im Online-Shop beim Checkout eingegeben werden. Testen Sie die Demo!","og_url":"https:\/\/www.egon.com\/de\/anwendungsbereiche\/e-business","og_site_name":"Egon","article_modified_time":"2017-10-23T09:29:34+00:00","og_image":[{"url":"https:\/\/www.egon.com\/wp-content\/uploads\/2017\/07\/address-validation-checkout-ecommerce-website-820x400.jpg","type":"","width":"","height":""}],"twitter_card":"summary_large_image","twitter_misc":{"Gesch\u00e4tzte Lesezeit":"2\u00a0Minuten"},"schema":{"@context":"https:\/\/schema.org","@graph":[{"@type":"WebPage","@id":"https:\/\/www.egon.com\/de\/anwendungsbereiche\/e-business","url":"https:\/\/www.egon.com\/de\/anwendungsbereiche\/e-business","name":"Normalisierung von Adressen und Stammdaten f\u00fcr E-Commerce - Egon.com","isPartOf":{"@id":"https:\/\/www.egon.com\/zh\/#website"},"primaryImageOfPage":{"@id":"https:\/\/www.egon.com\/de\/anwendungsbereiche\/e-business#primaryimage"},"image":{"@id":"https:\/\/www.egon.com\/de\/anwendungsbereiche\/e-business#primaryimage"},"thumbnailUrl":"https:\/\/www.egon.com\/wp-content\/uploads\/2017\/07\/address-validation-checkout-ecommerce-website-820x400.jpg","datePublished":"2017-09-19T13:43:56+00:00","dateModified":"2017-10-23T09:29:34+00:00","description":"Egon: Datenqualit\u00e4tsdienste f\u00fcr die Pr\u00fcfung von Adressen, die beim Kauf im Online-Shop beim Checkout eingegeben werden. Testen Sie die Demo!","breadcrumb":{"@id":"https:\/\/www.egon.com\/de\/anwendungsbereiche\/e-business#breadcrumb"},"inLanguage":"de","potentialAction":[{"@type":"ReadAction","target":["https:\/\/www.egon.com\/de\/anwendungsbereiche\/e-business"]}]},{"@type":"ImageObject","inLanguage":"de","@id":"https:\/\/www.egon.com\/de\/anwendungsbereiche\/e-business#primaryimage","url":"https:\/\/www.egon.com\/wp-content\/uploads\/2017\/07\/address-validation-checkout-ecommerce-website-820x400.jpg","contentUrl":"https:\/\/www.egon.com\/wp-content\/uploads\/2017\/07\/address-validation-checkout-ecommerce-website-820x400.jpg"},{"@type":"BreadcrumbList","@id":"https:\/\/www.egon.com\/de\/anwendungsbereiche\/e-business#breadcrumb","itemListElement":[{"@type":"ListItem","position":1,"name":"Home","item":"https:\/\/www.egon.com\/de"},{"@type":"ListItem","position":2,"name":"Applications","item":"https:\/\/www.egon.com\/de\/anwendungsbereiche"},{"@type":"ListItem","position":3,"name":"NORMALISIERUNG VON ADRESSEN UND STAMMDATEN F\u00dcR E-COMMERCE WEBSEITEN"}]},{"@type":"WebSite","@id":"https:\/\/www.egon.com\/zh\/#website","url":"https:\/\/www.egon.com\/zh\/","name":"Egon","description":"Normalizzazione indirizzi - Address validation - Egon.com","potentialAction":[{"@type":"SearchAction","target":{"@type":"EntryPoint","urlTemplate":"https:\/\/www.egon.com\/zh\/?s={search_term_string}"},"query-input":{"@type":"PropertyValueSpecification","valueRequired":true,"valueName":"search_term_string"}}],"inLanguage":"de"}]}},"_links":{"self":[{"href":"https:\/\/www.egon.com\/de\/wp-json\/wp\/v2\/pages\/8176","targetHints":{"allow":["GET"]}}],"collection":[{"href":"https:\/\/www.egon.com\/de\/wp-json\/wp\/v2\/pages"}],"about":[{"href":"https:\/\/www.egon.com\/de\/wp-json\/wp\/v2\/types\/page"}],"author":[{"embeddable":true,"href":"https:\/\/www.egon.com\/de\/wp-json\/wp\/v2\/users\/1"}],"replies":[{"embeddable":true,"href":"https:\/\/www.egon.com\/de\/wp-json\/wp\/v2\/comments?post=8176"}],"version-history":[{"count":0,"href":"https:\/\/www.egon.com\/de\/wp-json\/wp\/v2\/pages\/8176\/revisions"}],"up":[{"embeddable":true,"href":"https:\/\/www.egon.com\/de\/wp-json\/wp\/v2\/pages\/8105"}],"wp:attachment":[{"href":"https:\/\/www.egon.com\/de\/wp-json\/wp\/v2\/media?parent=8176"}],"curies":[{"name":"wp","href":"https:\/\/api.w.org\/{rel}","templated":true}]}}