{"id":8148,"date":"2017-09-19T13:34:13","date_gmt":"2017-09-19T13:34:13","guid":{"rendered":"https:\/\/egon.com\/?page_id=8148"},"modified":"2017-10-03T17:27:51","modified_gmt":"2017-10-03T17:27:51","slug":"postversand-mailing","status":"publish","type":"page","link":"https:\/\/www.egon.com\/de\/anwendungsbereiche\/postversand-mailing","title":{"rendered":"EGON: VALIDIERUNG VON ADRESSEN F\u00dcR DEN POSTVERSAND"},"content":{"rendered":"<p>Der\u00a0<span>Postversand<\/span>\u00a0(oder\u00a0<span>Mailing<\/span>) ist eine T\u00e4tigkeit, die mit Daten und Informationen gesicherter Qualit\u00e4t unterst\u00fctzt werden muss, damit die gesamte Versandprozedur nicht beeintr\u00e4chtigt wird.<\/p>\n<h2>EGON: EINDEUTIGE UND AKTUELLE ADRESSEN F\u00dcR IHREN VERSAND<\/h2>\n<p>F\u00fcr einen korrekten Versand der Korrespondenz\u00a0<span>ben\u00f6tigt jede Firma g\u00fcltige Archive mit den Adressdaten<\/span>\u00a0der eigenen Kunden, wie Adresse, PLZ, usw., die\u00a0<span>konstant aktualisiert werden<\/span>. F\u00fcr ein Unternehmen f\u00fchrt eine nachl\u00e4ssige Handhabung vom Postversandzyklus ab der ersten Phase, bedingt durch Stammdaten und Kundendatenbanken, die nicht auf angemessene Weise\u00a0<span>normalisiert und aktualisiert<\/span>\u00a0werden, zu unangenehmen Situationen.<\/p>\n<p><img loading=\"lazy\" decoding=\"async\" class=\"alignnone wp-image-9157 size-wps_child_blog\" src=\"https:\/\/www.egon.com\/wp-content\/uploads\/2017\/09\/validierung-adressen-fur-postversand-820x400.jpg\" alt=\"Validierung von Adressen f\u00fcr den Postversand\" width=\"820\" height=\"400\" srcset=\"https:\/\/www.egon.com\/wp-content\/uploads\/2017\/09\/validierung-adressen-fur-postversand-820x400.jpg 820w, https:\/\/www.egon.com\/wp-content\/uploads\/2017\/09\/validierung-adressen-fur-postversand-400x194.jpg 400w\" sizes=\"auto, (max-width: 820px) 100vw, 820px\" \/><\/p>\n<p>Wenn der Postversand einer Firma f\u00fcr das Verwenden von Werbung oder anderen Kommunikationen nicht mit\u00a0<span>Prozeduren<\/span>\u00a0mit gesicherter\u00a0<span>Qualit\u00e4t<\/span>\u00a0und unter Verwendung korrekter Daten verwaltet wird, bringt das deutliche Nachteile mit sich:<\/p>\n<ul>\n<li><i>Kostenverschwendung<\/i>\u00a0(f\u00fcr unzustellbare Sendungen).<\/li>\n<li><em>Imagesch\u00e4digung<span>\u00a0(bei potentiellen Kunden oder Stammkunden, die Mitteilungen in doppelter oder dreifacher Ausf\u00fchrung erhalten)<\/span><\/em>.<\/li>\n<li><em>Unm\u00f6glichkeit, die Effizienz von Werbekampagnen zu \u00fcberpr\u00fcfen<\/em>\u00a0(wenn die Zustellung der Korrespondenz nicht sicher ist)<\/li>\n<\/ul>\n<h2>IHRE ADRESSE IM FERTIGEN FORMAT F\u00dcR DEN POSTVERSAND<\/h2>\n<p>Unsere Software-Suite wurde spezielle daf\u00fcr entwickelt, um Datenbanken zu analysieren, die Tausende von Adressen enthalten, und die Adressen zu\u00a0<a href=\"https:\/\/www.egon.com\/de\/loesungen\/adressprufung.html\">normalisieren<\/a>, einen\u00a0<a href=\"https:\/\/www.egon.com\/de\/loesungen\/dublettenabgleich.html\">Dublettenabgleich<\/a>\u00a0durchzuf\u00fchren (und doppelte Datens\u00e4tze zu eliminieren), den Adressen weitere Daten hinzuzuf\u00fcgen (zum Beispiel korrekte und aktualisierte PLZ) und die Adressen gegebenenfalls zu erg\u00e4nzen, indem die Daten der gleichen Benutzer aus verschiedenen Archiven zusammengef\u00fchrt werden.<\/p>\n<p>Einer der gro\u00dfen Vorteile von\u00a0<span>Egon<\/span>\u00a0ist die anwenderfreundliche Benutzung. Zweck ist die\u00a0<span>\u00dcbernahme einer beliebigen<\/span>, auch unvollst\u00e4ndigen\u00a0<span>Adresse<\/span>, deren\u00a0<span>Validierung<\/span>\u00a0mithilfe verschiedener interner Prozesse und die\u00a0<span>Ausgabe<\/span>\u00a0einer\u00a0<span>g\u00fcltigen<\/span>und vollst\u00e4ndigen\u00a0<span>Adresse<\/span>, die bereits das korrekte\u00a0<span>Format f\u00fcr den Postversand<\/span>\u00a0hat. F\u00fcr mehr Informationen \u00fcber unsere Dienste f\u00fcr die Normalisierung und Pr\u00fcfung von Adressen kontaktieren Sie uns jetzt gleich.<\/p>\n<p>Wenn Sie mehr \u00fcber unsere Dienste f\u00fcr die Datenpr\u00fcfung und Datenbereinigung erfahren m\u00f6chten,\u00a0<a title=\"kontakt\" href=\"https:\/\/www.egon.com\/de\/unternehmen\/kontakt.html\">dann setzen Sie sich einfach mit uns in Verbindung!<\/a><\/p>\n","protected":false},"excerpt":{"rendered":"<p>Der\u00a0Postversand\u00a0(oder\u00a0Mailing) ist eine T\u00e4tigkeit, die mit Daten und Informationen gesicherter Qualit\u00e4t unterst\u00fctzt werden muss, damit die gesamte Versandprozedur nicht beeintr\u00e4chtigt wird. EGON: [&hellip;]<\/p>\n","protected":false},"author":1,"featured_media":0,"parent":8105,"menu_order":0,"comment_status":"closed","ping_status":"closed","template":"","meta":{"footnotes":""},"class_list":["post-8148","page","type-page","status-publish","hentry"],"yoast_head":"<!-- This site is optimized with the Yoast SEO plugin v26.8 - https:\/\/yoast.com\/product\/yoast-seo-wordpress\/ -->\n<title>Validierung von Adressen f\u00fcr den Postversand - Egon.com<\/title>\n<meta name=\"description\" content=\"Egon normalisiert Tausende von Adressen schnell und genau und liefert sie im postalischen Format f\u00fcr den Postversand - Testen Sie die Demo!\" \/>\n<meta name=\"robots\" content=\"index, follow, max-snippet:-1, max-image-preview:large, max-video-preview:-1\" \/>\n<link rel=\"canonical\" href=\"https:\/\/www.egon.com\/de\/anwendungsbereiche\/postversand-mailing\" \/>\n<meta property=\"og:locale\" content=\"de_DE\" \/>\n<meta property=\"og:type\" content=\"article\" \/>\n<meta property=\"og:title\" content=\"Validierung von Adressen f\u00fcr den Postversand - Egon.com\" \/>\n<meta property=\"og:description\" content=\"Egon normalisiert Tausende von Adressen schnell und genau und liefert sie im postalischen Format f\u00fcr den Postversand - Testen Sie die Demo!\" \/>\n<meta property=\"og:url\" content=\"https:\/\/www.egon.com\/de\/anwendungsbereiche\/postversand-mailing\" \/>\n<meta property=\"og:site_name\" content=\"Egon\" \/>\n<meta property=\"article:modified_time\" content=\"2017-10-03T17:27:51+00:00\" \/>\n<meta property=\"og:image\" content=\"https:\/\/www.egon.com\/wp-content\/uploads\/2017\/09\/validierung-adressen-fur-postversand-820x400.jpg\" \/>\n<meta name=\"twitter:card\" content=\"summary_large_image\" \/>\n<meta name=\"twitter:label1\" content=\"Gesch\u00e4tzte Lesezeit\" \/>\n\t<meta name=\"twitter:data1\" content=\"2\u00a0Minuten\" \/>\n<script type=\"application\/ld+json\" class=\"yoast-schema-graph\">{\"@context\":\"https:\/\/schema.org\",\"@graph\":[{\"@type\":\"WebPage\",\"@id\":\"https:\/\/www.egon.com\/de\/anwendungsbereiche\/postversand-mailing\",\"url\":\"https:\/\/www.egon.com\/de\/anwendungsbereiche\/postversand-mailing\",\"name\":\"Validierung von Adressen f\u00fcr den Postversand - Egon.com\",\"isPartOf\":{\"@id\":\"https:\/\/www.egon.com\/zh\/#website\"},\"primaryImageOfPage\":{\"@id\":\"https:\/\/www.egon.com\/de\/anwendungsbereiche\/postversand-mailing#primaryimage\"},\"image\":{\"@id\":\"https:\/\/www.egon.com\/de\/anwendungsbereiche\/postversand-mailing#primaryimage\"},\"thumbnailUrl\":\"https:\/\/www.egon.com\/wp-content\/uploads\/2017\/09\/validierung-adressen-fur-postversand-820x400.jpg\",\"datePublished\":\"2017-09-19T13:34:13+00:00\",\"dateModified\":\"2017-10-03T17:27:51+00:00\",\"description\":\"Egon normalisiert Tausende von Adressen schnell und genau und liefert sie im postalischen Format f\u00fcr den Postversand - Testen Sie die Demo!\",\"breadcrumb\":{\"@id\":\"https:\/\/www.egon.com\/de\/anwendungsbereiche\/postversand-mailing#breadcrumb\"},\"inLanguage\":\"de\",\"potentialAction\":[{\"@type\":\"ReadAction\",\"target\":[\"https:\/\/www.egon.com\/de\/anwendungsbereiche\/postversand-mailing\"]}]},{\"@type\":\"ImageObject\",\"inLanguage\":\"de\",\"@id\":\"https:\/\/www.egon.com\/de\/anwendungsbereiche\/postversand-mailing#primaryimage\",\"url\":\"https:\/\/www.egon.com\/wp-content\/uploads\/2017\/09\/validierung-adressen-fur-postversand-820x400.jpg\",\"contentUrl\":\"https:\/\/www.egon.com\/wp-content\/uploads\/2017\/09\/validierung-adressen-fur-postversand-820x400.jpg\"},{\"@type\":\"BreadcrumbList\",\"@id\":\"https:\/\/www.egon.com\/de\/anwendungsbereiche\/postversand-mailing#breadcrumb\",\"itemListElement\":[{\"@type\":\"ListItem\",\"position\":1,\"name\":\"Home\",\"item\":\"https:\/\/www.egon.com\/de\"},{\"@type\":\"ListItem\",\"position\":2,\"name\":\"Applications\",\"item\":\"https:\/\/www.egon.com\/de\/anwendungsbereiche\"},{\"@type\":\"ListItem\",\"position\":3,\"name\":\"EGON: VALIDIERUNG VON ADRESSEN F\u00dcR DEN POSTVERSAND\"}]},{\"@type\":\"WebSite\",\"@id\":\"https:\/\/www.egon.com\/zh\/#website\",\"url\":\"https:\/\/www.egon.com\/zh\/\",\"name\":\"Egon\",\"description\":\"Normalizzazione indirizzi - Address validation - Egon.com\",\"potentialAction\":[{\"@type\":\"SearchAction\",\"target\":{\"@type\":\"EntryPoint\",\"urlTemplate\":\"https:\/\/www.egon.com\/zh\/?s={search_term_string}\"},\"query-input\":{\"@type\":\"PropertyValueSpecification\",\"valueRequired\":true,\"valueName\":\"search_term_string\"}}],\"inLanguage\":\"de\"}]}<\/script>\n<!-- \/ Yoast SEO plugin. -->","yoast_head_json":{"title":"Validierung von Adressen f\u00fcr den Postversand - Egon.com","description":"Egon normalisiert Tausende von Adressen schnell und genau und liefert sie im postalischen Format f\u00fcr den Postversand - Testen Sie die Demo!","robots":{"index":"index","follow":"follow","max-snippet":"max-snippet:-1","max-image-preview":"max-image-preview:large","max-video-preview":"max-video-preview:-1"},"canonical":"https:\/\/www.egon.com\/de\/anwendungsbereiche\/postversand-mailing","og_locale":"de_DE","og_type":"article","og_title":"Validierung von Adressen f\u00fcr den Postversand - Egon.com","og_description":"Egon normalisiert Tausende von Adressen schnell und genau und liefert sie im postalischen Format f\u00fcr den Postversand - Testen Sie die Demo!","og_url":"https:\/\/www.egon.com\/de\/anwendungsbereiche\/postversand-mailing","og_site_name":"Egon","article_modified_time":"2017-10-03T17:27:51+00:00","og_image":[{"url":"https:\/\/www.egon.com\/wp-content\/uploads\/2017\/09\/validierung-adressen-fur-postversand-820x400.jpg","type":"","width":"","height":""}],"twitter_card":"summary_large_image","twitter_misc":{"Gesch\u00e4tzte Lesezeit":"2\u00a0Minuten"},"schema":{"@context":"https:\/\/schema.org","@graph":[{"@type":"WebPage","@id":"https:\/\/www.egon.com\/de\/anwendungsbereiche\/postversand-mailing","url":"https:\/\/www.egon.com\/de\/anwendungsbereiche\/postversand-mailing","name":"Validierung von Adressen f\u00fcr den Postversand - Egon.com","isPartOf":{"@id":"https:\/\/www.egon.com\/zh\/#website"},"primaryImageOfPage":{"@id":"https:\/\/www.egon.com\/de\/anwendungsbereiche\/postversand-mailing#primaryimage"},"image":{"@id":"https:\/\/www.egon.com\/de\/anwendungsbereiche\/postversand-mailing#primaryimage"},"thumbnailUrl":"https:\/\/www.egon.com\/wp-content\/uploads\/2017\/09\/validierung-adressen-fur-postversand-820x400.jpg","datePublished":"2017-09-19T13:34:13+00:00","dateModified":"2017-10-03T17:27:51+00:00","description":"Egon normalisiert Tausende von Adressen schnell und genau und liefert sie im postalischen Format f\u00fcr den Postversand - Testen Sie die Demo!","breadcrumb":{"@id":"https:\/\/www.egon.com\/de\/anwendungsbereiche\/postversand-mailing#breadcrumb"},"inLanguage":"de","potentialAction":[{"@type":"ReadAction","target":["https:\/\/www.egon.com\/de\/anwendungsbereiche\/postversand-mailing"]}]},{"@type":"ImageObject","inLanguage":"de","@id":"https:\/\/www.egon.com\/de\/anwendungsbereiche\/postversand-mailing#primaryimage","url":"https:\/\/www.egon.com\/wp-content\/uploads\/2017\/09\/validierung-adressen-fur-postversand-820x400.jpg","contentUrl":"https:\/\/www.egon.com\/wp-content\/uploads\/2017\/09\/validierung-adressen-fur-postversand-820x400.jpg"},{"@type":"BreadcrumbList","@id":"https:\/\/www.egon.com\/de\/anwendungsbereiche\/postversand-mailing#breadcrumb","itemListElement":[{"@type":"ListItem","position":1,"name":"Home","item":"https:\/\/www.egon.com\/de"},{"@type":"ListItem","position":2,"name":"Applications","item":"https:\/\/www.egon.com\/de\/anwendungsbereiche"},{"@type":"ListItem","position":3,"name":"EGON: VALIDIERUNG VON ADRESSEN F\u00dcR DEN POSTVERSAND"}]},{"@type":"WebSite","@id":"https:\/\/www.egon.com\/zh\/#website","url":"https:\/\/www.egon.com\/zh\/","name":"Egon","description":"Normalizzazione indirizzi - Address validation - Egon.com","potentialAction":[{"@type":"SearchAction","target":{"@type":"EntryPoint","urlTemplate":"https:\/\/www.egon.com\/zh\/?s={search_term_string}"},"query-input":{"@type":"PropertyValueSpecification","valueRequired":true,"valueName":"search_term_string"}}],"inLanguage":"de"}]}},"_links":{"self":[{"href":"https:\/\/www.egon.com\/de\/wp-json\/wp\/v2\/pages\/8148","targetHints":{"allow":["GET"]}}],"collection":[{"href":"https:\/\/www.egon.com\/de\/wp-json\/wp\/v2\/pages"}],"about":[{"href":"https:\/\/www.egon.com\/de\/wp-json\/wp\/v2\/types\/page"}],"author":[{"embeddable":true,"href":"https:\/\/www.egon.com\/de\/wp-json\/wp\/v2\/users\/1"}],"replies":[{"embeddable":true,"href":"https:\/\/www.egon.com\/de\/wp-json\/wp\/v2\/comments?post=8148"}],"version-history":[{"count":0,"href":"https:\/\/www.egon.com\/de\/wp-json\/wp\/v2\/pages\/8148\/revisions"}],"up":[{"embeddable":true,"href":"https:\/\/www.egon.com\/de\/wp-json\/wp\/v2\/pages\/8105"}],"wp:attachment":[{"href":"https:\/\/www.egon.com\/de\/wp-json\/wp\/v2\/media?parent=8148"}],"curies":[{"name":"wp","href":"https:\/\/api.w.org\/{rel}","templated":true}]}}