{"id":8105,"date":"2017-09-19T13:15:00","date_gmt":"2017-09-19T13:15:00","guid":{"rendered":"https:\/\/egon.com\/?page_id=8105"},"modified":"2019-02-20T10:46:26","modified_gmt":"2019-02-20T10:46:26","slug":"anwendungsbereiche","status":"publish","type":"page","link":"https:\/\/www.egon.com\/de\/anwendungsbereiche","title":{"rendered":"Applications"},"content":{"rendered":"[vc_row row_h_align=&#8220;grid&#8211;center&#8220; wrapper=&#8220;true&#8220; holder_class=&#8220;u-section-hero-applications u-overlapped-hero-padding&#8220; holder_set_margin=&#8220;true&#8220; holder_margin=&#8220;u-margin-bottom-large&#8220;][vc_column row_width=&#8220;_desktop-9&#8243;][vc_column_text]\n<h3 class=\"u-text-large\">EINSATZM\u00d6GLICHKEITEN<\/h3>\n<p class=\"u-text-thinner u-h3\">Validieren, Deduplizieren und Aufrechterhalten von genauen und lieferbaren Adressdaten.<\/p>\n[\/vc_column_text]<a class=\"c-button u-margin-bottom c-button--primary\" href=\"https:\/\/www.egon.com\/company\/contact-us\">INFORMATIONEN ANFORDERN<\/a><a class=\"c-button u-margin-right u-margin-bottom u-margin-left c-button--secondary\" href=\"https:\/\/www.egon.com\/egon-demo\">GRATIS WEB-DEMO <\/a>[vc_column_text]\n<ul>\n<li><em>Batch-Validierung von Datenbanken mit tausenden Adressen und Kontaktdaten<br \/>\n<\/em><\/li>\n<li><em>Echtzeit-Validierung mit Vorschl\u00e4gen und Autocomplete-Funktion auf Ihrer Website oder App<\/em><\/li>\n<li><em>Transliteration und Postformatierung, versandbereit<\/em><\/li>\n<\/ul>\n[\/vc_column_text][\/vc_column][\/vc_row][vc_row wrapper=&#8220;true&#8220;][vc_column width=&#8220;2\/3&#8243;][vc_column_text]<span>Customer Relationship Management (CRM):\u00a0<\/span>Unterst\u00fctzung von CRM-Applikationen zur Optimierung von Werbeaktionen.<\/p>\n<p><span>Data Warehousing und Migration:\u00a0<\/span>Validierung und Erg\u00e4nzung von Daten, die aus unterschiedlichen Quellen stammen, sodass f\u00fcr die G\u00fcte, die Genauigkeit und Einheitlichkeit der Informationen sowie deren konstante Aktualisierung garantiert ist, auch in den heiklen Phasen der Migration in neue Systeme.<\/p>\n<p><span>Enterprise Resource Planning (ERP):\u00a0<\/span>Unterst\u00fctzung vom Datenmanagement direkt in den ERP-Anwendungen.<\/p>\n<p><span>E-Business:\u00a0<\/span>Unterst\u00fctzung von E-Business Projekten und webbasierten Applikationen mit dem Ziel, die Fehler direkt bei der Registrierung der Benutzer herauszufiltern.<\/p>\n<p><span>Mailing:\u00a0<\/span>In den Mailing-Kampagnen mit dem Ziel, die Performance im Hinblick auf den Versand zu optimieren, unerw\u00fcnschten Zonen oder Personen (Screening) zu ermitteln, die Daten anhand der verlangten Regeln vorzubereiten und zu ordnen (Formatting) und f\u00fcr eine gute Zustellbarkeit in kurzer Zeit zu garantieren.<\/p>\n<p><span>Direct Marketing Aktionen:<\/span>\u00a0Bei Direct Mailing Aktionen ist die Qualit\u00e4t der von den Auftraggebern gelieferten Daten oft mangelhaft. Die Pr\u00fcfung und Standardisierung der Listen vor dem Starten einer Aktion vermeidet die R\u00fccksendung unzustellbarer Sendungen, eliminiert die oft beachtlichen Kosten f\u00fcr die erneute Zusendung der Mitteilungen und senkt den Zeitaufwand und die Verwaltungskosten deutlich.<\/p>\n<p><span>Call Center:\u00a0<\/span>Die Betreiber von Call-Center stehen oft unter beachtlichem Zeitdruck und die Qualit\u00e4t und Genauigkeit der Informationen ist deshalb von ausschlaggebender Bedeutung. Die automatische Pr\u00fcfung der Daten, die von den Betreibern von Call-Center geliefert werden, erlaubt eine maximale Einschr\u00e4nkung von Fehlern und eine Optimierung von Zeiten und Kosten.<\/p>\n<p><span>Web-Portale:\u00a0<\/span>Die Daten, die aus dem Internet stammen, wie zum Beispiel die von den Kunden oder Interessenten selbst eingegebenen Daten, sind in der Regel unzuverl\u00e4ssig oder falsch. Die Datenpr\u00fcfung im Zusammenhang mit der Registrierung der Benutzer auf einer Website garantiert f\u00fcr bessere Qualit\u00e4t und Genauigkeit der wertvollen, gesammelten Informationen.<\/p>\n<p><span>Dateneingabe:<\/span>\u00a0Wenn die Daten in externen Datenverarbeitungszentren oder anderen Situationen von ungelerntem Personal erfasst werden, ist die Bereitstellung einer Unterst\u00fctzung bei der Dateneingabe der Schl\u00fcssel f\u00fcr die Datenqualit\u00e4t und die Fehlerreduzierung.<\/p>\n<p><span>Verlage:\u00a0<\/span>Unternehmen, die Kataloge und Prospekte ihrer Produkte per Post versenden wissen aus eigener Erfahrung, wie gro\u00df der Aufwand f\u00fcr eine Verwaltung der unzustellbaren Sendungen und die nachtr\u00e4gliche \u00dcberpr\u00fcfung der einzelnen Adressen ist. Das System zur Datenpr\u00fcfung jPuzzle bietet eine einzige L\u00f6sung f\u00fcr alle Probleme, die im Zusammenhang mit Stammdaten auftreten, darunter zum Beispiel \u00c4nderungen der PLZ, die automatisch auch f\u00fcr Altdaten verwaltet werden.[\/vc_column_text][\/vc_column][vc_column width=&#8220;1\/3&#8243;]<div class=\"templatera_shortcode\"><div class=\"grid-1\"><div class=\"col _lap-and-up-12\" ><div class=\"c-cta c-cta--style-one\"><a href=\"https:\/\/www.egon.com\/egon-demo\" class=\"c-cta__link\"><div class=\"c-cta__content\"><div class=\"c-cta__label-one\">GRATIS ONLINE-DEMO<\/div><div class=\"c-cta__label-two\">Testen Sie jetzt Ihr Gratis-Demo online!<\/div><span class=\"c-button c-button--center c-button--white c-cta__button\">Testen Sie jetzt<\/span><\/div><?xml version=\"1.0\" encoding=\"utf-8\"?>\r\n\t<svg class=\"c-cta__symbol\" xmlns=\"http:\/\/www.w3.org\/2000\/svg\" width=\"487\" height=\"487\" viewBox=\"0 0 487 487\">\r\n\t\t<path fill=\"none\" fill-rule=\"evenodd\" stroke=\"#FFF\" stroke-dasharray=\"2,5\" d=\"M243.5 1C109.789 1 1 109.783 1 243.5 1 377.217 109.789 486 243.5 486 377.21 486 486 377.217 486 243.5 486 109.783 377.21 1 243.5 1zM24.68 255.048h92.092c.783 33.126 4.86 64.271 11.692 92.38H50.342c-14.988-27.744-23.918-59.122-25.662-92.38zm230.368-138.572V25.617c29.453 7.246 55.552 41.763 72.447 90.86h-72.447zm79.523 23.095c7.316 27.895 11.708 59.33 12.571 92.381h-92.094v-92.38h79.523zM231.952 25.617v90.86h-72.447c16.895-49.097 42.994-83.614 72.447-90.86zm0 113.954v92.381h-92.094c.862-33.05 5.255-64.486 12.57-92.38h79.524zm-115.18 92.381H24.68c1.744-33.258 10.674-64.636 25.662-92.38h78.122c-6.832 28.109-10.91 59.254-11.692 92.38zm23.086 23.096h92.094v92.38h-79.524c-7.315-27.894-11.708-59.33-12.57-92.38zm92.094 115.476v90.859c-29.453-7.246-55.552-41.763-72.447-90.86h72.447zm23.096 90.859v-90.86h72.447c-16.895 49.097-42.994 83.614-72.447 90.86zm0-113.954v-92.381h92.094c-.863 33.05-5.255 64.486-12.57 92.38h-79.524zm115.18-92.381h92.091c-1.744 33.258-10.673 64.636-25.661 92.38h-78.122c6.832-28.109 10.909-59.254 11.692-92.38zm0-23.096c-.783-33.126-4.86-64.271-11.692-92.38h78.122c14.988 27.744 23.917 59.122 25.661 92.38h-92.091zm51.834-115.476h-69.968c-10.85-34.233-25.98-62.62-44.145-82.687 46.56 14.34 86.422 43.878 114.113 82.687zM179.05 33.79c-18.164 20.067-33.295 48.454-44.144 82.687H64.938C92.629 77.667 132.49 48.128 179.05 33.79zM64.938 370.524h69.968c10.849 34.233 25.98 62.62 44.144 82.687-46.56-14.34-86.421-43.878-114.112-82.687zm243.011 82.687c18.165-20.067 33.296-48.454 44.145-82.687h69.968c-27.691 38.809-67.553 68.348-114.113 82.687z\" opacity=\".9\"\/>\r\n\t<\/svg><\/a><\/div><\/div>\n<\/div><div class=\"grid-1\"><div class=\"col _lap-and-up-12\" ><div class=\"c-lbox c-lbox--style-one\"><a href=\"https:\/\/www.egon.com\/web-in-the-cloud\" class=\"c-lbox__link\"><div class=\"c-lbox__content\"><div class=\"c-lbox__label-one\">Egon Web<\/div><div class=\"c-lbox__label-two\">IN DER CLOUD<\/div><\/div><?xml version=\"1.0\" encoding=\"UTF-8\"?>\r\n\t<svg class=\"c-lbox__arrow\" width=\"11px\" height=\"25px\" viewBox=\"0 0 11 25\" version=\"1.1\" xmlns=\"http:\/\/www.w3.org\/2000\/svg\" xmlns:xlink=\"http:\/\/www.w3.org\/1999\/xlink\">\r\n\t\t<g id=\"Page-1\" stroke=\"none\" stroke-width=\"1\" fill=\"none\" fill-rule=\"evenodd\" stroke-linecap=\"round\" stroke-linejoin=\"round\">\r\n\t\t\t<g id=\"Egon-Batch-Sidebar\" class=\"line\" transform=\"translate(-1337.000000, -463.000000)\" stroke=\"#42CFF4\">\r\n\t\t\t\t<polyline id=\"Path\" points=\"1338.1 463.1 1346.9 475.2 1338.1 487.3\"><\/polyline>\r\n\t\t\t<\/g>\r\n\t\t<\/g>\r\n\t<\/svg><\/a><\/div><div class=\"c-lbox c-lbox--style-two\"><a href=\"https:\/\/www.egon.com\/on-site-on-premises\" class=\"c-lbox__link\"><div class=\"c-lbox__content\"><div class=\"c-lbox__label-one\">Egon OnSite<\/div><div class=\"c-lbox__label-two\">BEI IHNEN<\/div><\/div><?xml version=\"1.0\" encoding=\"UTF-8\"?>\r\n\t<svg class=\"c-lbox__arrow\" width=\"11px\" height=\"25px\" viewBox=\"0 0 11 25\" version=\"1.1\" xmlns=\"http:\/\/www.w3.org\/2000\/svg\" xmlns:xlink=\"http:\/\/www.w3.org\/1999\/xlink\">\r\n\t\t<g id=\"Page-1\" stroke=\"none\" stroke-width=\"1\" fill=\"none\" fill-rule=\"evenodd\" stroke-linecap=\"round\" stroke-linejoin=\"round\">\r\n\t\t\t<g id=\"Egon-Batch-Sidebar\" class=\"line\" transform=\"translate(-1337.000000, -463.000000)\" stroke=\"#42CFF4\">\r\n\t\t\t\t<polyline id=\"Path\" points=\"1338.1 463.1 1346.9 475.2 1338.1 487.3\"><\/polyline>\r\n\t\t\t<\/g>\r\n\t\t<\/g>\r\n\t<\/svg><\/a><\/div><\/div>\n<\/div>\r\n<\/div>[\/vc_column][\/vc_row]\n","protected":false},"excerpt":{"rendered":"GRATIS ONLINE-DEMOTesten Sie jetzt Ihr Gratis-Demo online!Testen Sie jetzt Egon WebIN DER CLOUD Egon OnSiteBEI IHNEN","protected":false},"author":1,"featured_media":0,"parent":0,"menu_order":0,"comment_status":"closed","ping_status":"closed","template":"templates\/template-fullwidth.php","meta":{"footnotes":""},"class_list":["post-8105","page","type-page","status-publish","hentry"],"yoast_head":"<!-- This site is optimized with the Yoast SEO plugin v26.8 - https:\/\/yoast.com\/product\/yoast-seo-wordpress\/ -->\n<title>Applikationen f\u00fcr die Adresspr\u00fcfung f\u00fcr Firmen - EGON.COM<\/title>\n<meta name=\"description\" content=\"Professionelle Anwendungsbereiche unserer Software f\u00fcr die Adresspr\u00fcfung und Geokodierung - Gratis Online-Demo!\" \/>\n<meta name=\"robots\" content=\"index, follow, max-snippet:-1, max-image-preview:large, max-video-preview:-1\" \/>\n<link rel=\"canonical\" href=\"https:\/\/www.egon.com\/de\/anwendungsbereiche\" \/>\n<meta property=\"og:locale\" content=\"de_DE\" \/>\n<meta property=\"og:type\" content=\"article\" \/>\n<meta property=\"og:title\" content=\"Applikationen f\u00fcr die Adresspr\u00fcfung f\u00fcr Firmen - EGON.COM\" \/>\n<meta property=\"og:description\" content=\"Professionelle Anwendungsbereiche unserer Software f\u00fcr die Adresspr\u00fcfung und Geokodierung - Gratis Online-Demo!\" \/>\n<meta property=\"og:url\" content=\"https:\/\/www.egon.com\/de\/anwendungsbereiche\" \/>\n<meta property=\"og:site_name\" content=\"Egon\" \/>\n<meta property=\"article:modified_time\" content=\"2019-02-20T10:46:26+00:00\" \/>\n<meta name=\"twitter:card\" content=\"summary_large_image\" \/>\n<meta name=\"twitter:label1\" content=\"Gesch\u00e4tzte Lesezeit\" \/>\n\t<meta name=\"twitter:data1\" content=\"3\u00a0Minuten\" \/>\n<script type=\"application\/ld+json\" class=\"yoast-schema-graph\">{\"@context\":\"https:\/\/schema.org\",\"@graph\":[{\"@type\":\"WebPage\",\"@id\":\"https:\/\/www.egon.com\/de\/anwendungsbereiche\",\"url\":\"https:\/\/www.egon.com\/de\/anwendungsbereiche\",\"name\":\"Applikationen f\u00fcr die Adresspr\u00fcfung f\u00fcr Firmen - EGON.COM\",\"isPartOf\":{\"@id\":\"https:\/\/www.egon.com\/zh\/#website\"},\"datePublished\":\"2017-09-19T13:15:00+00:00\",\"dateModified\":\"2019-02-20T10:46:26+00:00\",\"description\":\"Professionelle Anwendungsbereiche unserer Software f\u00fcr die Adresspr\u00fcfung und Geokodierung - Gratis Online-Demo!\",\"breadcrumb\":{\"@id\":\"https:\/\/www.egon.com\/de\/anwendungsbereiche#breadcrumb\"},\"inLanguage\":\"de\",\"potentialAction\":[{\"@type\":\"ReadAction\",\"target\":[\"https:\/\/www.egon.com\/de\/anwendungsbereiche\"]}]},{\"@type\":\"BreadcrumbList\",\"@id\":\"https:\/\/www.egon.com\/de\/anwendungsbereiche#breadcrumb\",\"itemListElement\":[{\"@type\":\"ListItem\",\"position\":1,\"name\":\"Home\",\"item\":\"https:\/\/www.egon.com\/de\"},{\"@type\":\"ListItem\",\"position\":2,\"name\":\"Applications\"}]},{\"@type\":\"WebSite\",\"@id\":\"https:\/\/www.egon.com\/zh\/#website\",\"url\":\"https:\/\/www.egon.com\/zh\/\",\"name\":\"Egon\",\"description\":\"Normalizzazione indirizzi - Address validation - Egon.com\",\"potentialAction\":[{\"@type\":\"SearchAction\",\"target\":{\"@type\":\"EntryPoint\",\"urlTemplate\":\"https:\/\/www.egon.com\/zh\/?s={search_term_string}\"},\"query-input\":{\"@type\":\"PropertyValueSpecification\",\"valueRequired\":true,\"valueName\":\"search_term_string\"}}],\"inLanguage\":\"de\"}]}<\/script>\n<!-- \/ Yoast SEO plugin. -->","yoast_head_json":{"title":"Applikationen f\u00fcr die Adresspr\u00fcfung f\u00fcr Firmen - EGON.COM","description":"Professionelle Anwendungsbereiche unserer Software f\u00fcr die Adresspr\u00fcfung und Geokodierung - Gratis Online-Demo!","robots":{"index":"index","follow":"follow","max-snippet":"max-snippet:-1","max-image-preview":"max-image-preview:large","max-video-preview":"max-video-preview:-1"},"canonical":"https:\/\/www.egon.com\/de\/anwendungsbereiche","og_locale":"de_DE","og_type":"article","og_title":"Applikationen f\u00fcr die Adresspr\u00fcfung f\u00fcr Firmen - EGON.COM","og_description":"Professionelle Anwendungsbereiche unserer Software f\u00fcr die Adresspr\u00fcfung und Geokodierung - Gratis Online-Demo!","og_url":"https:\/\/www.egon.com\/de\/anwendungsbereiche","og_site_name":"Egon","article_modified_time":"2019-02-20T10:46:26+00:00","twitter_card":"summary_large_image","twitter_misc":{"Gesch\u00e4tzte Lesezeit":"3\u00a0Minuten"},"schema":{"@context":"https:\/\/schema.org","@graph":[{"@type":"WebPage","@id":"https:\/\/www.egon.com\/de\/anwendungsbereiche","url":"https:\/\/www.egon.com\/de\/anwendungsbereiche","name":"Applikationen f\u00fcr die Adresspr\u00fcfung f\u00fcr Firmen - EGON.COM","isPartOf":{"@id":"https:\/\/www.egon.com\/zh\/#website"},"datePublished":"2017-09-19T13:15:00+00:00","dateModified":"2019-02-20T10:46:26+00:00","description":"Professionelle Anwendungsbereiche unserer Software f\u00fcr die Adresspr\u00fcfung und Geokodierung - Gratis Online-Demo!","breadcrumb":{"@id":"https:\/\/www.egon.com\/de\/anwendungsbereiche#breadcrumb"},"inLanguage":"de","potentialAction":[{"@type":"ReadAction","target":["https:\/\/www.egon.com\/de\/anwendungsbereiche"]}]},{"@type":"BreadcrumbList","@id":"https:\/\/www.egon.com\/de\/anwendungsbereiche#breadcrumb","itemListElement":[{"@type":"ListItem","position":1,"name":"Home","item":"https:\/\/www.egon.com\/de"},{"@type":"ListItem","position":2,"name":"Applications"}]},{"@type":"WebSite","@id":"https:\/\/www.egon.com\/zh\/#website","url":"https:\/\/www.egon.com\/zh\/","name":"Egon","description":"Normalizzazione indirizzi - Address validation - Egon.com","potentialAction":[{"@type":"SearchAction","target":{"@type":"EntryPoint","urlTemplate":"https:\/\/www.egon.com\/zh\/?s={search_term_string}"},"query-input":{"@type":"PropertyValueSpecification","valueRequired":true,"valueName":"search_term_string"}}],"inLanguage":"de"}]}},"_links":{"self":[{"href":"https:\/\/www.egon.com\/de\/wp-json\/wp\/v2\/pages\/8105","targetHints":{"allow":["GET"]}}],"collection":[{"href":"https:\/\/www.egon.com\/de\/wp-json\/wp\/v2\/pages"}],"about":[{"href":"https:\/\/www.egon.com\/de\/wp-json\/wp\/v2\/types\/page"}],"author":[{"embeddable":true,"href":"https:\/\/www.egon.com\/de\/wp-json\/wp\/v2\/users\/1"}],"replies":[{"embeddable":true,"href":"https:\/\/www.egon.com\/de\/wp-json\/wp\/v2\/comments?post=8105"}],"version-history":[{"count":0,"href":"https:\/\/www.egon.com\/de\/wp-json\/wp\/v2\/pages\/8105\/revisions"}],"wp:attachment":[{"href":"https:\/\/www.egon.com\/de\/wp-json\/wp\/v2\/media?parent=8105"}],"curies":[{"name":"wp","href":"https:\/\/api.w.org\/{rel}","templated":true}]}}