{"id":8094,"date":"2017-09-19T13:05:16","date_gmt":"2017-09-19T13:05:16","guid":{"rendered":"https:\/\/egon.com\/?page_id=8094"},"modified":"2021-02-15T11:27:48","modified_gmt":"2021-02-15T11:27:48","slug":"stammdatenmanagement","status":"publish","type":"page","link":"https:\/\/www.egon.com\/de\/loesungen\/stammdatenmanagement","title":{"rendered":"Stammdatenmanagement"},"content":{"rendered":"[vc_row row_h_align=&#8220;grid&#8211;center&#8220; wrapper=&#8220;true&#8220; holder_class=&#8220;u-section-hero-four u-overlapped-hero-padding&#8220; holder_set_margin=&#8220;true&#8220; holder_margin=&#8220;u-margin-bottom-large&#8220;][vc_column row_width=&#8220;_desktop-9&#8243;]<div class=\"c-heading\"><h1 class=\" u-h1 u-text-bolder u-margin-bottom u-text-center\">Stammdatenmanagement mit der Software Egon<\/h1><\/div>[vc_column_text txt_align=&#8220;u-text-center&#8220; set_margin=&#8220;true&#8220; margin=&#8220;u-margin-bottom-large&#8220;]Die\u00a0Stammdaten\u00a0sind von grundlegender strategischer Bedeutung f\u00fcr viele Strukturen, die Tag t\u00e4glich in den Direktmarketingt\u00e4tigkeiten eingesetzt werden, aber auch f\u00fcr Banken, Versicherungen und die \u00f6ffentliche Verwaltung im Allgemeinen.[\/vc_column_text][\/vc_column][\/vc_row][vc_row wrapper=&#8220;true&#8220; holder_set_margin=&#8220;true&#8220; holder_margin=&#8220;u-margin-bottom&#8220;][vc_column]<div class=\"c-heading\"><h3 class=\" u-text-bolder\">EGON: DIE L\u00d6SUNG F\u00dcR DIE STAMMDATEN<\/h3><\/div>[\/vc_column][vc_column width=&#8220;1\/3&#8243; set_margin_inner=&#8220;true&#8220; margin_inner=&#8220;u-margin-bottom&#8220;]<div class=\"c-image\"><img loading=\"lazy\" decoding=\"async\" width=\"400\" height=\"279\" src=\"https:\/\/www.egon.com\/wp-content\/uploads\/2017\/09\/stammdatenmanagement-software-400x279.jpg\" class=\" alignone\" alt=\"stammdatenmanagement software\" \/><\/div>[\/vc_column][vc_column width=&#8220;2\/3&#8243;][vc_column_text]Die Effizienz der Informationen, die auf erfassten Daten beruhen, die in Computersystemen gespeichert und f\u00fcr die unterschiedlichsten T\u00e4tigkeiten genutzt werden, h\u00e4ngt in erster Linie von der\u00a0<a title=\"Qualit\u00e4t der Daten\" href=\"https:\/\/www.egon.com\/de\/\">Qualit\u00e4t der Daten<\/a>\u00a0ab.<\/p>\n<p>Nicht immer kommen geeignete Instrumente f\u00fcr die Erfassung und Computer gest\u00fctzte Verwaltung der Daten zum Einsatz, was dazu f\u00fchrt, dass sich die Nutzer, die mit diesen Daten aus verwaltungstechnischen Gr\u00fcnden oder im Rahmen von gesch\u00e4ftlichen T\u00e4tigkeiten arbeiten m\u00fcssen, mit Schwierigkeiten konfrontiert sehen.<\/p>\n<p>Jahrelange Studien und direkte Erfahrung in diesem Bereich haben die Voraussetzungen f\u00fcr die perfekte Software geschaffen:<a title=\"egon\" href=\"https:\/\/www.egon.com\/de\/\">\u00a0EGON<\/a>. Besonders stolz sind wir auf die vielseitigen Anwendungsm\u00f6glichkeiten und eine beneidenswerte (und beneidete) Pr\u00e4zision bei der Ausf\u00fchrung.[\/vc_column_text][\/vc_column][\/vc_row][vc_row wrapper=&#8220;true&#8220;][vc_column]<div class=\" c-divider c-divider--dashed u-margin-bottom-large\"\/><\/div>[\/vc_column][\/vc_row][vc_row wrapper=&#8220;true&#8220; wrapper_class=&#8220;o-wrapper&#8211;slim&#8220; holder_set_margin=&#8220;true&#8220; holder_margin=&#8220;u-margin-bottom&#8220;][vc_column]<div class=\"c-heading\"><h3 class=\" u-text-bolder\">Egon ist einer der wichtigsten Bezugspunkte f\u00fcr Softwarepakete f\u00fcr das Stammdatenmanagement auf dem internationalen Markt und erm\u00f6glicht die Verwaltung verschiedener Datentypen, wie:<\/h3><\/div>[\/vc_column][vc_column width=&#8220;1\/2&#8243;]<div class=\" c-list c-list--color-one\"><ul>\n<li><i class=\"c-list__icon fal fa-check-circle\"><\/i>Name<\/li>\n<li><i class=\"c-list__icon fal fa-check-circle\"><\/i>Geburtsdatum<\/li>\n<li><i class=\"c-list__icon fal fa-check-circle\"><\/i>Anrede<\/li>\n<li><i class=\"c-list__icon fal fa-check-circle\"><\/i>Rechtsformen<\/li>\n<li><i class=\"c-list__icon fal fa-check-circle\"><\/i>Telefonnummern<\/li>\n<li><i class=\"c-list__icon fal fa-check-circle\"><\/i>E-Mail Adressen<\/li>\n<li><i class=\"c-list__icon fal fa-check-circle\"><\/i>Pers\u00f6nliche Codes\u00a0(Steuernummer, USt.-IDNr usw.)<\/li>\n<\/ul>\n<\/div>[\/vc_column][vc_column width=&#8220;1\/2&#8243;]<div class=\" c-list c-list--color-one\"><ul>\n<li><i class=\"c-list__icon fal fa-check-circle\"><\/i>Bankverbindungen<\/li>\n<li><i class=\"c-list__icon fal fa-check-circle\"><\/i>Postanschrift<\/li>\n<li><i class=\"c-list__icon fal fa-check-circle\"><\/i>PLZ<\/li>\n<li><i class=\"c-list__icon fal fa-check-circle\"><\/i>Ausl\u00e4ndische Namen<\/li>\n<li><i class=\"c-list__icon fal fa-check-circle\"><\/i>Personalausweis<\/li>\n<\/ul>\n<\/div>[\/vc_column][\/vc_row][vc_row][vc_column]<div class=\"templatera_shortcode\"><div class=\"o-holder u-background-ca-one u-padding-vertical-large\"><div class=\" o-wrapper\"><div class=\"grid-1\"><div class=\"col _lap-and-up-12\" ><div class=\"c-heading\"><h3 class=\" u-text-color-invert u-text-center\">ENTDECKEN SIE, WIE UNSERE DATENVERWALTUNGSSOFTWARE IHNEN HELFEN KANN, DAMIT SICH IHR UNTERNEHMEN WEITERENTWICKELN KANN!<\/h3><\/div><div class=\"c-button-holder c-button-holder--center\"><a class=\"c-button u-text-bold c-button--center c-button--white  c-button--ghost\" href=\"https:\/\/www.egon.com\/company\/contact-us\">KONTAKTIEREN SIE UNS<\/a><\/div><\/div>\n<\/div><\/div><\/div>\r\n<\/div>[\/vc_column][\/vc_row][vc_row wrapper=&#8220;true&#8220;][vc_column]<div class=\" c-divider c-divider--dashed u-margin-bottom-large\"\/><\/div>[\/vc_column][\/vc_row][vc_row wrapper=&#8220;true&#8220;][vc_column]<div class=\"c-heading\"><h3 class=\" u-text-bolder\">WAS MEINEN WIR, WENN WIR VON STAMMDATENMANAGEMENT REDEN?<\/h3><\/div>[vc_column_text]Stammdatenmanagement\u00a0bedeutet in erster Linie das Erfassen von Kundendaten aller Art, die sich auf nat\u00fcrliche oder juristische Personen beziehen, die Analyse der Daten und deren Standardisierung in\u00a0korrekter und eindeutiger Form.<\/p>\n<p>Wenn dieser Vorgang \u201cmanuell\u201d und ohne entsprechende Kontrollen vom Personal durchgef\u00fchrt wird, das f\u00fcr die\u00a0Dateneingabezust\u00e4ndig ist, ist er mit erheblichen Kosten verbunden, da der Zeitaufwand f\u00fcr eine optimale Abwicklung beachtlich ist. Egon dagegen ist in der Lage, vollkommen automatisch die Daten aus den Archiven aufzurufen und zu verwalten.[\/vc_column_text]<div class=\"c-heading\"><h3 class=\" u-text-bolder\">VOM PRODUKT ZUR PERSON<\/h3><\/div>[vc_column_text]Die korrekte\u00a0Identifizierung der Personen\u00a0mit entsprechender\u00a0Erstellung eines Profils\u00a0durch den Abgleich von Daten aus unterschiedlichen Stellen erlaubt einen gezielten Umgang mit dem Kunden, der auf seine ganz speziellen Anforderungen abgestimmt ist. In der Welt des Marketing, der Kommunikation und der Social Networks hat sich das Hauptaugenmerk in den letzten Jahren immer mehr\u00a0vom Produkt auf die Person\u00a0verschoben.<\/p>\n<p>Auf Marketingebene geht es nicht mehr darum, die Masse der Verbraucher unterschiedslos von der Qualit\u00e4t oder dem Attraktivit\u00e4t eines Produkts zu \u00fcberzeigen, sondern mit jeder potentiell interessierten Person und mit den Kunden ein\u00a0gleichberechtigtes Vertrauensverh\u00e4ltnis\u00a0aufzubauen. Die\u00a0Standardisierung der Daten, die aus einem oder mehreren Archiven stammen, sowie deren Vergleich und die\u00a0<a title=\"Eliminierung von Dubletten\" href=\"https:\/\/www.egon.com\/de\/loesungen\/dublettenabgleich.html\">Eliminierung von Dubletten<\/a>\u00a0schaffen in diesem Zusammenhang die Voraussetzungen daf\u00fcr, so viel wie m\u00f6glich \u00fcber die Personen in Erfahrung zu bringen und so\u00a0gezielte Marketingkampagnen\u00a0zu starten.[\/vc_column_text]<div class=\"c-heading\"><h3 class=\" u-text-bolder\">ANWENDUNGSBEREICHE UND EINSATZM\u00d6GLICHKEITEN<\/h3><\/div>[vc_column_text]Egon\u00a0ist ein unverzichtbares Tool in vielen Anwendungsbereichen, wie\u00a0CRM,\u00a0Versand,\u00a0Warenwirtschaft,\u00a0Postversand, usw. Die angebotenen L\u00f6sungen umfassen Instrumente, die in der Lage sind, komplette Archive zu verwalten und zu standardisieren (<a title=\"egon batch\" href=\"https:\/\/www.egon.com\/de\/einsatzmoeglichkeiten\/batch.html\">Stapelverarbeitungen oder massive Stapelverarbeitungen<\/a>), oder interaktive<a title=\"Egon Online\" href=\"https:\/\/www.egon.com\/de\/einsatzmoeglichkeiten\/online.html\">\u00a0Online<\/a>\u00a0Tools. In diesem Fall wird Egon in eine beliebige firmeninterne Software integriert und unterst\u00fctzt den Benutzer bei der Dateneingabe, wobei die eingegebenen Daten in Echtzeit korrigiert und eventuell vorhandene Dubletten angezeigt werden.<\/p>\n[\/vc_column_text][\/vc_column][\/vc_row]\n","protected":false},"excerpt":{"rendered":"ENTDECKEN SIE, WIE UNSERE DATENVERWALTUNGSSOFTWARE IHNEN HELFEN KANN, DAMIT SICH IHR UNTERNEHMEN WEITERENTWICKELN KANN!KONTAKTIEREN SIE UNS","protected":false},"author":1,"featured_media":0,"parent":8039,"menu_order":0,"comment_status":"closed","ping_status":"closed","template":"templates\/template-fullwidth.php","meta":{"footnotes":""},"class_list":["post-8094","page","type-page","status-publish","hentry"],"yoast_head":"<!-- This site is optimized with the Yoast SEO plugin v26.8 - https:\/\/yoast.com\/product\/yoast-seo-wordpress\/ -->\n<title>Stammdatenmanagement mit der Software Egon - EGON.COM<\/title>\n<meta name=\"description\" content=\"Egon ist einer der wichtigsten Bezugspunkte f\u00fcr Softwarepakete f\u00fcr das Stammdatenmanagement auf dem internationalen Markt. Gratis Online-Demo!\" \/>\n<meta name=\"robots\" content=\"index, follow, max-snippet:-1, max-image-preview:large, max-video-preview:-1\" \/>\n<link rel=\"canonical\" href=\"https:\/\/www.egon.com\/de\/loesungen\/stammdatenmanagement\" \/>\n<meta property=\"og:locale\" content=\"de_DE\" \/>\n<meta property=\"og:type\" content=\"article\" \/>\n<meta property=\"og:title\" content=\"Stammdatenmanagement mit der Software Egon - EGON.COM\" \/>\n<meta property=\"og:description\" content=\"Egon ist einer der wichtigsten Bezugspunkte f\u00fcr Softwarepakete f\u00fcr das Stammdatenmanagement auf dem internationalen Markt. Gratis Online-Demo!\" \/>\n<meta property=\"og:url\" content=\"https:\/\/www.egon.com\/de\/loesungen\/stammdatenmanagement\" \/>\n<meta property=\"og:site_name\" content=\"Egon\" \/>\n<meta property=\"article:modified_time\" content=\"2021-02-15T11:27:48+00:00\" \/>\n<meta name=\"twitter:card\" content=\"summary_large_image\" \/>\n<meta name=\"twitter:label1\" content=\"Gesch\u00e4tzte Lesezeit\" \/>\n\t<meta name=\"twitter:data1\" content=\"3\u00a0Minuten\" \/>\n<script type=\"application\/ld+json\" class=\"yoast-schema-graph\">{\"@context\":\"https:\/\/schema.org\",\"@graph\":[{\"@type\":\"WebPage\",\"@id\":\"https:\/\/www.egon.com\/de\/loesungen\/stammdatenmanagement\",\"url\":\"https:\/\/www.egon.com\/de\/loesungen\/stammdatenmanagement\",\"name\":\"Stammdatenmanagement mit der Software Egon - EGON.COM\",\"isPartOf\":{\"@id\":\"https:\/\/www.egon.com\/zh\/#website\"},\"datePublished\":\"2017-09-19T13:05:16+00:00\",\"dateModified\":\"2021-02-15T11:27:48+00:00\",\"description\":\"Egon ist einer der wichtigsten Bezugspunkte f\u00fcr Softwarepakete f\u00fcr das Stammdatenmanagement auf dem internationalen Markt. Gratis Online-Demo!\",\"breadcrumb\":{\"@id\":\"https:\/\/www.egon.com\/de\/loesungen\/stammdatenmanagement#breadcrumb\"},\"inLanguage\":\"de\",\"potentialAction\":[{\"@type\":\"ReadAction\",\"target\":[\"https:\/\/www.egon.com\/de\/loesungen\/stammdatenmanagement\"]}]},{\"@type\":\"BreadcrumbList\",\"@id\":\"https:\/\/www.egon.com\/de\/loesungen\/stammdatenmanagement#breadcrumb\",\"itemListElement\":[{\"@type\":\"ListItem\",\"position\":1,\"name\":\"Home\",\"item\":\"https:\/\/www.egon.com\/de\"},{\"@type\":\"ListItem\",\"position\":2,\"name\":\"L\u00f6sungen\",\"item\":\"https:\/\/www.egon.com\/de\/loesungen\"},{\"@type\":\"ListItem\",\"position\":3,\"name\":\"Stammdatenmanagement\"}]},{\"@type\":\"WebSite\",\"@id\":\"https:\/\/www.egon.com\/zh\/#website\",\"url\":\"https:\/\/www.egon.com\/zh\/\",\"name\":\"Egon\",\"description\":\"Normalizzazione indirizzi - Address validation - Egon.com\",\"potentialAction\":[{\"@type\":\"SearchAction\",\"target\":{\"@type\":\"EntryPoint\",\"urlTemplate\":\"https:\/\/www.egon.com\/zh\/?s={search_term_string}\"},\"query-input\":{\"@type\":\"PropertyValueSpecification\",\"valueRequired\":true,\"valueName\":\"search_term_string\"}}],\"inLanguage\":\"de\"}]}<\/script>\n<!-- \/ Yoast SEO plugin. -->","yoast_head_json":{"title":"Stammdatenmanagement mit der Software Egon - EGON.COM","description":"Egon ist einer der wichtigsten Bezugspunkte f\u00fcr Softwarepakete f\u00fcr das Stammdatenmanagement auf dem internationalen Markt. Gratis Online-Demo!","robots":{"index":"index","follow":"follow","max-snippet":"max-snippet:-1","max-image-preview":"max-image-preview:large","max-video-preview":"max-video-preview:-1"},"canonical":"https:\/\/www.egon.com\/de\/loesungen\/stammdatenmanagement","og_locale":"de_DE","og_type":"article","og_title":"Stammdatenmanagement mit der Software Egon - EGON.COM","og_description":"Egon ist einer der wichtigsten Bezugspunkte f\u00fcr Softwarepakete f\u00fcr das Stammdatenmanagement auf dem internationalen Markt. Gratis Online-Demo!","og_url":"https:\/\/www.egon.com\/de\/loesungen\/stammdatenmanagement","og_site_name":"Egon","article_modified_time":"2021-02-15T11:27:48+00:00","twitter_card":"summary_large_image","twitter_misc":{"Gesch\u00e4tzte Lesezeit":"3\u00a0Minuten"},"schema":{"@context":"https:\/\/schema.org","@graph":[{"@type":"WebPage","@id":"https:\/\/www.egon.com\/de\/loesungen\/stammdatenmanagement","url":"https:\/\/www.egon.com\/de\/loesungen\/stammdatenmanagement","name":"Stammdatenmanagement mit der Software Egon - EGON.COM","isPartOf":{"@id":"https:\/\/www.egon.com\/zh\/#website"},"datePublished":"2017-09-19T13:05:16+00:00","dateModified":"2021-02-15T11:27:48+00:00","description":"Egon ist einer der wichtigsten Bezugspunkte f\u00fcr Softwarepakete f\u00fcr das Stammdatenmanagement auf dem internationalen Markt. Gratis Online-Demo!","breadcrumb":{"@id":"https:\/\/www.egon.com\/de\/loesungen\/stammdatenmanagement#breadcrumb"},"inLanguage":"de","potentialAction":[{"@type":"ReadAction","target":["https:\/\/www.egon.com\/de\/loesungen\/stammdatenmanagement"]}]},{"@type":"BreadcrumbList","@id":"https:\/\/www.egon.com\/de\/loesungen\/stammdatenmanagement#breadcrumb","itemListElement":[{"@type":"ListItem","position":1,"name":"Home","item":"https:\/\/www.egon.com\/de"},{"@type":"ListItem","position":2,"name":"L\u00f6sungen","item":"https:\/\/www.egon.com\/de\/loesungen"},{"@type":"ListItem","position":3,"name":"Stammdatenmanagement"}]},{"@type":"WebSite","@id":"https:\/\/www.egon.com\/zh\/#website","url":"https:\/\/www.egon.com\/zh\/","name":"Egon","description":"Normalizzazione indirizzi - Address validation - Egon.com","potentialAction":[{"@type":"SearchAction","target":{"@type":"EntryPoint","urlTemplate":"https:\/\/www.egon.com\/zh\/?s={search_term_string}"},"query-input":{"@type":"PropertyValueSpecification","valueRequired":true,"valueName":"search_term_string"}}],"inLanguage":"de"}]}},"_links":{"self":[{"href":"https:\/\/www.egon.com\/de\/wp-json\/wp\/v2\/pages\/8094","targetHints":{"allow":["GET"]}}],"collection":[{"href":"https:\/\/www.egon.com\/de\/wp-json\/wp\/v2\/pages"}],"about":[{"href":"https:\/\/www.egon.com\/de\/wp-json\/wp\/v2\/types\/page"}],"author":[{"embeddable":true,"href":"https:\/\/www.egon.com\/de\/wp-json\/wp\/v2\/users\/1"}],"replies":[{"embeddable":true,"href":"https:\/\/www.egon.com\/de\/wp-json\/wp\/v2\/comments?post=8094"}],"version-history":[{"count":2,"href":"https:\/\/www.egon.com\/de\/wp-json\/wp\/v2\/pages\/8094\/revisions"}],"predecessor-version":[{"id":17939,"href":"https:\/\/www.egon.com\/de\/wp-json\/wp\/v2\/pages\/8094\/revisions\/17939"}],"up":[{"embeddable":true,"href":"https:\/\/www.egon.com\/de\/wp-json\/wp\/v2\/pages\/8039"}],"wp:attachment":[{"href":"https:\/\/www.egon.com\/de\/wp-json\/wp\/v2\/media?parent=8094"}],"curies":[{"name":"wp","href":"https:\/\/api.w.org\/{rel}","templated":true}]}}