{"id":8082,"date":"2017-09-19T12:54:54","date_gmt":"2017-09-19T12:54:54","guid":{"rendered":"https:\/\/egon.com\/?page_id=8082"},"modified":"2021-02-15T11:25:36","modified_gmt":"2021-02-15T11:25:36","slug":"dublettenabgleich","status":"publish","type":"page","link":"https:\/\/www.egon.com\/de\/loesungen\/dublettenabgleich","title":{"rendered":"DUBLETTENABGLEICH"},"content":{"rendered":"[vc_row row_h_align=&#8220;grid&#8211;center&#8220; wrapper=&#8220;true&#8220; holder_class=&#8220;u-section-hero-three u-overlapped-hero-padding&#8220; holder_set_margin=&#8220;true&#8220; holder_margin=&#8220;u-margin-bottom-large&#8220;][vc_column row_width=&#8220;_desktop-9&#8243;]<div class=\"c-heading\"><h1 class=\" u-h1 u-text-bolder u-margin-bottom u-text-center\">Dublettenabgleich: Ermitteln Sie jetzt doppelte Adressen mit Software EGON!<\/h1><\/div>[vc_column_text txt_align=&#8220;u-text-center&#8220; set_margin=&#8220;true&#8220; margin=&#8220;u-margin-bottom-large&#8220;]Als\u00a0Dublettenabgleich\u00a0(auch:\u00a0Deduplizierung\u00a0oder\u00a0Dublettenpr\u00fcfung) wird die\u00a0Ermittlung doppelter Datens\u00e4tze(redundante Daten) oder angenommener Dubletten bezeichnet, die sich aufgrund von Ungenauigkeiten oder Unstimmigkeiten in einem Computer gest\u00fctzten Archiv enthalten sind, mit der M\u00f6glichkeit, die \u201cDubletten\u201d oder redundanten Datens\u00e4tze zu vereinheitlichen.[\/vc_column_text][\/vc_column][\/vc_row][vc_row][vc_column]<div class=\"templatera_shortcode\"><div class=\"o-holder u-background-color-one u-margin-bottom-large u-padding-vertical-large\"><div class=\" o-wrapper\"><div class=\"grid-1 grid--middle grid--equalHeight\"><div class=\"col _lap-and-up-8\" ><div class=\"c-heading\"><h3 class=\" u-h1 u-text-color-invert u-text-thinner\">Enth\u00e4lt Ihre Datenkbank Doppeleintr\u00e4ge?<\/h3><\/div><div class=\"c-text-block u-text-color-invert\"><p>Falls Sie <span>Datenduplikate aus Ihrer Unternehmensdatenbank<\/span> l\u00f6schen m\u00fcssen oder ein Tool ben\u00f6tigen, das Sie in Ihre App integrieren k\u00f6nnen oder welches eingegebene Daten mit Hilfe der Markierung \u00fcberfl\u00fcssiger oder doppelter Angaben pr\u00fcft (wenn der Eintrag sich bereits im Archiv befindet), dann testen Sie EGON.<\/p>\n <\/div><\/div><div class=\"col _lap-and-up-4\" ><div class=\"c-button-holder c-button-holder--center\"><a class=\"c-button c-button--center c-button--white  c-button--ghost c-button--large\" href=\"https:\/\/www.egon.com\/egon-demo\">Testen Sie Ihre KOSTENLOSE ONLINE-DEMO!<\/a><\/div><\/div>\n<\/div><\/div><\/div><\/div>[\/vc_column][\/vc_row][vc_row wrapper=&#8220;true&#8220;][vc_column]<div class=\"c-heading\"><h3 class=\" u-text-bolder\">WOZU IST EIN DUBLETTENABGLEICH VON DATEN GUT?<\/h3><\/div>[\/vc_column][vc_column width=&#8220;2\/3&#8243;][vc_column_text]Die\u00a0Datenqualit\u00e4t\u00a0macht ein in jeder Hinsicht korrektes\u00a0<a href=\"https:\/\/www.egon.com\/de\/unternehmen\/news\/409-datenmanagement.html\">Datenmanagement<\/a>\u00a0erforderlich und doppelte Datens\u00e4tze stellen sowohl f\u00fcr die Schnittstelle Mensch-Applikation als auch im Hinblick auf unvorhergesehene Kosten ein Problem dar, die zum Beispiel im speziellen Anwendungsbereich der Deduplizierung von Adressen durch die \u00fcberfl\u00fcssige doppelte Zusendung von Werbematerial oder offiziellen Mitteilungen des Unternehmens entstehen, die auch f\u00fcr das Image des Unternehmens alles andere als f\u00f6rderlich sind.[\/vc_column_text][vc_column_text]Die Verwendung korrekter, vollst\u00e4ndiger, standardisierter Stammdaten ohne Dubletten zu Korrespondenzzwecken ist ein\u00a0Zeichen der Professionalit\u00e4t. Die Erweiterung einer Software mit einer L\u00f6sung f\u00fcr den automatischen Datenabgleich ist deshalb mit\u00a0beachtlichen Vorteilen\u00a0verbunden. Die\u00a0Deduplizierung\u00a0ist sinnvoll beim\u00a0Zusammenf\u00fchren mehrerer Archiveund eignet sich sowohl f\u00fcr nat\u00fcrliche als auch f\u00fcr juristische Personen. Die arbeitet mit dem Matchcode-Verfahren, das die\u00a0Beseitigung doppelter Datens\u00e4tze\u00a0sowie die\u00a0Ermittlung der Familienzusammensetzung\u00a0und die\u00a0Erg\u00e4nzung der internen Daten\u00a0erlaubt.[\/vc_column_text][\/vc_column][vc_column width=&#8220;1\/3&#8243;]<div class=\" c-list c-list--color-one\"><ul>\n<li><i class=\"c-list__icon fal fa-check-circle\"><\/i>Datenzuordnung<\/li>\n<li><i class=\"c-list__icon fal fa-check-circle\"><\/i>Erg\u00e4nzung der Stammdaten, Felder, Adressen und Archive<\/li>\n<li><i class=\"c-list__icon fal fa-check-circle\"><\/i>Zusammenf\u00fchren von Informationen und Dokumenten eines Subjekts<\/li>\n<li><i class=\"c-list__icon fal fa-check-circle\"><\/i>Verwaltung vom Subjekt als Einzelposten und Zuordnung eines PIN<\/li>\n<li><i class=\"c-list__icon fal fa-check-circle\"><\/i>Verwaltung doppelter Informationen<\/li>\n<\/ul>\n<\/div>[\/vc_column][vc_column]<div class=\" c-divider c-divider--dashed u-margin-bottom-large\"\/><\/div>[\/vc_column][\/vc_row][vc_row wrapper=&#8220;true&#8220; holder_set_margin=&#8220;true&#8220; holder_margin=&#8220;u-margin-bottom&#8220;][vc_column width=&#8220;1\/3&#8243;]<div class=\"c-image\"><img loading=\"lazy\" decoding=\"async\" width=\"500\" height=\"346\" src=\"https:\/\/www.egon.com\/wp-content\/uploads\/2017\/09\/dublettenabgleich-adressen.jpg\" class=\" alignone\" alt=\"dublettenabgleich adressen\" srcset=\"https:\/\/www.egon.com\/wp-content\/uploads\/2017\/09\/dublettenabgleich-adressen.jpg 500w, https:\/\/www.egon.com\/wp-content\/uploads\/2017\/09\/dublettenabgleich-adressen-400x277.jpg 400w\" sizes=\"auto, (max-width: 500px) 100vw, 500px\" \/><\/div>[\/vc_column][vc_column width=&#8220;2\/3&#8243;][vc_column_text]Egon\u00a0ist eine\u00a0Software, die speziell f\u00fcr das\u00a0Stammdatenmanagement\u00a0und den\u00a0Dublettenabgleich\u00a0der vorhandenen Daten entwickelt worden ist. Dabei werden Parameter wie Vorname, Zunamen, Firmenname, USt.-IDNr., Adresse usw. verglichen und alle eventuellen redundanten Daten ermittelt.<\/p>\n<p>Jedem gepr\u00fcften Datensatz wird ein eindeutiger Code zugeordnet, der so genannte\u00a0Matchcode, der anhand bestimmter Regeln analysiert und gepr\u00fcft wird und mit hoher Zuverl\u00e4ssigkeit die Ermittlung und Ausgabe von doppelten Datens\u00e4tzen erlaubt.<\/p>\n<p>Das Modul ist in der Lage, im gleichen Bearbeitungsvorgang mehrere Archive zu verarbeiten und zu vergleichen, auch mit nicht gleichf\u00f6rmigen Datenstrukturen.<\/p>\n<p>Wenn Sie eine Analyse Ihrer Datenbank durchf\u00fchren m\u00f6chten, um\u00a0Dubletten\u00a0zu beseitigen, oder wenn Sie ein Tool ben\u00f6tigen, das sich in Ihre Applikation integrieren l\u00e4sst und bei der Dateneingabe eventuelle nicht erforderliche Eingaben (bei Datens\u00e4tzen, die bereits in das Archiv eingegeben worden sind) anzeigt, dann ist EGON genau das Richtige f\u00fcr Sie.[\/vc_column_text][\/vc_column][\/vc_row][vc_row wrapper=&#8220;true&#8220;][vc_column]<div class=\" c-divider c-divider--dashed u-margin-bottom-large\"\/><\/div><div class=\"c-heading\"><h3 class=\" u-text-bolder\">MATCHCODE UND DUBLETTENPR\u00dcFUNG<\/h3><\/div>[vc_column_text]Beim Dublettenabgleich wird ein\u00a0Matchcode\u00a0erzeugt. Dabei handelt es sich um einen Sting, der sich aus Schriftzeichen oder Zahlen zusammensetzt und einen Teil der Informationen enth\u00e4lt, eventuell auch in codierter Form, die zu den Stammdaten geh\u00f6ren (Nachname oder Firmenbezeichnung, Vorname, Geschlecht, Ort, PLZ, Stra\u00dfentyp, Stra\u00dfe, Hausnummer). Der Matchcode erlaubt mit hoher Zuverl\u00e4ssigkeit bei der Erkennung und optimalen Ergebnissen die Ermittlung von redundanten Datens\u00e4tzen.<\/p>\n<p>Die\u00a0<a href=\"https:\/\/www.egon.com\/de\/unternehmen\/news\/274-dublettenabgleich.html\">Dublettenpr\u00fcfung<\/a>\u00a0umfasst folgende Elemente:[\/vc_column_text]<div class=\" c-list c-list--color-one\"><ul>\n<li><i class=\"c-list__icon fal fa-check-circle\"><\/i><em>Dublettenabgleich in den Stammdaten<\/em><\/li>\n<li><i class=\"c-list__icon fal fa-check-circle\"><\/i><i>parametrische Verwaltung von Schl\u00fcsselbegriffen und Regeln<\/i><\/li>\n<li><i class=\"c-list__icon fal fa-check-circle\"><\/i><i>Verwaltung m\u00f6glicher Dubletten<\/i><\/li>\n<li><i class=\"c-list__icon fal fa-check-circle\"><\/i><i>Verwaltung von Gruppen<\/i><\/li>\n<li><i class=\"c-list__icon fal fa-check-circle\"><\/i><em>Erzeugen von Matchcode\/Lautschrift<\/em><\/li>\n<li><i class=\"c-list__icon fal fa-check-circle\"><\/i><i>Zuordnung von Stammdaten<\/i><\/li>\n<li><i class=\"c-list__icon fal fa-check-circle\"><\/i><i>Verwaltung von Beziehungen und Zusammenh\u00e4ngen<\/i><\/li>\n<li><i class=\"c-list__icon fal fa-check-circle\"><\/i><i>Zusammenf\u00fchren von Archiven<\/i><\/li>\n<\/ul>\n<\/div>[\/vc_column][\/vc_row][vc_row][vc_column]<div class=\"templatera_shortcode\"><div class=\"o-holder u-background-ca-one u-padding-vertical-large\"><div class=\" o-wrapper\"><div class=\"grid-1\"><div class=\"col _lap-and-up-12\" ><div class=\"c-heading\"><h3 class=\" u-text-color-invert u-text-center\">ENTDECKEN SIE, WIE UNSERE DATENVERWALTUNGSSOFTWARE IHNEN HELFEN KANN, DAMIT SICH IHR UNTERNEHMEN WEITERENTWICKELN KANN!<\/h3><\/div><div class=\"c-button-holder c-button-holder--center\"><a class=\"c-button u-text-bold c-button--center c-button--white  c-button--ghost\" href=\"https:\/\/www.egon.com\/company\/contact-us\">KONTAKTIEREN SIE UNS<\/a><\/div><\/div>\n<\/div><\/div><\/div>\r\n<\/div>[\/vc_column][\/vc_row]\n","protected":false},"excerpt":{"rendered":"ENTDECKEN SIE, WIE UNSERE DATENVERWALTUNGSSOFTWARE IHNEN HELFEN KANN, DAMIT SICH IHR UNTERNEHMEN WEITERENTWICKELN KANN!KONTAKTIEREN SIE UNS","protected":false},"author":1,"featured_media":0,"parent":8039,"menu_order":0,"comment_status":"closed","ping_status":"closed","template":"templates\/template-fullwidth.php","meta":{"footnotes":""},"class_list":["post-8082","page","type-page","status-publish","hentry"],"yoast_head":"<!-- This site is optimized with the Yoast SEO plugin v26.8 - https:\/\/yoast.com\/product\/yoast-seo-wordpress\/ -->\n<title>Dublettenabgleich: Ermitteln Sie jetzt doppelte Adressen - EGON.COM<\/title>\n<meta name=\"description\" content=\"EGON f\u00fcr Dublettenabgleich: Ermitteln Sie doppelte Daten und Adressen in Ihrer Datenbank . Probieren Sie jetzt die kostenlose DEMO aus!\" \/>\n<meta name=\"robots\" content=\"index, follow, max-snippet:-1, max-image-preview:large, max-video-preview:-1\" \/>\n<link rel=\"canonical\" href=\"https:\/\/www.egon.com\/de\/loesungen\/dublettenabgleich\" \/>\n<meta property=\"og:locale\" content=\"de_DE\" \/>\n<meta property=\"og:type\" content=\"article\" \/>\n<meta property=\"og:title\" content=\"Dublettenabgleich: Ermitteln Sie jetzt doppelte Adressen - EGON.COM\" \/>\n<meta property=\"og:description\" content=\"EGON f\u00fcr Dublettenabgleich: Ermitteln Sie doppelte Daten und Adressen in Ihrer Datenbank . Probieren Sie jetzt die kostenlose DEMO aus!\" \/>\n<meta property=\"og:url\" content=\"https:\/\/www.egon.com\/de\/loesungen\/dublettenabgleich\" \/>\n<meta property=\"og:site_name\" content=\"Egon\" \/>\n<meta property=\"article:modified_time\" content=\"2021-02-15T11:25:36+00:00\" \/>\n<meta name=\"twitter:card\" content=\"summary_large_image\" \/>\n<meta name=\"twitter:label1\" content=\"Gesch\u00e4tzte Lesezeit\" \/>\n\t<meta name=\"twitter:data1\" content=\"3\u00a0Minuten\" \/>\n<script type=\"application\/ld+json\" class=\"yoast-schema-graph\">{\"@context\":\"https:\/\/schema.org\",\"@graph\":[{\"@type\":\"WebPage\",\"@id\":\"https:\/\/www.egon.com\/de\/loesungen\/dublettenabgleich\",\"url\":\"https:\/\/www.egon.com\/de\/loesungen\/dublettenabgleich\",\"name\":\"Dublettenabgleich: Ermitteln Sie jetzt doppelte Adressen - EGON.COM\",\"isPartOf\":{\"@id\":\"https:\/\/www.egon.com\/zh\/#website\"},\"datePublished\":\"2017-09-19T12:54:54+00:00\",\"dateModified\":\"2021-02-15T11:25:36+00:00\",\"description\":\"EGON f\u00fcr Dublettenabgleich: Ermitteln Sie doppelte Daten und Adressen in Ihrer Datenbank . Probieren Sie jetzt die kostenlose DEMO aus!\",\"breadcrumb\":{\"@id\":\"https:\/\/www.egon.com\/de\/loesungen\/dublettenabgleich#breadcrumb\"},\"inLanguage\":\"de\",\"potentialAction\":[{\"@type\":\"ReadAction\",\"target\":[\"https:\/\/www.egon.com\/de\/loesungen\/dublettenabgleich\"]}]},{\"@type\":\"BreadcrumbList\",\"@id\":\"https:\/\/www.egon.com\/de\/loesungen\/dublettenabgleich#breadcrumb\",\"itemListElement\":[{\"@type\":\"ListItem\",\"position\":1,\"name\":\"Home\",\"item\":\"https:\/\/www.egon.com\/de\"},{\"@type\":\"ListItem\",\"position\":2,\"name\":\"L\u00f6sungen\",\"item\":\"https:\/\/www.egon.com\/de\/loesungen\"},{\"@type\":\"ListItem\",\"position\":3,\"name\":\"DUBLETTENABGLEICH\"}]},{\"@type\":\"WebSite\",\"@id\":\"https:\/\/www.egon.com\/zh\/#website\",\"url\":\"https:\/\/www.egon.com\/zh\/\",\"name\":\"Egon\",\"description\":\"Normalizzazione indirizzi - Address validation - Egon.com\",\"potentialAction\":[{\"@type\":\"SearchAction\",\"target\":{\"@type\":\"EntryPoint\",\"urlTemplate\":\"https:\/\/www.egon.com\/zh\/?s={search_term_string}\"},\"query-input\":{\"@type\":\"PropertyValueSpecification\",\"valueRequired\":true,\"valueName\":\"search_term_string\"}}],\"inLanguage\":\"de\"}]}<\/script>\n<!-- \/ Yoast SEO plugin. -->","yoast_head_json":{"title":"Dublettenabgleich: Ermitteln Sie jetzt doppelte Adressen - EGON.COM","description":"EGON f\u00fcr Dublettenabgleich: Ermitteln Sie doppelte Daten und Adressen in Ihrer Datenbank . Probieren Sie jetzt die kostenlose DEMO aus!","robots":{"index":"index","follow":"follow","max-snippet":"max-snippet:-1","max-image-preview":"max-image-preview:large","max-video-preview":"max-video-preview:-1"},"canonical":"https:\/\/www.egon.com\/de\/loesungen\/dublettenabgleich","og_locale":"de_DE","og_type":"article","og_title":"Dublettenabgleich: Ermitteln Sie jetzt doppelte Adressen - EGON.COM","og_description":"EGON f\u00fcr Dublettenabgleich: Ermitteln Sie doppelte Daten und Adressen in Ihrer Datenbank . Probieren Sie jetzt die kostenlose DEMO aus!","og_url":"https:\/\/www.egon.com\/de\/loesungen\/dublettenabgleich","og_site_name":"Egon","article_modified_time":"2021-02-15T11:25:36+00:00","twitter_card":"summary_large_image","twitter_misc":{"Gesch\u00e4tzte Lesezeit":"3\u00a0Minuten"},"schema":{"@context":"https:\/\/schema.org","@graph":[{"@type":"WebPage","@id":"https:\/\/www.egon.com\/de\/loesungen\/dublettenabgleich","url":"https:\/\/www.egon.com\/de\/loesungen\/dublettenabgleich","name":"Dublettenabgleich: Ermitteln Sie jetzt doppelte Adressen - EGON.COM","isPartOf":{"@id":"https:\/\/www.egon.com\/zh\/#website"},"datePublished":"2017-09-19T12:54:54+00:00","dateModified":"2021-02-15T11:25:36+00:00","description":"EGON f\u00fcr Dublettenabgleich: Ermitteln Sie doppelte Daten und Adressen in Ihrer Datenbank . Probieren Sie jetzt die kostenlose DEMO aus!","breadcrumb":{"@id":"https:\/\/www.egon.com\/de\/loesungen\/dublettenabgleich#breadcrumb"},"inLanguage":"de","potentialAction":[{"@type":"ReadAction","target":["https:\/\/www.egon.com\/de\/loesungen\/dublettenabgleich"]}]},{"@type":"BreadcrumbList","@id":"https:\/\/www.egon.com\/de\/loesungen\/dublettenabgleich#breadcrumb","itemListElement":[{"@type":"ListItem","position":1,"name":"Home","item":"https:\/\/www.egon.com\/de"},{"@type":"ListItem","position":2,"name":"L\u00f6sungen","item":"https:\/\/www.egon.com\/de\/loesungen"},{"@type":"ListItem","position":3,"name":"DUBLETTENABGLEICH"}]},{"@type":"WebSite","@id":"https:\/\/www.egon.com\/zh\/#website","url":"https:\/\/www.egon.com\/zh\/","name":"Egon","description":"Normalizzazione indirizzi - Address validation - Egon.com","potentialAction":[{"@type":"SearchAction","target":{"@type":"EntryPoint","urlTemplate":"https:\/\/www.egon.com\/zh\/?s={search_term_string}"},"query-input":{"@type":"PropertyValueSpecification","valueRequired":true,"valueName":"search_term_string"}}],"inLanguage":"de"}]}},"_links":{"self":[{"href":"https:\/\/www.egon.com\/de\/wp-json\/wp\/v2\/pages\/8082","targetHints":{"allow":["GET"]}}],"collection":[{"href":"https:\/\/www.egon.com\/de\/wp-json\/wp\/v2\/pages"}],"about":[{"href":"https:\/\/www.egon.com\/de\/wp-json\/wp\/v2\/types\/page"}],"author":[{"embeddable":true,"href":"https:\/\/www.egon.com\/de\/wp-json\/wp\/v2\/users\/1"}],"replies":[{"embeddable":true,"href":"https:\/\/www.egon.com\/de\/wp-json\/wp\/v2\/comments?post=8082"}],"version-history":[{"count":2,"href":"https:\/\/www.egon.com\/de\/wp-json\/wp\/v2\/pages\/8082\/revisions"}],"predecessor-version":[{"id":17922,"href":"https:\/\/www.egon.com\/de\/wp-json\/wp\/v2\/pages\/8082\/revisions\/17922"}],"up":[{"embeddable":true,"href":"https:\/\/www.egon.com\/de\/wp-json\/wp\/v2\/pages\/8039"}],"wp:attachment":[{"href":"https:\/\/www.egon.com\/de\/wp-json\/wp\/v2\/media?parent=8082"}],"curies":[{"name":"wp","href":"https:\/\/api.w.org\/{rel}","templated":true}]}}