{"id":8068,"date":"2017-09-19T12:46:01","date_gmt":"2017-09-19T12:46:01","guid":{"rendered":"https:\/\/egon.com\/?page_id=8068"},"modified":"2021-02-15T11:20:54","modified_gmt":"2021-02-15T11:20:54","slug":"geokodierung","status":"publish","type":"page","link":"https:\/\/www.egon.com\/de\/loesungen\/geokodierung","title":{"rendered":"GEOKODIERUNG VON ADRESSEN: EGON SOFTWARE"},"content":{"rendered":"[vc_row row_h_align=&#8220;grid&#8211;center&#8220; wrapper=&#8220;true&#8220; holder_class=&#8220;u-section-hero-one u-overlapped-hero-padding&#8220; holder_set_margin=&#8220;true&#8220; holder_margin=&#8220;u-margin-bottom-large&#8220;][vc_column row_width=&#8220;_desktop-9&#8243;]<div class=\"c-heading\"><h1 class=\" u-h1 u-text-bolder u-margin-bottom u-text-center\">Geokodierung von Adressen Software<\/h1><\/div>[vc_column_text txt_align=&#8220;u-text-center&#8220; set_margin=&#8220;true&#8220; margin=&#8220;u-margin-bottom-large&#8220;]Adress-Geocodierung beinhaltet die pr\u00e4zise r\u00e4umliche und territoriale Zuordnung von Daten und Codes zu spezifischen Adressen. In der vorl\u00e4ufigen Phase umfasst dieses die Georeferenzierung, d.h. die Zuordnung pr\u00e4ziser Kartenkoordinaten zu einer Adresse, um eine korrekte und zuverl\u00e4ssige Lokalisierung auf der Karte zu garantieren.[\/vc_column_text][\/vc_column][\/vc_row][vc_row][vc_column]<div class=\"templatera_shortcode\"><div class=\"o-holder u-background-color-one u-margin-bottom-large u-padding-vertical-large\"><div class=\" o-wrapper\"><div class=\"grid-1 grid--middle grid--equalHeight\"><div class=\"col _lap-and-up-8\" ><div class=\"c-heading\"><h3 class=\" u-h1 u-text-color-invert u-text-thinner\">Sie m\u00fcssen eine Postanschrift auf der Karte finden?<\/h3><\/div><div class=\"c-text-block u-text-color-invert\"><p>Innerhalb weniger Minuten k\u00f6nnen Sie eine Adresse in exakte geographische Koordinaten (L\u00e4ngen- und Breitengrad) umwandeln und umgekehrt. Danach k\u00f6nnen Sie die Adresse auf der Karte sehen.<\/p>\n <\/div><\/div><div class=\"col _lap-and-up-4\" ><div class=\"c-button-holder c-button-holder--center\"><a class=\"c-button c-button--center c-button--white  c-button--ghost c-button--large\" href=\"https:\/\/www.egon.com\/egon-demo\">JETZT KOSTENLOS TESTEN<\/a><\/div><\/div>\n<\/div><\/div><\/div><\/div>[\/vc_column][\/vc_row][vc_row wrapper=&#8220;true&#8220;][vc_column]<div class=\"c-heading\"><h3 class=\" u-text-bolder\">ADRESSEN MIT EGON-SOFTWARE GEOCODIEREN<\/h3><\/div>[\/vc_column][vc_column width=&#8220;7\/12&#8243;][vc_column_text]Egon\u00a0ist ein leistungsstarkes Geocoding-Softwarepaket, welches die Geocodierung verschiedener Datenbanken erm\u00f6glicht und f\u00fcr jede Adresse das validierte Format und die Kartenkoordinaten zur Verf\u00fcgung stellt.<\/p>\n<p>Angesichts der schnellen Entwicklung im Bereich der Geolokalisierungs-Technologie und -Dienstleistungen sowie der zunehmenden Verf\u00fcgbarkeit von r\u00e4umlichen Daten auf der ganzen Welt, ist es in jeder Branche entscheidend, sich des strategischen Wertes von Adressen und pr\u00e4zisen geographischen Angaben bewusst zu sein.<\/p>\n<p><em>Egon ordnet die Daten dem geographischen Gebiet zu<\/em>\u00a0und bietet eine pr\u00e4zise Darstellung der Daten mit dem h\u00f6chsten Detaillierungsgrad. Es unterst\u00fctzt GIS-Anwendungen und erstellt Einzugsbereiche, Zust\u00e4ndigkeits- und Adressbereiche etc.[\/vc_column_text][\/vc_column][vc_column width=&#8220;5\/12&#8243;][vc_column_text]Dabei ist die Software nicht auf Basis-Georeferencing-Funktionen beschr\u00e4nkt sondern erf\u00fcllt dar\u00fcberhinaus anspruchsvolle und vielf\u00e4ltige Geocodierungsanspr\u00fcche:[\/vc_column_text]<div class=\" c-list c-list--color-one\"><ul>\n<li><i class=\"c-list__icon fal fa-check-circle\"><\/i>Steuergebiete zuordnen<\/li>\n<li><i class=\"c-list__icon fal fa-check-circle\"><\/i>Entfernungen und Sofortberechnung von Luftlinien- und Fu\u00dfdistanzen<\/li>\n<li><i class=\"c-list__icon fal fa-check-circle\"><\/i>Reverse Geocoding<\/li>\n<li><i class=\"c-list__icon fal fa-check-circle\"><\/i>Sehensw\u00fcrdigkeiten<\/li>\n<li><i class=\"c-list__icon fal fa-check-circle\"><\/i>Lokalisierung nach Stra\u00dfennamen<\/li>\n<li><i class=\"c-list__icon fal fa-check-circle\"><\/i>Erkennen von Kreuzungen (Stra\u00dfenecken)<\/li>\n<\/ul>\n<\/div>[\/vc_column][vc_column]<div class=\" c-divider c-divider--dashed\"\/><\/div>[\/vc_column][\/vc_row][vc_row wrapper=&#8220;true&#8220; holder_set_margin=&#8220;true&#8220; holder_margin=&#8220;u-margin-bottom&#8220;][vc_column]<div class=\"c-heading\"><h3 class=\" u-text-bolder\">VON DER GEOLOKALISIERUNG ZUR KARTENDARSTELLUNG<\/h3><\/div>[\/vc_column][vc_column width=&#8220;1\/3&#8243;]<div class=\"c-image\"><img loading=\"lazy\" decoding=\"async\" width=\"500\" height=\"560\" src=\"https:\/\/www.egon.com\/wp-content\/uploads\/2017\/09\/adressen-geokodierung-software.jpg\" class=\" aligncenter\" alt=\"adressen geokodierung software\" srcset=\"https:\/\/www.egon.com\/wp-content\/uploads\/2017\/09\/adressen-geokodierung-software.jpg 500w, https:\/\/www.egon.com\/wp-content\/uploads\/2017\/09\/adressen-geokodierung-software-268x300.jpg 268w\" sizes=\"auto, (max-width: 500px) 100vw, 500px\" \/><\/div>[\/vc_column][vc_column width=&#8220;2\/3&#8243;][vc_column_text]Geolokalisierung\u00a0gew\u00e4hrleistet, dass alle Daten mit den r\u00e4umlichen und statistischen Daten f\u00fcr den jeweiligen Referenz-Steuer-Mikrobereich versehen sind.<\/p>\n<p>Bei der Verwendung jeder Art von Karten kann durch Geolokalisierung die Darstellung (auch \u00fcber das Internet) der genauen Kartenposition vervollst\u00e4ndigt werden.<\/p>\n<p>Die Effizienz unserer Validierungsmaschine gew\u00e4hrleistet eine au\u00dfergew\u00f6hnliche und pr\u00e4zise Performance bis hin zur Hausnummer, selbst bei unvollst\u00e4ndigen oder ungenauen Adressangaben.[\/vc_column_text]<div class=\"c-heading\"><h3 class=\" u-h5\">ANWENDUNGEN DER GEOCODIERUNG<\/h3><\/div>[vc_column_text]Egon ist eine extrem flexible Geocoding-Software und kann in jedes Betriebssystem integriert werden, bei dem bestimmte Daten geolokalisiert werden m\u00fcssen. Geocodierung ist in verschiedenen Bereichen \u00e4u\u00dferst wichtig, darunter vor allem:[\/vc_column_text]<div class=\" c-list c-list--color-one\"><ul>\n<li><i class=\"c-list__icon fal fa-check-circle\"><\/i>Logistik und Transport: Heutzutage stehen einige sehr anspruchsvolle Logisitikanwendungen zur Verf\u00fcgung, die den Warenweg im Detail und in Echtzeit verfolgen k\u00f6nnen, damit der Lieferplan mit all seinen Zwischenstops effektiv im Voraus geplant werden kann. Eine korrekte Adressverfolgung nach Hausnummer sorgt f\u00fcr erhebliche Ressourcen- und Zeitersparnisse.<\/li>\n<li><i class=\"c-list__icon fal fa-check-circle\"><\/i>Geomarketing: mit Hilfe des automatischen Backups von Egon Software erm\u00f6glichen bestimmte Geomarketing-Anwendungen die Erarbeitung aller wichtigen Daten zum Gesch\u00e4ftspotential eines bestimmten Ortes oder einer Gegend. <a href=\"https:\/\/www.egon.com\/de\/loesungen\/adressprufung\">Adresspr\u00fcfung<\/a> und Georeferenzierung sind unerl\u00e4sslich f\u00fcr sp\u00e4tere Geomarketing-Analysen.<\/li>\n<\/ul>\n<\/div>[\/vc_column][\/vc_row][vc_row][vc_column]<div class=\"templatera_shortcode\"><div class=\"o-holder u-background-ca-one u-padding-vertical-large\"><div class=\" o-wrapper\"><div class=\"grid-1\"><div class=\"col _lap-and-up-12\" ><div class=\"c-heading\"><h3 class=\" u-text-color-invert u-text-center\">ENTDECKEN SIE, WIE UNSERE DATENVERWALTUNGSSOFTWARE IHNEN HELFEN KANN, DAMIT SICH IHR UNTERNEHMEN WEITERENTWICKELN KANN!<\/h3><\/div><div class=\"c-button-holder c-button-holder--center\"><a class=\"c-button u-text-bold c-button--center c-button--white  c-button--ghost\" href=\"https:\/\/www.egon.com\/company\/contact-us\">KONTAKTIEREN SIE UNS<\/a><\/div><\/div>\n<\/div><\/div><\/div>\r\n<\/div>[\/vc_column][\/vc_row]\n","protected":false},"excerpt":{"rendered":"ENTDECKEN SIE, WIE UNSERE DATENVERWALTUNGSSOFTWARE IHNEN HELFEN KANN, DAMIT SICH IHR UNTERNEHMEN WEITERENTWICKELN KANN!KONTAKTIEREN SIE UNS","protected":false},"author":1,"featured_media":0,"parent":8039,"menu_order":0,"comment_status":"closed","ping_status":"closed","template":"templates\/template-fullwidth.php","meta":{"footnotes":""},"class_list":["post-8068","page","type-page","status-publish","hentry"],"yoast_head":"<!-- This site is optimized with the Yoast SEO plugin v26.8 - https:\/\/yoast.com\/product\/yoast-seo-wordpress\/ -->\n<title>Geokodierung von Adressen Software \u00fcber das WEB - EGON<\/title>\n<meta name=\"description\" content=\"Genaue Geokodierung jeglicher Adresse oder internationalen Adressarchivs. Testen Sie EGON kostenlos!\" \/>\n<meta name=\"robots\" content=\"index, follow, max-snippet:-1, max-image-preview:large, max-video-preview:-1\" \/>\n<link rel=\"canonical\" href=\"https:\/\/www.egon.com\/de\/loesungen\/geokodierung\" \/>\n<meta property=\"og:locale\" content=\"de_DE\" \/>\n<meta property=\"og:type\" content=\"article\" \/>\n<meta property=\"og:title\" content=\"Geokodierung von Adressen Software \u00fcber das WEB - EGON\" \/>\n<meta property=\"og:description\" content=\"Genaue Geokodierung jeglicher Adresse oder internationalen Adressarchivs. Testen Sie EGON kostenlos!\" \/>\n<meta property=\"og:url\" content=\"https:\/\/www.egon.com\/de\/loesungen\/geokodierung\" \/>\n<meta property=\"og:site_name\" content=\"Egon\" \/>\n<meta property=\"article:modified_time\" content=\"2021-02-15T11:20:54+00:00\" \/>\n<meta name=\"twitter:card\" content=\"summary_large_image\" \/>\n<meta name=\"twitter:label1\" content=\"Gesch\u00e4tzte Lesezeit\" \/>\n\t<meta name=\"twitter:data1\" content=\"2\u00a0Minuten\" \/>\n<script type=\"application\/ld+json\" class=\"yoast-schema-graph\">{\"@context\":\"https:\/\/schema.org\",\"@graph\":[{\"@type\":\"WebPage\",\"@id\":\"https:\/\/www.egon.com\/de\/loesungen\/geokodierung\",\"url\":\"https:\/\/www.egon.com\/de\/loesungen\/geokodierung\",\"name\":\"Geokodierung von Adressen Software \u00fcber das WEB - EGON\",\"isPartOf\":{\"@id\":\"https:\/\/www.egon.com\/zh\/#website\"},\"datePublished\":\"2017-09-19T12:46:01+00:00\",\"dateModified\":\"2021-02-15T11:20:54+00:00\",\"description\":\"Genaue Geokodierung jeglicher Adresse oder internationalen Adressarchivs. Testen Sie EGON kostenlos!\",\"breadcrumb\":{\"@id\":\"https:\/\/www.egon.com\/de\/loesungen\/geokodierung#breadcrumb\"},\"inLanguage\":\"de\",\"potentialAction\":[{\"@type\":\"ReadAction\",\"target\":[\"https:\/\/www.egon.com\/de\/loesungen\/geokodierung\"]}]},{\"@type\":\"BreadcrumbList\",\"@id\":\"https:\/\/www.egon.com\/de\/loesungen\/geokodierung#breadcrumb\",\"itemListElement\":[{\"@type\":\"ListItem\",\"position\":1,\"name\":\"Home\",\"item\":\"https:\/\/www.egon.com\/de\"},{\"@type\":\"ListItem\",\"position\":2,\"name\":\"L\u00f6sungen\",\"item\":\"https:\/\/www.egon.com\/de\/loesungen\"},{\"@type\":\"ListItem\",\"position\":3,\"name\":\"GEOKODIERUNG VON ADRESSEN: EGON SOFTWARE\"}]},{\"@type\":\"WebSite\",\"@id\":\"https:\/\/www.egon.com\/zh\/#website\",\"url\":\"https:\/\/www.egon.com\/zh\/\",\"name\":\"Egon\",\"description\":\"Normalizzazione indirizzi - Address validation - Egon.com\",\"potentialAction\":[{\"@type\":\"SearchAction\",\"target\":{\"@type\":\"EntryPoint\",\"urlTemplate\":\"https:\/\/www.egon.com\/zh\/?s={search_term_string}\"},\"query-input\":{\"@type\":\"PropertyValueSpecification\",\"valueRequired\":true,\"valueName\":\"search_term_string\"}}],\"inLanguage\":\"de\"}]}<\/script>\n<!-- \/ Yoast SEO plugin. -->","yoast_head_json":{"title":"Geokodierung von Adressen Software \u00fcber das WEB - EGON","description":"Genaue Geokodierung jeglicher Adresse oder internationalen Adressarchivs. Testen Sie EGON kostenlos!","robots":{"index":"index","follow":"follow","max-snippet":"max-snippet:-1","max-image-preview":"max-image-preview:large","max-video-preview":"max-video-preview:-1"},"canonical":"https:\/\/www.egon.com\/de\/loesungen\/geokodierung","og_locale":"de_DE","og_type":"article","og_title":"Geokodierung von Adressen Software \u00fcber das WEB - EGON","og_description":"Genaue Geokodierung jeglicher Adresse oder internationalen Adressarchivs. Testen Sie EGON kostenlos!","og_url":"https:\/\/www.egon.com\/de\/loesungen\/geokodierung","og_site_name":"Egon","article_modified_time":"2021-02-15T11:20:54+00:00","twitter_card":"summary_large_image","twitter_misc":{"Gesch\u00e4tzte Lesezeit":"2\u00a0Minuten"},"schema":{"@context":"https:\/\/schema.org","@graph":[{"@type":"WebPage","@id":"https:\/\/www.egon.com\/de\/loesungen\/geokodierung","url":"https:\/\/www.egon.com\/de\/loesungen\/geokodierung","name":"Geokodierung von Adressen Software \u00fcber das WEB - EGON","isPartOf":{"@id":"https:\/\/www.egon.com\/zh\/#website"},"datePublished":"2017-09-19T12:46:01+00:00","dateModified":"2021-02-15T11:20:54+00:00","description":"Genaue Geokodierung jeglicher Adresse oder internationalen Adressarchivs. Testen Sie EGON kostenlos!","breadcrumb":{"@id":"https:\/\/www.egon.com\/de\/loesungen\/geokodierung#breadcrumb"},"inLanguage":"de","potentialAction":[{"@type":"ReadAction","target":["https:\/\/www.egon.com\/de\/loesungen\/geokodierung"]}]},{"@type":"BreadcrumbList","@id":"https:\/\/www.egon.com\/de\/loesungen\/geokodierung#breadcrumb","itemListElement":[{"@type":"ListItem","position":1,"name":"Home","item":"https:\/\/www.egon.com\/de"},{"@type":"ListItem","position":2,"name":"L\u00f6sungen","item":"https:\/\/www.egon.com\/de\/loesungen"},{"@type":"ListItem","position":3,"name":"GEOKODIERUNG VON ADRESSEN: EGON SOFTWARE"}]},{"@type":"WebSite","@id":"https:\/\/www.egon.com\/zh\/#website","url":"https:\/\/www.egon.com\/zh\/","name":"Egon","description":"Normalizzazione indirizzi - Address validation - Egon.com","potentialAction":[{"@type":"SearchAction","target":{"@type":"EntryPoint","urlTemplate":"https:\/\/www.egon.com\/zh\/?s={search_term_string}"},"query-input":{"@type":"PropertyValueSpecification","valueRequired":true,"valueName":"search_term_string"}}],"inLanguage":"de"}]}},"_links":{"self":[{"href":"https:\/\/www.egon.com\/de\/wp-json\/wp\/v2\/pages\/8068","targetHints":{"allow":["GET"]}}],"collection":[{"href":"https:\/\/www.egon.com\/de\/wp-json\/wp\/v2\/pages"}],"about":[{"href":"https:\/\/www.egon.com\/de\/wp-json\/wp\/v2\/types\/page"}],"author":[{"embeddable":true,"href":"https:\/\/www.egon.com\/de\/wp-json\/wp\/v2\/users\/1"}],"replies":[{"embeddable":true,"href":"https:\/\/www.egon.com\/de\/wp-json\/wp\/v2\/comments?post=8068"}],"version-history":[{"count":2,"href":"https:\/\/www.egon.com\/de\/wp-json\/wp\/v2\/pages\/8068\/revisions"}],"predecessor-version":[{"id":17906,"href":"https:\/\/www.egon.com\/de\/wp-json\/wp\/v2\/pages\/8068\/revisions\/17906"}],"up":[{"embeddable":true,"href":"https:\/\/www.egon.com\/de\/wp-json\/wp\/v2\/pages\/8039"}],"wp:attachment":[{"href":"https:\/\/www.egon.com\/de\/wp-json\/wp\/v2\/media?parent=8068"}],"curies":[{"name":"wp","href":"https:\/\/api.w.org\/{rel}","templated":true}]}}