{"id":8051,"date":"2017-09-19T11:59:56","date_gmt":"2017-09-19T11:59:56","guid":{"rendered":"https:\/\/egon.com\/?page_id=8051"},"modified":"2022-10-17T09:47:43","modified_gmt":"2022-10-17T09:47:43","slug":"adressprufung","status":"publish","type":"page","link":"https:\/\/www.egon.com\/de\/loesungen\/adressprufung","title":{"rendered":"Europ\u00e4isches und internationales adresspr\u00fcfung software online"},"content":{"rendered":"[vc_row row_h_align=&#8220;grid&#8211;center&#8220; wrapper=&#8220;true&#8220; holder_class=&#8220;u-section-hero-two u-overlapped-hero-padding&#8220; holder_set_margin=&#8220;true&#8220; holder_margin=&#8220;u-margin-bottom-large&#8220;][vc_column row_width=&#8220;_desktop-9&#8243;]<div class=\"c-heading\"><h1 class=\" u-h1 u-text-bolder u-margin-bottom-none u-text-center\">Europ\u00e4isches und internationales adresspr\u00fcfung software online<\/h1><\/div>[vc_column_text txt_align=&#8220;u-text-center&#8220; set_margin=&#8220;true&#8220; margin=&#8220;u-margin-bottom-large&#8220;]Die Validierung von Postanschriften ist eine fundamental wichtige Aufgabe f\u00fcr jedes Unternehmen, das mit gro\u00dfen Datenbanken arbeitet.[\/vc_column_text]<div class=\"c-button-holder c-button-holder--center\"><a class=\"c-button c-button--center u-margin-right u-margin-bottom u-margin-left c-button--primary\" href=\"https:\/\/www.egon.com\/egon-demo\">GRATIS WEB-DEMO<\/a><\/div>[\/vc_column][\/vc_row][vc_row wrapper=&#8220;true&#8220;][vc_column]<div class=\"c-heading\"><h3 class=\" u-text-bolder\">ADRESSPR\u00dcFUNGS-SOFTWARE ONLINE<\/h3><\/div>[vc_column_text]Der Adresspr\u00fcfungsprozess beinhaltet die Analyse und Korrektur falscher oder nicht \u00fcbereinstimmender Angaben in Adressen oder Adressgruppen (z.B. in einer Kunden-\/Lieferantendatenbank). Das Ziel ist es, jede einzelne Adresse auf eine universell lesbare Form zu reduzieren, die von jedem IT-System aus aufgerufen werden kann. Die Pr\u00fcfung europ\u00e4ischer Adressen ist unser Kerngesch\u00e4ft, dar\u00fcberhinaus bieten wir unseren Service jedoch f\u00fcr \u00fcber 250 L\u00e4nder weltweit an, sowohl durch <a href=\"https:\/\/www.egon.com\/de\/einsatzmoeglichkeiten\/batch\">Batch-Adresspr\u00fcfungen<\/a> und <a href=\"https:\/\/www.egon.com\/de\/einsatzmoeglichkeiten\/online\">Online-Dienstleistungen<\/a>.<\/p>\n<p>Egon Software ist f\u00fcr die internationale Adressbest\u00e4tigung verf\u00fcgbar und wurde eigens entwickelt, um diese Vorg\u00e4nge mit Hilfe einer pr\u00e4zisen Validierung falscher oder unvollst\u00e4ndiger Adressen zu automatisieren. Probleme aufgrund von Tippfehlern oder falscher Formatierung geh\u00f6ren, dank des interaktiven Backups unserer Software mit Echtzeit-Funnktionen bei der Dateneingabe durch den Nutzer (einschlie\u00dflich automatischer Erg\u00e4nzung fehlender Postleitzahlen), der Vergangenheit an.[\/vc_column_text][\/vc_column][\/vc_row][vc_row holder_set_margin=&#8220;true&#8220; holder_margin=&#8220;u-margin-bottom-large&#8220;][vc_column]<div class=\"templatera_shortcode\"><div class=\"o-holder u-background-color-one\"><div class=\" o-wrapper\"><div class=\"grid-1 u-deco-globe grid--equalHeight\"><div class=\"col _lap-and-up-8\" ><div class=\"o-holder u-padding-vertical-large\"><div class=\"grid-1\"><div class=\"col _lap-and-up-4\" ><div class=\"c-heading\"><h3 class=\" u-text-color-invert u-text-right\">Testen Sie jetzt unsere Adresspr\u00fcfungssoftware<\/h3><\/div><\/div><div class=\"col _lap-and-up-8\" ><div class=\"c-text-block u-text-color-invert\"><p><span>Adressvalidierung beinhaltet eine Reihe von Techniken,<\/span> mit dem Ziel, archivierte oder in einer einzigen oder mehreren verschiedenen Datenbanken gespeicherte Daten zu verifizieren, zu korrigieren, zu aktualisieren, zu deduplizieren und falls n\u00f6tig zu erweitern.<\/p>\n<p>Egon pr\u00fcft die Richtigkeit Ihrer Informationen sofort. Die Pr\u00fcfung beinhaltet Grammatikfehler (doppelte Buchstaben, Leerzeichen etc.), nicht mehr aktuelle Eintr\u00e4ge, Datenduplikate und die Vervollst\u00e4ndigung von Adressen durch Erg\u00e4nzen fehlender Informationen (PLZ, Bundesland, Provinz, Land etc.)<\/p>\n <\/div><\/div>\n<\/div><\/div><\/div><div class=\"col _lap-and-up-4\" ><div class=\"col_inner u-padding-vertical col_inner--middle\"><div class=\"c-button-holder c-button-holder--center\"><a class=\"c-button u-text-bold c-button--center c-button--white\" href=\"https:\/\/www.egon.com\/egon-demo\">Testen Sie unsere GRATIS ONLINE-DEMO!<\/a><\/div><\/div><\/div>\n<\/div><\/div><\/div><\/div>[\/vc_column][\/vc_row][vc_row wrapper=&#8220;true&#8220;][vc_column]<div class=\"c-heading\"><h3 class=\" u-text-bolder\">ANWENDUNGSFELDER<\/h3><\/div>[\/vc_column][\/vc_row][vc_row wrapper=&#8220;true&#8220;][vc_column width=&#8220;1\/3&#8243;]<div class=\"c-image\"><img loading=\"lazy\" decoding=\"async\" width=\"500\" height=\"472\" src=\"https:\/\/www.egon.com\/wp-content\/uploads\/2017\/09\/adressprufung-online-1.jpg\" class=\" aligncenter\" alt=\"adresspr\u00fcfung online software\" srcset=\"https:\/\/www.egon.com\/wp-content\/uploads\/2017\/09\/adressprufung-online-1.jpg 500w, https:\/\/www.egon.com\/wp-content\/uploads\/2017\/09\/adressprufung-online-1-318x300.jpg 318w\" sizes=\"auto, (max-width: 500px) 100vw, 500px\" \/><\/div>[\/vc_column][vc_column width=&#8220;2\/3&#8243;][vc_column_text]F\u00fcr die Analyse und Pr\u00fcfung von Adressen wurde ein komplexes Regelwerk entwickelt, das auf verschiedenen Faktoren wie Leerzeichen zwischen eingegebenen W\u00f6rtern, der Reihenfolge und weiteren Elementen im Zusammenhang mit unseren Thesaurus-Tabellen basiert, um ein perfektes Ergebnis zu erzielen.<\/p>\n<p>Egon kann reibungslos in jede Art von Anwendung (ERP, betriebsbezogen, CRM etc.) sowie Standard-Softwareumgebungen (SAP, Oracle, Windows etc.) integriert werden, sodas Sie Unternehmenst\u00e4tigkeiten in allen Datenfeldern mit v\u00f6llig neuen pr\u00e4zisen Funktionen steigern k\u00f6nnen.<\/p>\n<p>Es gibt zahlreiche Anwendungsbereiche f\u00fcr eine Adressbest\u00e4tigungssoftware, von der Validierung einzelner Datenbanken \u00fcber den Versand (klassischer Versanddienst f\u00fcr Verk\u00e4ufe), bis zur Abgleichung verschiedener Datenbanken oder Migration von alten zu neuen Systemen.<\/p>\n<p>Egon\u00a0interagiert w\u00e4hrend der Dateneingabe automatisch mit Ihnen, indem es eventuelle Fehler korrigiert, Adressen \u00fcberpr\u00fcft und diese dem offiziellen Format anpasst.<\/p>\n<p>Jedoch bietet Egon dar\u00fcberhinaus noch weitere n\u00fctzliche fortgeschrittene Funktionen, wie beispielsweise die Selbstvervollst\u00e4ndigung in Echtzeit, d.h. Sie m\u00fcssen nur einige der Felder im Eingabeformular ausf\u00fcllen, damit Egon automatisch die restlichen Felder ausf\u00fcllt und so den Vorgang und ihre Arbeit wesentlich leichter macht.[\/vc_column_text][\/vc_column][\/vc_row][vc_row wrapper=&#8220;true&#8220; holder_set_margin=&#8220;true&#8220; holder_margin=&#8220;u-margin-bottom-large&#8220;][vc_column inner_bg_fx=&#8220;u-background-color-six&#8220; set_padding_inner=&#8220;true&#8220; padding_inner=&#8220;u-padding&#8220;][vc_column_text txt_color=&#8220;u-text-color-invert&#8220;]\n<h3>WAS, WENN ICH EINE GRO\u00dfE ANZAHL AN ADRESSEN AUF EINMAL PR\u00dcFEN MUSS?<\/h3>\n<p>Kein Problem! Neben seinen Echtzeit-Funktionen bietet Egon auch einen Batch-Pr\u00fcfungsservice: das System \u00fcbernimmt ganze Datenkbanken oder verschiedene Datenformate (csv, xml etc.) und analysiert und bearbeitet diese, um sie Ihnen vollst\u00e4ndig gepr\u00fcft und dedupliziert zu \u00fcbergeben.[\/vc_column_text]<div class=\"c-button-holder c-button-holder--center\"><a class=\"c-button c-button--center c-button--white  c-button--ghost\" href=\"https:\/\/www.egon.com\/de\/einsatzmoeglichkeiten\/batch\">Mehr erfahren<\/a><\/div>[\/vc_column][\/vc_row][vc_row wrapper=&#8220;true&#8220;][vc_column]<div class=\"c-heading\"><h3 class=\" u-text-bolder\">EUROP\u00c4ISCHES ADRESSPR\u00dcFUNGS-SOFTWARE TOOL, UND DANN?<\/h3><\/div>[vc_column_text]Der Algorithmus, auf dem Egon Software basiert, erm\u00f6glicht auch die Bearbeitung pers\u00f6nlicher Daten (Beispiele f\u00fcr die Validierung pers\u00f6nlicher Daten sind Steuernummer, Ausweisdokumente usw.), einschlie\u00dflich Titeln und verschiedener Arten von Bankangaben, unter R\u00fcckgabe des Outputs in einem universell akzeptierten Standardformat. Es k\u00f6nnen sowohl Datenbanken f\u00fcr nat\u00fcrliche Personen als auch f\u00fcr juristische Personen validiert werden.<\/p>\n<p>Egon garantiert hervorragende Datenbank-Bereinigungsergebnisse, bis hin zur manuellen Korrektur von Eintr\u00e4gen, die vom automatischen Prozess zur\u00fcckgewiesen wurden.<\/p>\n<p>Wir k\u00f6nnen mit unseren qualitativ hochwertigen Diensten eine globale Abdeckung gew\u00e4hrleisten (Adressverifizierung in Europa und international). Unser Unternehmen spezialisiert sich seit Jahren auf Dienstleistungen in den Bereichen europ\u00e4ischer Adresspr\u00fcfung, Deduplikation und Datenqualit\u00e4t. Unser Sitz befindet sich in Verona, Italien (im Herzen der Region Venetien).[\/vc_column_text][\/vc_column][\/vc_row][vc_row][vc_column]<div class=\"templatera_shortcode\"><div class=\"o-holder u-background-ca-one u-padding-vertical-large\"><div class=\" o-wrapper\"><div class=\"grid-1\"><div class=\"col _lap-and-up-12\" ><div class=\"c-heading\"><h3 class=\" u-text-color-invert u-text-center\">ENTDECKEN SIE, WIE UNSERE DATENVERWALTUNGSSOFTWARE IHNEN HELFEN KANN, DAMIT SICH IHR UNTERNEHMEN WEITERENTWICKELN KANN!<\/h3><\/div><div class=\"c-button-holder c-button-holder--center\"><a class=\"c-button u-text-bold c-button--center c-button--white  c-button--ghost\" href=\"https:\/\/www.egon.com\/company\/contact-us\">KONTAKTIEREN SIE UNS<\/a><\/div><\/div>\n<\/div><\/div><\/div>\r\n<\/div>[\/vc_column][\/vc_row]\n","protected":false},"excerpt":{"rendered":"ENTDECKEN SIE, WIE UNSERE DATENVERWALTUNGSSOFTWARE IHNEN HELFEN KANN, DAMIT SICH IHR UNTERNEHMEN WEITERENTWICKELN KANN!KONTAKTIEREN SIE UNS","protected":false},"author":1,"featured_media":0,"parent":8039,"menu_order":0,"comment_status":"closed","ping_status":"closed","template":"templates\/template-fullwidth.php","meta":{"footnotes":""},"class_list":["post-8051","page","type-page","status-publish","hentry"],"yoast_head":"<!-- This site is optimized with the Yoast SEO plugin v26.8 - https:\/\/yoast.com\/product\/yoast-seo-wordpress\/ -->\n<title>Adresspr\u00fcfung Software online \u00fcber das Web: Egon.com<\/title>\n<meta name=\"description\" content=\"Adresspr\u00fcfung online internationaler Postadressen und Erg\u00e4nzung fehlender Daten - EGON: Gratis online Demo!\" \/>\n<meta name=\"robots\" content=\"index, follow, max-snippet:-1, max-image-preview:large, max-video-preview:-1\" \/>\n<link rel=\"canonical\" href=\"https:\/\/www.egon.com\/de\/loesungen\/adressprufung\" \/>\n<meta property=\"og:locale\" content=\"de_DE\" \/>\n<meta property=\"og:type\" content=\"article\" \/>\n<meta property=\"og:title\" content=\"Adresspr\u00fcfung Software online \u00fcber das Web: Egon.com\" \/>\n<meta property=\"og:description\" content=\"Adresspr\u00fcfung online internationaler Postadressen und Erg\u00e4nzung fehlender Daten - EGON: Gratis online Demo!\" \/>\n<meta property=\"og:url\" content=\"https:\/\/www.egon.com\/de\/loesungen\/adressprufung\" \/>\n<meta property=\"og:site_name\" content=\"Egon\" \/>\n<meta property=\"article:modified_time\" content=\"2022-10-17T09:47:43+00:00\" \/>\n<meta name=\"twitter:card\" content=\"summary_large_image\" \/>\n<meta name=\"twitter:label1\" content=\"Gesch\u00e4tzte Lesezeit\" \/>\n\t<meta name=\"twitter:data1\" content=\"3\u00a0Minuten\" \/>\n<script type=\"application\/ld+json\" class=\"yoast-schema-graph\">{\"@context\":\"https:\/\/schema.org\",\"@graph\":[{\"@type\":\"WebPage\",\"@id\":\"https:\/\/www.egon.com\/de\/loesungen\/adressprufung\",\"url\":\"https:\/\/www.egon.com\/de\/loesungen\/adressprufung\",\"name\":\"Adresspr\u00fcfung Software online \u00fcber das Web: Egon.com\",\"isPartOf\":{\"@id\":\"https:\/\/www.egon.com\/zh\/#website\"},\"datePublished\":\"2017-09-19T11:59:56+00:00\",\"dateModified\":\"2022-10-17T09:47:43+00:00\",\"description\":\"Adresspr\u00fcfung online internationaler Postadressen und Erg\u00e4nzung fehlender Daten - EGON: Gratis online Demo!\",\"breadcrumb\":{\"@id\":\"https:\/\/www.egon.com\/de\/loesungen\/adressprufung#breadcrumb\"},\"inLanguage\":\"de\",\"potentialAction\":[{\"@type\":\"ReadAction\",\"target\":[\"https:\/\/www.egon.com\/de\/loesungen\/adressprufung\"]}]},{\"@type\":\"BreadcrumbList\",\"@id\":\"https:\/\/www.egon.com\/de\/loesungen\/adressprufung#breadcrumb\",\"itemListElement\":[{\"@type\":\"ListItem\",\"position\":1,\"name\":\"Home\",\"item\":\"https:\/\/www.egon.com\/de\"},{\"@type\":\"ListItem\",\"position\":2,\"name\":\"L\u00f6sungen\",\"item\":\"https:\/\/www.egon.com\/de\/loesungen\"},{\"@type\":\"ListItem\",\"position\":3,\"name\":\"Europ\u00e4isches und internationales adresspr\u00fcfung software online\"}]},{\"@type\":\"WebSite\",\"@id\":\"https:\/\/www.egon.com\/zh\/#website\",\"url\":\"https:\/\/www.egon.com\/zh\/\",\"name\":\"Egon\",\"description\":\"Normalizzazione indirizzi - Address validation - Egon.com\",\"potentialAction\":[{\"@type\":\"SearchAction\",\"target\":{\"@type\":\"EntryPoint\",\"urlTemplate\":\"https:\/\/www.egon.com\/zh\/?s={search_term_string}\"},\"query-input\":{\"@type\":\"PropertyValueSpecification\",\"valueRequired\":true,\"valueName\":\"search_term_string\"}}],\"inLanguage\":\"de\"}]}<\/script>\n<!-- \/ Yoast SEO plugin. -->","yoast_head_json":{"title":"Adresspr\u00fcfung Software online \u00fcber das Web: Egon.com","description":"Adresspr\u00fcfung online internationaler Postadressen und Erg\u00e4nzung fehlender Daten - EGON: Gratis online Demo!","robots":{"index":"index","follow":"follow","max-snippet":"max-snippet:-1","max-image-preview":"max-image-preview:large","max-video-preview":"max-video-preview:-1"},"canonical":"https:\/\/www.egon.com\/de\/loesungen\/adressprufung","og_locale":"de_DE","og_type":"article","og_title":"Adresspr\u00fcfung Software online \u00fcber das Web: Egon.com","og_description":"Adresspr\u00fcfung online internationaler Postadressen und Erg\u00e4nzung fehlender Daten - EGON: Gratis online Demo!","og_url":"https:\/\/www.egon.com\/de\/loesungen\/adressprufung","og_site_name":"Egon","article_modified_time":"2022-10-17T09:47:43+00:00","twitter_card":"summary_large_image","twitter_misc":{"Gesch\u00e4tzte Lesezeit":"3\u00a0Minuten"},"schema":{"@context":"https:\/\/schema.org","@graph":[{"@type":"WebPage","@id":"https:\/\/www.egon.com\/de\/loesungen\/adressprufung","url":"https:\/\/www.egon.com\/de\/loesungen\/adressprufung","name":"Adresspr\u00fcfung Software online \u00fcber das Web: Egon.com","isPartOf":{"@id":"https:\/\/www.egon.com\/zh\/#website"},"datePublished":"2017-09-19T11:59:56+00:00","dateModified":"2022-10-17T09:47:43+00:00","description":"Adresspr\u00fcfung online internationaler Postadressen und Erg\u00e4nzung fehlender Daten - EGON: Gratis online Demo!","breadcrumb":{"@id":"https:\/\/www.egon.com\/de\/loesungen\/adressprufung#breadcrumb"},"inLanguage":"de","potentialAction":[{"@type":"ReadAction","target":["https:\/\/www.egon.com\/de\/loesungen\/adressprufung"]}]},{"@type":"BreadcrumbList","@id":"https:\/\/www.egon.com\/de\/loesungen\/adressprufung#breadcrumb","itemListElement":[{"@type":"ListItem","position":1,"name":"Home","item":"https:\/\/www.egon.com\/de"},{"@type":"ListItem","position":2,"name":"L\u00f6sungen","item":"https:\/\/www.egon.com\/de\/loesungen"},{"@type":"ListItem","position":3,"name":"Europ\u00e4isches und internationales adresspr\u00fcfung software online"}]},{"@type":"WebSite","@id":"https:\/\/www.egon.com\/zh\/#website","url":"https:\/\/www.egon.com\/zh\/","name":"Egon","description":"Normalizzazione indirizzi - Address validation - Egon.com","potentialAction":[{"@type":"SearchAction","target":{"@type":"EntryPoint","urlTemplate":"https:\/\/www.egon.com\/zh\/?s={search_term_string}"},"query-input":{"@type":"PropertyValueSpecification","valueRequired":true,"valueName":"search_term_string"}}],"inLanguage":"de"}]}},"_links":{"self":[{"href":"https:\/\/www.egon.com\/de\/wp-json\/wp\/v2\/pages\/8051","targetHints":{"allow":["GET"]}}],"collection":[{"href":"https:\/\/www.egon.com\/de\/wp-json\/wp\/v2\/pages"}],"about":[{"href":"https:\/\/www.egon.com\/de\/wp-json\/wp\/v2\/types\/page"}],"author":[{"embeddable":true,"href":"https:\/\/www.egon.com\/de\/wp-json\/wp\/v2\/users\/1"}],"replies":[{"embeddable":true,"href":"https:\/\/www.egon.com\/de\/wp-json\/wp\/v2\/comments?post=8051"}],"version-history":[{"count":3,"href":"https:\/\/www.egon.com\/de\/wp-json\/wp\/v2\/pages\/8051\/revisions"}],"predecessor-version":[{"id":19518,"href":"https:\/\/www.egon.com\/de\/wp-json\/wp\/v2\/pages\/8051\/revisions\/19518"}],"up":[{"embeddable":true,"href":"https:\/\/www.egon.com\/de\/wp-json\/wp\/v2\/pages\/8039"}],"wp:attachment":[{"href":"https:\/\/www.egon.com\/de\/wp-json\/wp\/v2\/media?parent=8051"}],"curies":[{"name":"wp","href":"https:\/\/api.w.org\/{rel}","templated":true}]}}