{"id":17119,"date":"2019-04-19T11:44:59","date_gmt":"2019-04-19T11:44:59","guid":{"rendered":"https:\/\/www.egon.com\/?page_id=17119"},"modified":"2019-04-19T11:44:59","modified_gmt":"2019-04-19T11:44:59","slug":"der-markt","status":"publish","type":"page","link":"https:\/\/www.egon.com\/de\/unternehmen\/der-markt","title":{"rendered":"Der Markt"},"content":{"rendered":"<p>Jedes Unternehmen oder jede Beh\u00f6rde, die im Besitz einer Datenbank mit personenbezogenen Daten ist, braucht ein Zertifizierungs- und Normalisierungsinstrument der Informationen. <\/p>\n<h3>UTILITIES<\/h3>\n<p>Unsere L\u00f6sungen werden in den folgenden Bereichen genutzt: Management von Kundendatenbanken, Marketing, CRM, Data-Warehouse, Geomarketing, Management von Mailinglisten, Management von Kampagnen, Management des Vertriebsnetzes, Nutzer-Management, Kundenservice, St\u00f6rungsmeldedienst, Management Erfassungsbereich.<\/p>\n<h3>BANKEN<\/h3>\n<p>Unsere L\u00f6sungen werden in den folgenden Bereichen genutzt: Verwaltungsb\u00fcro Stammdaten, Marketing, CRM, Warehouse, Geomarketing, Management von Mailinglisten, Management des Vertriebsnetzes (Filialen), \u00dcberweisungen, Gewerbeportfolio, Offshore, Finanzberichte, Risikomanagement, Call Center, Home Banking, Online-Trading.<\/p>\n<h3>VERSICHERUNGEN<\/h3>\n<p>Unsere L\u00f6sungen werden in den folgenden Bereichen genutzt: Verwaltungsb\u00fcro Stammdaten, Marketing, CRM, Warehouse, Geomarketing, Management von Mailinglisten, Management des Vertriebsnetzes (Agenturen), Management von Finanzberatern, Lebens-Portfolio, Schadens-Portfolio, Schadensf\u00e4lle, Risikomanagement, Call Center, Online-Insurance.<\/p>\n<h3>FINANZEN<\/h3>\n<p>Unsere L\u00f6sungen werden in den folgenden Bereichen genutzt: Verwaltungsb\u00fcro Stammdaten, Marketing, CRM, Data-Warehouse, Geomarketing, Management von Mailinglisten, Management von Finanzberatern, Management von Finanz-Boutiquen, Risikomanagement, Call Center, Web-Dienste, Online-Trading.<\/p>\n<h3>GROSSE HANDELSKETTEN<\/h3>\n<p>Unsere L\u00f6sungen werden in den folgenden Bereichen genutzt: Management von Kundendatenbanken, Management von Mailinglisten, Marketing, CRM, Data-Warehouse, Geomarketing, Management der Verkaufsstellen, Management von Treuekarten \/ Kundenkarten, Management der Treuepunkte. <\/p>\n<h3>INDUSTRIE<\/h3>\n<p>Unsere L\u00f6sungen werden in den folgenden Bereichen genutzt: Management von Kundendatenbanken, Management von Mailinglisten, Marketing, CRM, Data-Warehouse, Geomarketing, Management des Vertriebsnetzes (Gro\u00dfh\u00e4ndler und \/ oder Gesch\u00e4fte), Garantie-Management.<\/p>\n<h3>AUTOINDUSTRIE<\/h3>\n<p>Unsere L\u00f6sungen werden in den folgenden Bereichen genutzt: Management CIDB, Management von Mailinglisten, Marketing, CRM, Data-Warehouse, Geomarketing, Management der Vertragsh\u00e4ndler, Legacy, Garantie-Management.<\/p>\n<h3>\u00d6FFENTLICHE VERWALTUNG<\/h3>\n<p>Unsere L\u00f6sungen werden in den folgenden Bereichen genutzt: Datenqualit\u00e4t, Adressbuchverwaltung, Verwaltung von Unterlagen, Data-Warehouse, Verbindung unter Beh\u00f6rden, Statistik, Gesundheitswesen, Transporte, Gemeindesteuern, Steuererhebung, Katasteramt, Dienstleistungen f\u00fcr den B\u00fcrger, Bildung, Sicherheit.<\/p>\n<h3>TELEKOMMUNIKATION<\/h3>\n<p>Unsere L\u00f6sungen werden in den folgenden Bereichen genutzt: Management von Kundendatenbanken, Marketing, CRM, Data-Warehouse, Geomarketing, Management von Mailinglisten, Management von Kampagnen, Management des Vertriebsnetzes (Einzelh\u00e4ndler \/ Gesch\u00e4fte), Abonnements, Kundenservice, St\u00f6rungsmeldedienst.<\/p>\n<h3>VERLAGSWESEN<\/h3>\n<p>Unsere L\u00f6sungen werden in den folgenden Bereichen genutzt: Management von Kundendatenbanken, Marketing, Direct Marketing, CRM, Data-Warehouse, Geomarketing, Management von Mailinglisten, Management von Kampagnen, Management des Vertriebsnetzes (Einzelh\u00e4ndler \/ Gesch\u00e4fte), Abonnements, ERP, Postversand.<\/p>\n<h3>VEREINE<\/h3>\n<p>Unsere L\u00f6sungen werden in den folgenden Bereichen genutzt: Verwaltung von Datenbanken von Mitgliedern, Management von Mailinglisten, Marketing, CRM, Data-Warehouse, Geomarketing, Verwaltung der Mitgliedschaften, Management von Kampagnen, Postversand.<\/p>\n<h3>VERSANDHANDEL<\/h3>\n<p>Unsere L\u00f6sungen werden in den folgenden Bereichen genutzt: Management von Kundendatenbanken, Management von Mailinglisten, Marketing, CRM, Data-Warehouse, Geomarketing, Management von Kampagnen, Postversand.<\/p>\n<h3>DIENSTLEISTUNGEN<\/h3>\n<p>Unsere L\u00f6sungen werden in den folgenden Bereichen genutzt: Management von Kundendatenbanken, Marketing, Direct Marketing, CRM, Data-Warehouse, Geomarketing, Management von Mailinglisten, Management von Kampagnen, Management des Vertriebsnetzes, Web-Service, Risikokontrolle, Qualit\u00e4tskontrolle der Daten.<\/p>\n","protected":false},"excerpt":{"rendered":"<p>Jedes Unternehmen oder jede Beh\u00f6rde, die im Besitz einer Datenbank mit personenbezogenen Daten ist, braucht ein Zertifizierungs- und Normalisierungsinstrument der Informationen. UTILITIES [&hellip;]<\/p>\n","protected":false},"author":1,"featured_media":0,"parent":8268,"menu_order":0,"comment_status":"closed","ping_status":"closed","template":"","meta":{"footnotes":""},"class_list":["post-17119","page","type-page","status-publish","hentry"],"yoast_head":"<!-- This site is optimized with the Yoast SEO plugin v26.8 - https:\/\/yoast.com\/product\/yoast-seo-wordpress\/ -->\n<title>Der Markt - Egon<\/title>\n<meta name=\"robots\" content=\"index, follow, max-snippet:-1, max-image-preview:large, max-video-preview:-1\" \/>\n<link rel=\"canonical\" href=\"https:\/\/www.egon.com\/de\/unternehmen\/der-markt\" \/>\n<meta property=\"og:locale\" content=\"de_DE\" \/>\n<meta property=\"og:type\" content=\"article\" \/>\n<meta property=\"og:title\" content=\"Der Markt - Egon\" \/>\n<meta property=\"og:description\" content=\"Jedes Unternehmen oder jede Beh\u00f6rde, die im Besitz einer Datenbank mit personenbezogenen Daten ist, braucht ein Zertifizierungs- und Normalisierungsinstrument der Informationen. UTILITIES [&hellip;]\" \/>\n<meta property=\"og:url\" content=\"https:\/\/www.egon.com\/de\/unternehmen\/der-markt\" \/>\n<meta property=\"og:site_name\" content=\"Egon\" \/>\n<meta name=\"twitter:card\" content=\"summary_large_image\" \/>\n<meta name=\"twitter:label1\" content=\"Gesch\u00e4tzte Lesezeit\" \/>\n\t<meta name=\"twitter:data1\" content=\"2\u00a0Minuten\" \/>\n<script type=\"application\/ld+json\" class=\"yoast-schema-graph\">{\"@context\":\"https:\/\/schema.org\",\"@graph\":[{\"@type\":\"WebPage\",\"@id\":\"https:\/\/www.egon.com\/de\/unternehmen\/der-markt\",\"url\":\"https:\/\/www.egon.com\/de\/unternehmen\/der-markt\",\"name\":\"Der Markt - Egon\",\"isPartOf\":{\"@id\":\"https:\/\/www.egon.com\/zh\/#website\"},\"datePublished\":\"2019-04-19T11:44:59+00:00\",\"breadcrumb\":{\"@id\":\"https:\/\/www.egon.com\/de\/unternehmen\/der-markt#breadcrumb\"},\"inLanguage\":\"de\",\"potentialAction\":[{\"@type\":\"ReadAction\",\"target\":[\"https:\/\/www.egon.com\/de\/unternehmen\/der-markt\"]}]},{\"@type\":\"BreadcrumbList\",\"@id\":\"https:\/\/www.egon.com\/de\/unternehmen\/der-markt#breadcrumb\",\"itemListElement\":[{\"@type\":\"ListItem\",\"position\":1,\"name\":\"Home\",\"item\":\"https:\/\/www.egon.com\/de\"},{\"@type\":\"ListItem\",\"position\":2,\"name\":\"Company\",\"item\":\"https:\/\/www.egon.com\/de\/unternehmen\"},{\"@type\":\"ListItem\",\"position\":3,\"name\":\"Der Markt\"}]},{\"@type\":\"WebSite\",\"@id\":\"https:\/\/www.egon.com\/zh\/#website\",\"url\":\"https:\/\/www.egon.com\/zh\/\",\"name\":\"Egon\",\"description\":\"Normalizzazione indirizzi - Address validation - Egon.com\",\"potentialAction\":[{\"@type\":\"SearchAction\",\"target\":{\"@type\":\"EntryPoint\",\"urlTemplate\":\"https:\/\/www.egon.com\/zh\/?s={search_term_string}\"},\"query-input\":{\"@type\":\"PropertyValueSpecification\",\"valueRequired\":true,\"valueName\":\"search_term_string\"}}],\"inLanguage\":\"de\"}]}<\/script>\n<!-- \/ Yoast SEO plugin. -->","yoast_head_json":{"title":"Der Markt - Egon","robots":{"index":"index","follow":"follow","max-snippet":"max-snippet:-1","max-image-preview":"max-image-preview:large","max-video-preview":"max-video-preview:-1"},"canonical":"https:\/\/www.egon.com\/de\/unternehmen\/der-markt","og_locale":"de_DE","og_type":"article","og_title":"Der Markt - Egon","og_description":"Jedes Unternehmen oder jede Beh\u00f6rde, die im Besitz einer Datenbank mit personenbezogenen Daten ist, braucht ein Zertifizierungs- und Normalisierungsinstrument der Informationen. UTILITIES [&hellip;]","og_url":"https:\/\/www.egon.com\/de\/unternehmen\/der-markt","og_site_name":"Egon","twitter_card":"summary_large_image","twitter_misc":{"Gesch\u00e4tzte Lesezeit":"2\u00a0Minuten"},"schema":{"@context":"https:\/\/schema.org","@graph":[{"@type":"WebPage","@id":"https:\/\/www.egon.com\/de\/unternehmen\/der-markt","url":"https:\/\/www.egon.com\/de\/unternehmen\/der-markt","name":"Der Markt - Egon","isPartOf":{"@id":"https:\/\/www.egon.com\/zh\/#website"},"datePublished":"2019-04-19T11:44:59+00:00","breadcrumb":{"@id":"https:\/\/www.egon.com\/de\/unternehmen\/der-markt#breadcrumb"},"inLanguage":"de","potentialAction":[{"@type":"ReadAction","target":["https:\/\/www.egon.com\/de\/unternehmen\/der-markt"]}]},{"@type":"BreadcrumbList","@id":"https:\/\/www.egon.com\/de\/unternehmen\/der-markt#breadcrumb","itemListElement":[{"@type":"ListItem","position":1,"name":"Home","item":"https:\/\/www.egon.com\/de"},{"@type":"ListItem","position":2,"name":"Company","item":"https:\/\/www.egon.com\/de\/unternehmen"},{"@type":"ListItem","position":3,"name":"Der Markt"}]},{"@type":"WebSite","@id":"https:\/\/www.egon.com\/zh\/#website","url":"https:\/\/www.egon.com\/zh\/","name":"Egon","description":"Normalizzazione indirizzi - Address validation - Egon.com","potentialAction":[{"@type":"SearchAction","target":{"@type":"EntryPoint","urlTemplate":"https:\/\/www.egon.com\/zh\/?s={search_term_string}"},"query-input":{"@type":"PropertyValueSpecification","valueRequired":true,"valueName":"search_term_string"}}],"inLanguage":"de"}]}},"_links":{"self":[{"href":"https:\/\/www.egon.com\/de\/wp-json\/wp\/v2\/pages\/17119","targetHints":{"allow":["GET"]}}],"collection":[{"href":"https:\/\/www.egon.com\/de\/wp-json\/wp\/v2\/pages"}],"about":[{"href":"https:\/\/www.egon.com\/de\/wp-json\/wp\/v2\/types\/page"}],"author":[{"embeddable":true,"href":"https:\/\/www.egon.com\/de\/wp-json\/wp\/v2\/users\/1"}],"replies":[{"embeddable":true,"href":"https:\/\/www.egon.com\/de\/wp-json\/wp\/v2\/comments?post=17119"}],"version-history":[{"count":0,"href":"https:\/\/www.egon.com\/de\/wp-json\/wp\/v2\/pages\/17119\/revisions"}],"up":[{"embeddable":true,"href":"https:\/\/www.egon.com\/de\/wp-json\/wp\/v2\/pages\/8268"}],"wp:attachment":[{"href":"https:\/\/www.egon.com\/de\/wp-json\/wp\/v2\/media?parent=17119"}],"curies":[{"name":"wp","href":"https:\/\/api.w.org\/{rel}","templated":true}]}}